{"id":3783,"date":"2026-02-10T14:08:49","date_gmt":"2026-02-10T14:08:49","guid":{"rendered":"https:\/\/ccpem.org.br\/2026\/?page_id=3783"},"modified":"2026-02-10T14:24:14","modified_gmt":"2026-02-10T14:24:14","slug":"hospedagem","status":"publish","type":"page","link":"https:\/\/ccpem.org.br\/2026\/hospedagem\/","title":{"rendered":"Hospedagem"},"content":{"rendered":"\t\t<div data-elementor-type=\"wp-page\" data-elementor-id=\"3783\" class=\"elementor elementor-3783\" data-elementor-post-type=\"page\">\n\t\t\t\t<div class=\"elementor-element elementor-element-3161c14 e-con-full e-flex e-con e-parent\" data-id=\"3161c14\" data-element_type=\"container\">\n\t\t\t\t<div class=\"elementor-element elementor-element-1c4362f elementor--h-position-center elementor--v-position-middle elementor-widget elementor-widget-slides\" data-id=\"1c4362f\" data-element_type=\"widget\" data-settings=\"{&quot;navigation&quot;:&quot;none&quot;,&quot;transition&quot;:&quot;slide&quot;,&quot;transition_speed&quot;:500}\" data-widget_type=\"slides.default\">\n\t\t\t\t\t\t\t\t\t\t<div class=\"elementor-slides-wrapper elementor-main-swiper swiper\" role=\"region\" aria-roledescription=\"carousel\" aria-label=\"Slides\" dir=\"ltr\" data-animation=\"zoomIn\">\n\t\t\t\t<div class=\"swiper-wrapper elementor-slides\">\n\t\t\t\t\t\t\t\t\t\t<div class=\"elementor-repeater-item-4c17dfd swiper-slide\" role=\"group\" aria-roledescription=\"slide\"><div class=\"swiper-slide-bg\" role=\"img\" aria-label=\"15CCPEM_img_Bg\"><\/div><div class=\"elementor-background-overlay\"><\/div><div class=\"swiper-slide-inner\" ><div class=\"swiper-slide-contents\"><div class=\"elementor-slide-heading\">HOSPEDAGEM<\/div><\/div><\/div><\/div>\t\t\t\t<\/div>\n\t\t\t\t\t\t\t<\/div>\n\t\t\t\t\t\t\t\t<\/div>\n\t\t\t\t<\/div>\n\t\t<div class=\"elementor-element elementor-element-02fa868 e-flex e-con-boxed e-con e-parent\" data-id=\"02fa868\" data-element_type=\"container\">\n\t\t\t\t\t<div class=\"e-con-inner\">\n\t\t\t\t<div class=\"elementor-element elementor-element-d361ef4 elementor-widget elementor-widget-text-editor\" data-id=\"d361ef4\" data-element_type=\"widget\" data-widget_type=\"text-editor.default\">\n\t\t\t\t\t\t\t\t\t<div class=\"elementor-widget-container\"><div class=\"elementor-divider\"><h5><strong>OLINDA HOTEL E EVENTOS<\/strong><\/h5><p><br \/><strong>Hor\u00e1rio de funcionamento:<\/strong><br \/>&#8211; Todos os dias, 24 horas.<\/p><p><strong><br \/>Tarif\u00e1rio:<\/strong><br \/>&#8211; Individual: R$185,00<br \/>&#8211; Duplo: R$290,00<br \/>&#8211; Triplo: R$363,00<br \/>&#8211; Su\u00edte com Hidromassagem (para 02 pessoas): R$438,00<br \/><br \/><span class=\"elementor-icon-list-text\"><strong>PROMOCODE:<\/strong> <br \/>OLINDA2026<\/span><\/p><p><br \/><strong>Endere\u00e7o:<\/strong><br \/>&#8211; Rodovia PR 182, s\/n &#8211; Independ\u00eancia, Toledo &#8211; PR, 85906-300<\/p><p><br \/><strong>Informa\u00e7\u00e3o de Contato:<\/strong><br \/>&#8211; E-mail: reservas@olindahoteleventos.com.br<br \/>&#8211; Telefone: +55 (45) 3278-5050<br \/>&#8211; Whatsapp: +55 (45) 99153-3720<\/p><\/div><\/div>\t\t\t\t\t\t\t\t<\/div>\n\t\t\t\t<div class=\"elementor-element elementor-element-37dafc9 elementor-widget elementor-widget-spacer\" data-id=\"37dafc9\" data-element_type=\"widget\" data-widget_type=\"spacer.default\">\n\t\t\t\t\t\t\t<div class=\"elementor-spacer\">\n\t\t\t<div class=\"elementor-spacer-inner\"><\/div>\n\t\t<\/div>\n\t\t\t\t\t\t<\/div>\n\t\t\t\t<div class=\"elementor-element elementor-element-9af917a elementor-widget elementor-widget-spacer\" data-id=\"9af917a\" data-element_type=\"widget\" data-widget_type=\"spacer.default\">\n\t\t\t\t\t\t\t<div class=\"elementor-spacer\">\n\t\t\t<div class=\"elementor-spacer-inner\"><\/div>\n\t\t<\/div>\n\t\t\t\t\t\t<\/div>\n\t\t\t\t\t<\/div>\n\t\t\t\t<\/div>\n\t\t\t\t<\/div>\n\t\t","protected":false},"excerpt":{"rendered":"<p>HOSPEDAGEM OLINDA HOTEL E EVENTOS Hor\u00e1rio de funcionamento:&#8211; Todos os dias, 24 horas. Tarif\u00e1rio:&#8211; Individual: R$185,00&#8211; Duplo: R$290,00&#8211; Triplo: R$363,00&#8211; Su\u00edte com Hidromassagem (para 02 pessoas): R$438,00 PROMOCODE: OLINDA2026 Endere\u00e7o:&#8211; Rodovia PR 182, s\/n &#8211; Independ\u00eancia, Toledo &#8211; PR, 85906-300 Informa\u00e7\u00e3o de Contato:&#8211; E-mail: reservas@olindahoteleventos.com.br&#8211; Telefone: +55 (45) 3278-5050&#8211; Whatsapp: +55 (45) 99153-3720<\/p>\n","protected":false},"author":3,"featured_media":0,"parent":0,"menu_order":1,"comment_status":"closed","ping_status":"closed","template":"","meta":{"footnotes":""},"class_list":["post-3783","page","type-page","status-publish","hentry"],"_links":{"self":[{"href":"https:\/\/ccpem.org.br\/2026\/wp-json\/wp\/v2\/pages\/3783","targetHints":{"allow":["GET"]}}],"collection":[{"href":"https:\/\/ccpem.org.br\/2026\/wp-json\/wp\/v2\/pages"}],"about":[{"href":"https:\/\/ccpem.org.br\/2026\/wp-json\/wp\/v2\/types\/page"}],"author":[{"embeddable":true,"href":"https:\/\/ccpem.org.br\/2026\/wp-json\/wp\/v2\/users\/3"}],"replies":[{"embeddable":true,"href":"https:\/\/ccpem.org.br\/2026\/wp-json\/wp\/v2\/comments?post=3783"}],"version-history":[{"count":7,"href":"https:\/\/ccpem.org.br\/2026\/wp-json\/wp\/v2\/pages\/3783\/revisions"}],"predecessor-version":[{"id":3790,"href":"https:\/\/ccpem.org.br\/2026\/wp-json\/wp\/v2\/pages\/3783\/revisions\/3790"}],"wp:attachment":[{"href":"https:\/\/ccpem.org.br\/2026\/wp-json\/wp\/v2\/media?parent=3783"}],"curies":[{"name":"wp","href":"https:\/\/api.w.org\/{rel}","templated":true}]}}