{"id":3693,"date":"2026-01-21T14:29:35","date_gmt":"2026-01-21T14:29:35","guid":{"rendered":"https:\/\/ccpem.org.br\/2026\/?page_id=3693"},"modified":"2026-02-27T14:11:44","modified_gmt":"2026-02-27T14:11:44","slug":"acoes-afirmativas","status":"publish","type":"page","link":"https:\/\/ccpem.org.br\/2026\/acoes-afirmativas\/","title":{"rendered":"A\u00e7\u00f5es Afirmativas"},"content":{"rendered":"\t\t<div data-elementor-type=\"wp-page\" data-elementor-id=\"3693\" class=\"elementor elementor-3693\" data-elementor-post-type=\"page\">\n\t\t\t\t<div class=\"elementor-element elementor-element-3161c14 e-con-full e-flex e-con e-parent\" data-id=\"3161c14\" data-element_type=\"container\">\n\t\t\t\t<div class=\"elementor-element elementor-element-1c4362f elementor--h-position-center elementor--v-position-middle elementor-widget elementor-widget-slides\" data-id=\"1c4362f\" data-element_type=\"widget\" data-settings=\"{&quot;navigation&quot;:&quot;none&quot;,&quot;transition&quot;:&quot;slide&quot;,&quot;transition_speed&quot;:500}\" data-widget_type=\"slides.default\">\n\t\t\t\t\t\t\t\t\t\t<div class=\"elementor-slides-wrapper elementor-main-swiper swiper\" role=\"region\" aria-roledescription=\"carousel\" aria-label=\"Slides\" dir=\"ltr\" data-animation=\"zoomIn\">\n\t\t\t\t<div class=\"swiper-wrapper elementor-slides\">\n\t\t\t\t\t\t\t\t\t\t<div class=\"elementor-repeater-item-5d765f2 swiper-slide\" role=\"group\" aria-roledescription=\"slide\"><div class=\"swiper-slide-bg\" role=\"img\" aria-label=\"15CCPEM_img_Bg\"><\/div><div class=\"elementor-background-overlay\"><\/div><div class=\"swiper-slide-inner\" ><div class=\"swiper-slide-contents\"><div class=\"elementor-slide-heading\">A\u00c7\u00d5ES AFIRMATIVAS<\/div><\/div><\/div><\/div>\t\t\t\t<\/div>\n\t\t\t\t\t\t\t<\/div>\n\t\t\t\t\t\t\t\t<\/div>\n\t\t\t\t<\/div>\n\t\t<div class=\"elementor-element elementor-element-02fa868 e-con-full e-flex e-con e-parent\" data-id=\"02fa868\" data-element_type=\"container\">\n\t\t\t\t<div class=\"elementor-element elementor-element-d361ef4 elementor-widget elementor-widget-text-editor\" data-id=\"d361ef4\" data-element_type=\"widget\" data-widget_type=\"text-editor.default\">\n\t\t\t\t\t\t\t\t\t<h6 style=\"text-align: center;\"><strong>RESULTADO | EDITAL DE A\u00c7\u00d5ES AFIRMATIVAS<br \/><\/strong><\/h6>\t\t\t\t\t\t\t\t<\/div>\n\t\t\t\t<div class=\"elementor-element elementor-element-4e3e78c elementor-align-center elementor-widget elementor-widget-button\" data-id=\"4e3e78c\" data-element_type=\"widget\" data-widget_type=\"button.default\">\n\t\t\t\t\t\t\t\t\t\t<a class=\"elementor-button elementor-button-link elementor-size-sm\" href=\"https:\/\/ccpem.org.br\/2026\/wp-content\/uploads\/2026\/02\/15CCPEM_Contemplados_Acoes_Afirmativas.pdf\" target=\"_blank\">\n\t\t\t\t\t\t<span class=\"elementor-button-content-wrapper\">\n\t\t\t\t\t\t<span class=\"elementor-button-icon\">\n\t\t\t\t<svg aria-hidden=\"true\" class=\"e-font-icon-svg e-fas-mouse-pointer\" viewBox=\"0 0 320 512\" xmlns=\"http:\/\/www.w3.org\/2000\/svg\"><path d=\"M302.189 329.126H196.105l55.831 135.993c3.889 9.428-.555 19.999-9.444 23.999l-49.165 21.427c-9.165 4-19.443-.571-23.332-9.714l-53.053-129.136-86.664 89.138C18.729 472.71 0 463.554 0 447.977V18.299C0 1.899 19.921-6.096 30.277 5.443l284.412 292.542c11.472 11.179 3.007 31.141-12.5 31.141z\"><\/path><\/svg>\t\t\t<\/span>\n\t\t\t\t\t\t\t\t\t<span class=\"elementor-button-text\">CONSULTAR<\/span>\n\t\t\t\t\t<\/span>\n\t\t\t\t\t<\/a>\n\t\t\t\t\t\t\t\t<\/div>\n\t\t\t\t<div class=\"elementor-element elementor-element-cd299ad elementor-widget-divider--view-line elementor-widget elementor-widget-divider\" data-id=\"cd299ad\" data-element_type=\"widget\" data-widget_type=\"divider.default\">\n\t\t\t\t\t\t\t<div class=\"elementor-divider\">\n\t\t\t<span class=\"elementor-divider-separator\">\n\t\t\t\t\t\t<\/span>\n\t\t<\/div>\n\t\t\t\t\t\t<\/div>\n\t\t\t\t<div class=\"elementor-element elementor-element-420f350 elementor-widget elementor-widget-text-editor\" data-id=\"420f350\" data-element_type=\"widget\" data-widget_type=\"text-editor.default\">\n\t\t\t\t\t\t\t\t\t<p style=\"text-align: center;\"><strong>EDITAL PARA A PROPOSI\u00c7\u00c3O DE A\u00c7\u00d5ES AFIRMATIVAS PARA INSCRI\u00c7\u00d5ES<br \/><\/strong>15\u00ba CONGRESSO CATARINENSE E PARANAENSE DE EDUCA\u00c7\u00c3O M\u00c9DICA (CCPEM)<\/p><p><strong>\u00a0<\/strong><\/p><p><strong>1.DO EVENTO<\/strong><\/p><p><strong>1.1.<\/strong>As regras a seguir dizem respeito a a\u00e7\u00f5es afirmativas para inscri\u00e7\u00f5es no <strong>1<\/strong><strong>5.\u00ba Congresso Catarinense e Paranaense de Educa\u00e7\u00e3o M\u00e9dica (15\u00ba CCPEM)<\/strong>, que ocorrer\u00e1 nos dias <strong>24\/04\/2026 a 25\/04\/2026<\/strong>, em Toledo-PR.<\/p><p><strong>1.2.<\/strong>A realiza\u00e7\u00e3o do edital de a\u00e7\u00f5es afirmativas tem por objetivo criar oportunidade para que estudantes se inscrevam com isen\u00e7\u00e3o de taxa de inscri\u00e7\u00e3o no <strong>1<\/strong><strong>5\u00ba CCPEM<\/strong>. Diante das desigualdades que historicamente organizaram nossa sociedade, o edital buscar\u00e1 ter no horizonte o combate a essas quest\u00f5es estruturantes, objetivando um congresso mais representativo e plural.<\/p><p><strong><br \/>2. DAS VAGAS<\/strong><\/p><p><strong>2.1.<\/strong>Ser\u00e3o disponibilizadas <strong>30 (trinta) vagas <\/strong>exclusivamente para estudantes da <strong>Regional Sul II da ABEM <\/strong>que ingressaram nos Cursos de Medicina por pol\u00edticas de a\u00e7\u00f5es afirmativas. As vagas ser\u00e3o divididas igualmente entre dois grupos.<\/p><p><strong>2.2.<\/strong>Metade das vagas, ou seja, <strong>15 (quinze) vagas <\/strong>ser\u00e3o disponibilizadas para o <strong>GRUPO 1<\/strong>, que contemplar\u00e1 estudantes que ingressaram nos cursos de medicina atrav\u00e9s de pol\u00edticas de a\u00e7\u00f5es afirmativas com <strong>RENDA DE AT\u00c9 1,5 SAL\u00c1RIO- M\u00cdNIMO<\/strong>.<\/p><p><strong>2.3.<\/strong>Metade das vagas, ou seja, <strong>15 (quinze) vagas <\/strong>ser\u00e3o disponibilizadas para o <strong>GRUPO 2, <\/strong>que contemplar\u00e1 estudantes que ingressaram nos cursos de medicina atrav\u00e9s de pol\u00edticas de a\u00e7\u00f5es afirmativas com <strong>RENDA SUPERIOR A 1,5 SAL\u00c1RIO- M\u00cdNIMO <\/strong>e \/ou <strong>VAGAS SUPLEMENTARES: IND\u00cdGENAS E QUILOMBOLAS<\/strong>.<\/p><p><strong>2.4.<\/strong>As vagas contemplam estudantes de medicina devidamente matriculados em Institui\u00e7\u00e3o de Ensino Superior (IES) autorizadas pelo Minist\u00e9rio da Educa\u00e7\u00e3o.<\/p><p><strong>2.5.<\/strong>O estudante contemplado com uma das vagas deste edital ter\u00e1 sua inscri\u00e7\u00e3o realizada no <strong>1<\/strong><strong>5\u00baCCPEM <\/strong>com <strong>isen\u00e7\u00e3o da taxa de inscri\u00e7\u00e3<\/strong><strong>o<\/strong><\/p><p><strong><br \/>3.DA INSCRI\u00c7\u00c3O<\/strong><\/p><p><strong>3.1.<\/strong>O candidato dever\u00e1 se inscrever no Edital atrav\u00e9s do preenchimento do link: [<a href=\"https:\/\/forms.gle\/2GCUZDzk7US6UtWw6\">https:\/\/forms.gle\/2GCUZDzk7US6UtWw6<\/a>]<\/p><p><strong>3.2.<\/strong>N\u00e3o ser\u00e3o aceitas inscri\u00e7\u00f5es realizadas ou solicitadas por qualquer outro meio que n\u00e3o o especificado no Item 3.1.<\/p><p><strong>3.3.<\/strong>A inscri\u00e7\u00e3o dos candidatos neste edital se encerrar\u00e1 no dia <strong>21\/02\/2026 <\/strong>\u00e0s 23h59 (hor\u00e1rio de Bras\u00edlia).<\/p><p><strong>3.4.<\/strong>O presente Edital contemplar\u00e1 apenas candidatos que ainda n\u00e3o tenham efetivado o pagamento de sua inscri\u00e7\u00e3o no CCPEM at\u00e9 o momento da apura\u00e7\u00e3o dos resultados.<\/p><p><strong>3.5.<\/strong>Os candidatos que se inscreverem no Edital e j\u00e1 tiverem efetuado o pagamento de suas inscri\u00e7\u00f5es ser\u00e3o desclassificados, haja visto n\u00e3o estar previsto reembolso do valor de inscri\u00e7\u00e3o.<\/p><p><strong><br \/>4.DA SELE\u00c7\u00c3O<\/strong><\/p><p><strong>4.1.<\/strong>A sele\u00e7\u00e3o para as vagas de inscri\u00e7\u00f5es no <strong>1<\/strong><strong>5\u00ba CCPEM <\/strong>pelo edital de a\u00e7\u00f5es afirmativas se dar\u00e1 atrav\u00e9s de grupos.<\/p><p><strong>4.2.<\/strong>Cada candidato dever\u00e1 definir o grupo de acordo com o <strong>Item 2 <\/strong>deste edital<strong>. <\/strong>Caso identificado irregularidade na sele\u00e7\u00e3o do grupo, o candidato ser\u00e1 remanejado para o grupo correto.<\/p><p><strong><br \/>5.DA COMPROVA\u00c7\u00c3O DAS INFORMA\u00c7\u00d5ES<\/strong><\/p><p><strong>5.1.<\/strong>Para comprova\u00e7\u00e3o das informa\u00e7\u00f5es declaradas ser\u00e3o necess\u00e1rios documentos espec\u00edficos para cada crit\u00e9rio.<\/p><p><strong>5.2.<\/strong>Dever\u00e3o ser anexados ao formul\u00e1rio <strong>documento de Identidade com foto e comprovante de matr\u00edcula na IES no per\u00edodo vigente.<\/strong><\/p><p><strong>5.3.<\/strong>Dever\u00e1 ser anexado ao formul\u00e1rio documento que comprove a modalidade de ingresso na IES de acordo com <strong>o Item 2.2.<\/strong><\/p><p><strong>\u00a0 \u00a0 \u00a0 \u00a0 5.3.1.<\/strong>Ser\u00e3o aceitos como comprovantes os seguintes documentos: declara\u00e7\u00f5es de matr\u00edcula, lista de aprova\u00e7\u00e3o do vestibular, hist\u00f3rico escolar ou declara\u00e7\u00e3o da IES, <strong>desde que a modalidade de ingresso esteja explicitada. <\/strong>Para IES privadas, aceitaremos comprovante de pagamento de mensalidade para comprovar ampla concorr\u00eancia. Lista de bolsa ou declara\u00e7\u00e3o da IES para contemplados por bolsa. Para ProUni, o termo de compromisso que todo candidato assina. Para bolsistas pelo Mais M\u00e9dicos, o contrato, print do portal, resultado do processo seletivo ou declara\u00e7\u00e3o da IES. Para FIES, aceitaremos o DRI, processo seletivo ou declara\u00e7\u00e3o da IES.<\/p><p><strong>5.4.<\/strong>O candidato ao se inscrever no edital declara que todas as informa\u00e7\u00f5es que enviou s\u00e3o verdadeiras e, por isso, pass\u00edveis de san\u00e7\u00f5es legais em caso de irregularidades.<\/p><p><strong>5.5.<\/strong>O n\u00e3o envio dos documentos obrigat\u00f3rios do Item 5.3 implica em desclassifica\u00e7\u00e3o do processo.<\/p><p><strong>5.6.<\/strong>Os dados informados pelos proponentes ser\u00e3o protegidos pela ABEM em conformidade com a vigente Lei Geral de Prote\u00e7\u00e3o de Dados Pessoais \u2013 LGPD (Lei n\u00ba 13.709 de 14\/08\/2018), nos termos da sua Pol\u00edtica de Privacidade e Prote\u00e7\u00e3o de Dados Pessoais.<\/p><p><strong><br \/>6.DA CLASSIFICA\u00c7\u00c3O<\/strong><\/p><p><strong>6.1.Ser\u00e3o classificados tantos candidatos quanto as vagas dispon\u00edveis.<\/strong><\/p><p><strong>6.2.<\/strong>A classifica\u00e7\u00e3o para as vagas se dar\u00e1 por ordem de inscri\u00e7\u00e3o no formul\u00e1rio do Item 3.1.<\/p><p><strong>6.3.<\/strong>O resultado deste Edital ser\u00e1 divulgado em <strong>27<\/strong><strong>\/02\/2026<\/strong>.<\/p><p><strong>6.4.<\/strong>N\u00e3o ser\u00e1 divulgado o nome completo de qualquer candidato nas m\u00eddias da ABEM. A lista de classifica\u00e7\u00e3o ser\u00e1 identificada por iniciais do nome do candidato e data de nascimento e divulgada no site do <strong>1<\/strong><strong>5\u00ba CCPEM<\/strong>.<\/p><p><strong><br \/>7.DO CRONOGRAMA<\/strong><\/p><p>Os hor\u00e1rios descritos abaixo s\u00e3o referentes ao hor\u00e1rio de Bras\u00edlia (DF).<\/p><ul><li>IN\u00cdCIO DO PRAZO PARA INSCRI\u00c7\u00c3O: <strong>21\/01\/2026 \u00e0s 8h00<\/strong><\/li><li>FIM DO PRAZO PARA INSCRI\u00c7\u00c3O: <strong>21\/02\/2026 \u00e0s 23h59<\/strong><\/li><li>DIVULGA\u00c7\u00c3O DO RESULTADO DO EDITAL: <strong>at\u00e9 27<\/strong><strong>\/02\/2026 at\u00e9 \u00e0s 23h59<\/strong><\/li><\/ul><p>8.DISPOSI\u00c7\u00d5ES FINAIS<\/p><p><strong>8.1.<\/strong>Os estudantes inscritos na pol\u00edtica de a\u00e7\u00f5es afirmativas e n\u00e3o contemplados neste edital, caso desejem participar do <strong>1<\/strong><strong>5\u00ba CCPEM <\/strong>pagar\u00e3o o valor de inscri\u00e7\u00e3o correspondente ao lote vigente no momento da sua inscri\u00e7\u00e3o.<\/p><p><strong>8.2.<\/strong>A Comiss\u00e3o Organizadora reserva-se o direito de cancelar, interromper, suspender ou adiar este edital no todo ou em parte, em caso fortuito ou de for\u00e7a maior.<\/p><p><strong>8.3.<\/strong>Os candidatos reconhecem e declaram, assumindo todas as responsabilidades legais, de forma irrevog\u00e1vel e irretrat\u00e1vel, que todas as informa\u00e7\u00f5es fornecidas s\u00e3o verdadeiras e correspondem \u00e0 realidade.<\/p><p><strong>8.4.<\/strong>A Comiss\u00e3o Organizadora \u00e9 incontestavelmente soberana nas suas decis\u00f5es, inexistindo a possibilidade de recursos ou manifesta\u00e7\u00f5es de qualquer esp\u00e9cie neste Edital.<\/p><p><strong>8.5.<\/strong>A Comiss\u00e3o Organizadora se reserva ao direito de avaliar pontualmente casos extraordin\u00e1rios que n\u00e3o tenham sido descritos neste edital.<\/p><p><strong>8.6.<\/strong>A inscri\u00e7\u00e3o neste edital, desde que cumprindo as condi\u00e7\u00f5es aqui apresentadas, j\u00e1 caracteriza a aceita\u00e7\u00e3o irrestrita a todas as regras previstas.<\/p><p><strong><br \/>TOLEDO, 21 DE JANEIRO DE 2026.<\/strong><\/p>\t\t\t\t\t\t\t\t<\/div>\n\t\t\t\t<div class=\"elementor-element elementor-element-45da41a elementor-align-center elementor-widget elementor-widget-button\" data-id=\"45da41a\" data-element_type=\"widget\" data-widget_type=\"button.default\">\n\t\t\t\t\t\t\t\t\t\t<a class=\"elementor-button elementor-button-link elementor-size-sm\" href=\"#\" target=\"_blank\">\n\t\t\t\t\t\t<span class=\"elementor-button-content-wrapper\">\n\t\t\t\t\t\t<span class=\"elementor-button-icon\">\n\t\t\t\t<svg aria-hidden=\"true\" class=\"e-font-icon-svg e-fas-mouse-pointer\" viewBox=\"0 0 320 512\" xmlns=\"http:\/\/www.w3.org\/2000\/svg\"><path d=\"M302.189 329.126H196.105l55.831 135.993c3.889 9.428-.555 19.999-9.444 23.999l-49.165 21.427c-9.165 4-19.443-.571-23.332-9.714l-53.053-129.136-86.664 89.138C18.729 472.71 0 463.554 0 447.977V18.299C0 1.899 19.921-6.096 30.277 5.443l284.412 292.542c11.472 11.179 3.007 31.141-12.5 31.141z\"><\/path><\/svg>\t\t\t<\/span>\n\t\t\t\t\t\t\t\t\t<span class=\"elementor-button-text\">Me Inscrever<\/span>\n\t\t\t\t\t<\/span>\n\t\t\t\t\t<\/a>\n\t\t\t\t\t\t\t\t<\/div>\n\t\t\t\t<div class=\"elementor-element elementor-element-ba39bfe elementor-widget elementor-widget-spacer\" data-id=\"ba39bfe\" data-element_type=\"widget\" data-widget_type=\"spacer.default\">\n\t\t\t\t\t\t\t<div class=\"elementor-spacer\">\n\t\t\t<div class=\"elementor-spacer-inner\"><\/div>\n\t\t<\/div>\n\t\t\t\t\t\t<\/div>\n\t\t\t\t<\/div>\n\t\t\t\t<\/div>\n\t\t","protected":false},"excerpt":{"rendered":"<p>A\u00c7\u00d5ES AFIRMATIVAS RESULTADO | EDITAL DE A\u00c7\u00d5ES AFIRMATIVAS CONSULTAR EDITAL PARA A PROPOSI\u00c7\u00c3O DE A\u00c7\u00d5ES AFIRMATIVAS PARA INSCRI\u00c7\u00d5ES15\u00ba CONGRESSO CATARINENSE E PARANAENSE DE EDUCA\u00c7\u00c3O M\u00c9DICA (CCPEM) \u00a0 1.DO EVENTO 1.1.As regras a seguir dizem respeito a a\u00e7\u00f5es afirmativas para inscri\u00e7\u00f5es no 15.\u00ba Congresso Catarinense e Paranaense de Educa\u00e7\u00e3o M\u00e9dica (15\u00ba CCPEM), que ocorrer\u00e1 nos dias [&hellip;]<\/p>\n","protected":false},"author":3,"featured_media":0,"parent":0,"menu_order":1,"comment_status":"closed","ping_status":"closed","template":"","meta":{"footnotes":""},"class_list":["post-3693","page","type-page","status-publish","hentry"],"_links":{"self":[{"href":"https:\/\/ccpem.org.br\/2026\/wp-json\/wp\/v2\/pages\/3693","targetHints":{"allow":["GET"]}}],"collection":[{"href":"https:\/\/ccpem.org.br\/2026\/wp-json\/wp\/v2\/pages"}],"about":[{"href":"https:\/\/ccpem.org.br\/2026\/wp-json\/wp\/v2\/types\/page"}],"author":[{"embeddable":true,"href":"https:\/\/ccpem.org.br\/2026\/wp-json\/wp\/v2\/users\/3"}],"replies":[{"embeddable":true,"href":"https:\/\/ccpem.org.br\/2026\/wp-json\/wp\/v2\/comments?post=3693"}],"version-history":[{"count":10,"href":"https:\/\/ccpem.org.br\/2026\/wp-json\/wp\/v2\/pages\/3693\/revisions"}],"predecessor-version":[{"id":3806,"href":"https:\/\/ccpem.org.br\/2026\/wp-json\/wp\/v2\/pages\/3693\/revisions\/3806"}],"wp:attachment":[{"href":"https:\/\/ccpem.org.br\/2026\/wp-json\/wp\/v2\/media?parent=3693"}],"curies":[{"name":"wp","href":"https:\/\/api.w.org\/{rel}","templated":true}]}}