{"id":3675,"date":"2026-01-20T19:00:57","date_gmt":"2026-01-20T19:00:57","guid":{"rendered":"https:\/\/ccpem.org.br\/2026\/?page_id=3675"},"modified":"2026-03-23T21:33:56","modified_gmt":"2026-03-23T21:33:56","slug":"inscricoes","status":"publish","type":"page","link":"https:\/\/ccpem.org.br\/2026\/inscricoes\/","title":{"rendered":"Inscri\u00e7\u00f5es"},"content":{"rendered":"\t\t<div data-elementor-type=\"wp-page\" data-elementor-id=\"3675\" class=\"elementor elementor-3675\" data-elementor-post-type=\"page\">\n\t\t\t\t<div class=\"elementor-element elementor-element-3161c14 e-con-full e-flex e-con e-parent\" data-id=\"3161c14\" data-element_type=\"container\">\n\t\t\t\t<div class=\"elementor-element elementor-element-1c4362f elementor--h-position-center elementor--v-position-middle elementor-widget elementor-widget-slides\" data-id=\"1c4362f\" data-element_type=\"widget\" data-settings=\"{&quot;navigation&quot;:&quot;none&quot;,&quot;transition&quot;:&quot;slide&quot;,&quot;transition_speed&quot;:500}\" data-widget_type=\"slides.default\">\n\t\t\t\t\t\t\t\t\t\t<div class=\"elementor-slides-wrapper elementor-main-swiper swiper\" role=\"region\" aria-roledescription=\"carousel\" aria-label=\"Slides\" dir=\"ltr\" data-animation=\"zoomIn\">\n\t\t\t\t<div class=\"swiper-wrapper elementor-slides\">\n\t\t\t\t\t\t\t\t\t\t<div class=\"elementor-repeater-item-4c17dfd swiper-slide\" role=\"group\" aria-roledescription=\"slide\"><div class=\"swiper-slide-bg\" role=\"img\" aria-label=\"15CCPEM_img_Bg\"><\/div><div class=\"elementor-background-overlay\"><\/div><div class=\"swiper-slide-inner\" ><div class=\"swiper-slide-contents\"><div class=\"elementor-slide-heading\">INSCRI\u00c7\u00d5ES<\/div><\/div><\/div><\/div>\t\t\t\t<\/div>\n\t\t\t\t\t\t\t<\/div>\n\t\t\t\t\t\t\t\t<\/div>\n\t\t\t\t<\/div>\n\t\t<div class=\"elementor-element elementor-element-02fa868 e-flex e-con-boxed e-con e-parent\" data-id=\"02fa868\" data-element_type=\"container\">\n\t\t\t\t\t<div class=\"e-con-inner\">\n\t\t\t\t<div class=\"elementor-element elementor-element-fa4cc49 elementor-widget elementor-widget-spacer\" data-id=\"fa4cc49\" data-element_type=\"widget\" data-widget_type=\"spacer.default\">\n\t\t\t\t\t\t\t<div class=\"elementor-spacer\">\n\t\t\t<div class=\"elementor-spacer-inner\"><\/div>\n\t\t<\/div>\n\t\t\t\t\t\t<\/div>\n\t\t\t\t<div class=\"elementor-element elementor-element-6b10312 elementor-widget elementor-widget-image\" data-id=\"6b10312\" data-element_type=\"widget\" data-widget_type=\"image.default\">\n\t\t\t\t\t\t\t\t\t\t\t\t<figure class=\"wp-caption\">\n\t\t\t\t\t\t\t\t\t\t\t<a href=\"https:\/\/ccpem.org.br\/2026\/wp-content\/uploads\/2026\/03\/15ccpem_tabela_v2.png\" data-elementor-open-lightbox=\"yes\" data-elementor-lightbox-title=\"15\u00ba CCPEM | INSCRI\u00c7\u00c3O\" data-e-action-hash=\"#elementor-action%3Aaction%3Dlightbox%26settings%3DeyJpZCI6MzgyNCwidXJsIjoiaHR0cHM6XC9cL2NjcGVtLm9yZy5iclwvMjAyNlwvd3AtY29udGVudFwvdXBsb2Fkc1wvMjAyNlwvMDNcLzE1Y2NwZW1fdGFiZWxhX3YyLnBuZyJ9\">\n\t\t\t\t\t\t\t<img fetchpriority=\"high\" decoding=\"async\" width=\"800\" height=\"467\" src=\"https:\/\/ccpem.org.br\/2026\/wp-content\/uploads\/2026\/03\/15ccpem_tabela_v2.png\" class=\"attachment-large size-large wp-image-3824\" alt=\"\" \/>\t\t\t\t\t\t\t\t<\/a>\n\t\t\t\t\t\t\t\t\t\t\t<figcaption class=\"widget-image-caption wp-caption-text\"><\/figcaption>\n\t\t\t\t\t\t\t\t\t\t<\/figure>\n\t\t\t\t\t\t\t\t\t<\/div>\n\t\t\t\t<div class=\"elementor-element elementor-element-102414c elementor-align-center elementor-widget elementor-widget-button\" data-id=\"102414c\" data-element_type=\"widget\" data-widget_type=\"button.default\">\n\t\t\t\t\t\t\t\t\t\t<a class=\"elementor-button elementor-button-link elementor-size-sm\" href=\"https:\/\/abem-nacional.com.br\/evento\/15-ccpem\" target=\"_blank\">\n\t\t\t\t\t\t<span class=\"elementor-button-content-wrapper\">\n\t\t\t\t\t\t<span class=\"elementor-button-icon\">\n\t\t\t\t<svg aria-hidden=\"true\" class=\"e-font-icon-svg e-fas-mouse-pointer\" viewBox=\"0 0 320 512\" xmlns=\"http:\/\/www.w3.org\/2000\/svg\"><path d=\"M302.189 329.126H196.105l55.831 135.993c3.889 9.428-.555 19.999-9.444 23.999l-49.165 21.427c-9.165 4-19.443-.571-23.332-9.714l-53.053-129.136-86.664 89.138C18.729 472.71 0 463.554 0 447.977V18.299C0 1.899 19.921-6.096 30.277 5.443l284.412 292.542c11.472 11.179 3.007 31.141-12.5 31.141z\"><\/path><\/svg>\t\t\t<\/span>\n\t\t\t\t\t\t\t\t\t<span class=\"elementor-button-text\">Me Inscrever<\/span>\n\t\t\t\t\t<\/span>\n\t\t\t\t\t<\/a>\n\t\t\t\t\t\t\t\t<\/div>\n\t\t\t\t<div class=\"elementor-element elementor-element-d361ef4 elementor-widget elementor-widget-text-editor\" data-id=\"d361ef4\" data-element_type=\"widget\" data-widget_type=\"text-editor.default\">\n\t\t\t\t\t\t\t\t\t<p><strong>INFORMA\u00c7\u00d5ES IMPORTANTES<\/strong><\/p><p>a) As vagas para o evento s\u00e3o LIMITADAS!<br \/>b) Formas de pagamentos dispon\u00edveis:<br \/>\u00a0 \u00a0 \u00a0\u2013 Boleto Banc\u00e1rio (at\u00e9 09\/05\/2026);<br \/>\u00a0 \u00a0 \u00a0\u2013 Cart\u00e3o de Cr\u00e9dito;<br \/>\u00a0 \u00a0 \u00a0\u2013 PIX.<\/p><p><strong><br \/>Prazos para compensa\u00e7\u00e3o:<\/strong><br \/>\u00a0 \u00a0 \u00a0\u2013 Boleto Banc\u00e1rio: em at\u00e9 3 dias \u00fateis;<br \/>\u00a0 \u00a0 \u00a0\u2013 Cart\u00e3o de Cr\u00e9dito: em at\u00e9 1 hora;<br \/>\u00a0 \u00a0 \u00a0\u2013 PIX: 05 minutos.<\/p><p>&#8212;&#8211;<\/p><p><strong>PACOTE DE INSCRI\u00c7\u00d5ES<\/strong><\/p><p>Ser\u00e3o aceitas inscri\u00e7\u00f5es por pacotes de pelo menos 10 (dez) inscri\u00e7\u00f5es, pagas em conjunto, de uma s\u00f3 vez, com emiss\u00e3o de boleto \u00fanico. As inscri\u00e7\u00f5es por pacotes dever\u00e3o ser realizadas atrav\u00e9s do painel do congressista no menu: <strong>INSCRI\u00c7\u00d5ES -&gt; PACOTE DE INSCRI\u00c7\u00d5ES. <\/strong><\/p><p>A inscri\u00e7\u00e3o pela modalidade de Pacote de Inscri\u00e7\u00f5es estar\u00e1 dispon\u00edvel <strong>a partir do 2\u00ba LOTE (27\/01\/2026).<\/strong><\/p><p>Todos os congressistas, que ir\u00e3o compor o pacote, dever\u00e3o estar previamente cadastrados no sistema. Caso contr\u00e1rio n\u00e3o ser\u00e1 poss\u00edvel inseri-los no pacote de inscri\u00e7\u00f5es. Abaixo a tabela de desconto referente ao n\u00famero de congressistas por pacote.<\/p><p>DATA LIMITE para solicita\u00e7\u00e3o de Pacote at\u00e9 o dia: <strong>09\/05\/2026.<\/strong><\/p><p>Pacote de 10 a 20 inscritos, desconto de <strong>10%<\/strong><br \/>Pacote de 21 a 30 inscritos, desconto de <strong>15%<\/strong><br \/>Pacote de 31 a 50 inscritos, desconto de <strong>20%<\/strong><br \/>Pacote acima de 50 inscritos, desconto de <strong>25%<\/strong><\/p><p>&#8212;&#8211;<\/p><p><strong>CERTIFICADOS<\/strong><\/p><p>Os certificados <strong>DE PARTICIPA\u00c7\u00c3O<\/strong> ser\u00e3o disponibilizados, no painel do congressista, 30 (trinta) dias ap\u00f3s o t\u00e9rmino do evento. N\u00e3o haver\u00e1 emiss\u00e3o de certificados de participa\u00e7\u00e3o no local do evento.<\/p><p>&#8212;-<\/p><p><strong>POL\u00cdTICA DE REEMBOLSO<\/strong><\/p><p><strong>Sem Justificativa:<\/strong> Prazo para solicita\u00e7\u00e3o: at\u00e9 30 (trinta) dias antes do evento.<br \/>Valor a ser reembolsado: 80% do valor pago.<br \/>Deve-se acessar o painel do congressista, no menu superior clicar em \u201cInscri\u00e7\u00f5es -&gt; Minhas Inscri\u00e7\u00f5es\u201d e solicitar o reembolso da fatura referente a inscri\u00e7\u00e3o no evento.<\/p><p><strong><br \/>Problemas de Sa\u00fade:<\/strong> Prazo para solicita\u00e7\u00e3o: at\u00e9 3 (tr\u00eas) dias antes do evento.<br \/>Valor a ser reembolsado: 80% do valor pago. <br \/>Deve-se acessar o painel do congressista, no menu superior clicar em \u201cInscri\u00e7\u00f5es -&gt; Minhas Inscri\u00e7\u00f5es\u201d e solicitar o reembolso da fatura referente a inscri\u00e7\u00e3o no evento.<\/p><p><strong><br \/>Duplicidade de Pagamento:<\/strong> Prazo para solicita\u00e7\u00e3o: at\u00e9 3 (tr\u00eas) dias antes do evento.<br \/>Valor a ser reembolsado: 100% do valor pago. <br \/>Deve-se acessar o painel do congressista, no menu superior clicar em \u201cInscri\u00e7\u00f5es -&gt; Minhas Inscri\u00e7\u00f5es\u201d e solicitar o reembolso da fatura referente a inscri\u00e7\u00e3o no evento.<\/p><p><strong><br \/>N\u00e3o Comparecimento:<\/strong> Em caso de n\u00e3o comparecimento, o valor pago pela inscri\u00e7\u00e3o do evento ou oficina n\u00e3o ser\u00e1 devolvido.<\/p>\t\t\t\t\t\t\t\t<\/div>\n\t\t\t\t<div class=\"elementor-element elementor-element-9af917a elementor-widget elementor-widget-spacer\" data-id=\"9af917a\" data-element_type=\"widget\" data-widget_type=\"spacer.default\">\n\t\t\t\t\t\t\t<div class=\"elementor-spacer\">\n\t\t\t<div class=\"elementor-spacer-inner\"><\/div>\n\t\t<\/div>\n\t\t\t\t\t\t<\/div>\n\t\t\t\t\t<\/div>\n\t\t\t\t<\/div>\n\t\t\t\t<\/div>\n\t\t","protected":false},"excerpt":{"rendered":"<p>INSCRI\u00c7\u00d5ES Me Inscrever INFORMA\u00c7\u00d5ES IMPORTANTES a) As vagas para o evento s\u00e3o LIMITADAS!b) Formas de pagamentos dispon\u00edveis:\u00a0 \u00a0 \u00a0\u2013 Boleto Banc\u00e1rio (at\u00e9 09\/05\/2026);\u00a0 \u00a0 \u00a0\u2013 Cart\u00e3o de Cr\u00e9dito;\u00a0 \u00a0 \u00a0\u2013 PIX. Prazos para compensa\u00e7\u00e3o:\u00a0 \u00a0 \u00a0\u2013 Boleto Banc\u00e1rio: em at\u00e9 3 dias \u00fateis;\u00a0 \u00a0 \u00a0\u2013 Cart\u00e3o de Cr\u00e9dito: em at\u00e9 1 hora;\u00a0 \u00a0 \u00a0\u2013 PIX: [&hellip;]<\/p>\n","protected":false},"author":2,"featured_media":0,"parent":0,"menu_order":1,"comment_status":"closed","ping_status":"closed","template":"","meta":{"footnotes":""},"class_list":["post-3675","page","type-page","status-publish","hentry"],"_links":{"self":[{"href":"https:\/\/ccpem.org.br\/2026\/wp-json\/wp\/v2\/pages\/3675","targetHints":{"allow":["GET"]}}],"collection":[{"href":"https:\/\/ccpem.org.br\/2026\/wp-json\/wp\/v2\/pages"}],"about":[{"href":"https:\/\/ccpem.org.br\/2026\/wp-json\/wp\/v2\/types\/page"}],"author":[{"embeddable":true,"href":"https:\/\/ccpem.org.br\/2026\/wp-json\/wp\/v2\/users\/2"}],"replies":[{"embeddable":true,"href":"https:\/\/ccpem.org.br\/2026\/wp-json\/wp\/v2\/comments?post=3675"}],"version-history":[{"count":10,"href":"https:\/\/ccpem.org.br\/2026\/wp-json\/wp\/v2\/pages\/3675\/revisions"}],"predecessor-version":[{"id":3827,"href":"https:\/\/ccpem.org.br\/2026\/wp-json\/wp\/v2\/pages\/3675\/revisions\/3827"}],"wp:attachment":[{"href":"https:\/\/ccpem.org.br\/2026\/wp-json\/wp\/v2\/media?parent=3675"}],"curies":[{"name":"wp","href":"https:\/\/api.w.org\/{rel}","templated":true}]}}