{"id":3598,"date":"2026-01-12T20:07:27","date_gmt":"2026-01-12T20:07:27","guid":{"rendered":"https:\/\/ccpem.org.br\/2026\/?page_id=3598"},"modified":"2026-04-07T11:31:15","modified_gmt":"2026-04-07T11:31:15","slug":"organizacao","status":"publish","type":"page","link":"https:\/\/ccpem.org.br\/2026\/organizacao\/","title":{"rendered":"Organiza\u00e7\u00e3o"},"content":{"rendered":"\t\t<div data-elementor-type=\"wp-page\" data-elementor-id=\"3598\" class=\"elementor elementor-3598\" data-elementor-post-type=\"page\">\n\t\t\t\t<div class=\"elementor-element elementor-element-3161c14 e-con-full e-flex e-con e-parent\" data-id=\"3161c14\" data-element_type=\"container\">\n\t\t\t\t<div class=\"elementor-element elementor-element-1c4362f elementor--h-position-center elementor--v-position-middle elementor-widget elementor-widget-slides\" data-id=\"1c4362f\" data-element_type=\"widget\" data-settings=\"{&quot;navigation&quot;:&quot;none&quot;,&quot;transition&quot;:&quot;slide&quot;,&quot;transition_speed&quot;:500}\" data-widget_type=\"slides.default\">\n\t\t\t\t\t\t\t\t\t\t<div class=\"elementor-slides-wrapper elementor-main-swiper swiper\" role=\"region\" aria-roledescription=\"carousel\" aria-label=\"Slides\" dir=\"ltr\" data-animation=\"zoomIn\">\n\t\t\t\t<div class=\"swiper-wrapper elementor-slides\">\n\t\t\t\t\t\t\t\t\t\t<div class=\"elementor-repeater-item-4c17dfd swiper-slide\" role=\"group\" aria-roledescription=\"slide\"><div class=\"swiper-slide-bg\" role=\"img\" aria-label=\"15CCPEM_img_Bg\"><\/div><div class=\"elementor-background-overlay\"><\/div><div class=\"swiper-slide-inner\" ><div class=\"swiper-slide-contents\"><div class=\"elementor-slide-heading\">Organiza\u00e7\u00e3o<\/div><\/div><\/div><\/div>\t\t\t\t<\/div>\n\t\t\t\t\t\t\t<\/div>\n\t\t\t\t\t\t\t\t<\/div>\n\t\t\t\t<\/div>\n\t\t<div class=\"elementor-element elementor-element-02fa868 e-flex e-con-boxed e-con e-parent\" data-id=\"02fa868\" data-element_type=\"container\">\n\t\t\t\t\t<div class=\"e-con-inner\">\n\t\t\t\t<div class=\"elementor-element elementor-element-d361ef4 elementor-widget elementor-widget-text-editor\" data-id=\"d361ef4\" data-element_type=\"widget\" data-widget_type=\"text-editor.default\">\n\t\t\t\t\t\t\t\t\t<p><strong>PRESIDENTE:<\/strong><br \/>&#8211; Prof.<sup>a<\/sup> Izabel Cristina Meister Coelho<br \/><br \/><br \/><strong>COORDENADORA DOCENTE:<\/strong><br \/>&#8211; Prof.<sup>a<\/sup> L\u00edvia Sissi G. S. Piechnik<br \/><br \/><br \/><strong>COORDENADOR DISCENTE:<\/strong><br \/>&#8211; Acad. Jo\u00e3o Victor Alves da Silva<br \/><br \/><br \/><strong>COMISS\u00c3O CIENT\u00cdFICA:<\/strong><br \/>&#8211; Prof.<sup>a<\/sup> Izabel Cristina Meister Coelho<br \/>&#8211; Prof.<sup>a<\/sup> L\u00edvia Sissi G. S. Piechnik<br \/>&#8211; Prof.<sup>a<\/sup> Mayra Zancanaro<br \/><br \/><br \/><strong>COMISS\u00c3O DE TRABALHOS:<\/strong><br \/>&#8211; Prof.<sup>a<\/sup> L\u00edvia Sissi G S Piechnik<br \/><br \/><br \/><strong>COMISS\u00c3O CULTURAL:<\/strong><br \/>&#8211; Acad. Jo\u00e3o Victor Alves da Silva<br \/>&#8211; Acad. Carla Cristina Rodrigues<br \/>&#8211; Comiss\u00e3o local de estudantes<br \/><br \/><br \/><strong>COMISS\u00c3O DE INFRAESTRUTURA E LOG\u00cdSTICA:<\/strong><br \/>\u2013 Prof. Edivan Rodrigo de Paula Ramos<\/p><p>\u00a0<\/p>\t\t\t\t\t\t\t\t<\/div>\n\t\t\t\t<div class=\"elementor-element elementor-element-9af917a elementor-widget elementor-widget-spacer\" data-id=\"9af917a\" data-element_type=\"widget\" data-widget_type=\"spacer.default\">\n\t\t\t\t\t\t\t<div class=\"elementor-spacer\">\n\t\t\t<div class=\"elementor-spacer-inner\"><\/div>\n\t\t<\/div>\n\t\t\t\t\t\t<\/div>\n\t\t\t\t\t<\/div>\n\t\t\t\t<\/div>\n\t\t\t\t<\/div>\n\t\t","protected":false},"excerpt":{"rendered":"<p>Organiza\u00e7\u00e3o PRESIDENTE:&#8211; Prof.a Izabel Cristina Meister Coelho COORDENADORA DOCENTE:&#8211; Prof.a L\u00edvia Sissi G. S. Piechnik COORDENADOR DISCENTE:&#8211; Acad. Jo\u00e3o Victor Alves da Silva COMISS\u00c3O CIENT\u00cdFICA:&#8211; Prof.a Izabel Cristina Meister Coelho&#8211; Prof.a L\u00edvia Sissi G. S. Piechnik&#8211; Prof.a Mayra Zancanaro COMISS\u00c3O DE TRABALHOS:&#8211; Prof.a L\u00edvia Sissi G S Piechnik COMISS\u00c3O CULTURAL:&#8211; Acad. Jo\u00e3o Victor Alves da [&hellip;]<\/p>\n","protected":false},"author":2,"featured_media":0,"parent":0,"menu_order":1,"comment_status":"closed","ping_status":"closed","template":"","meta":{"footnotes":""},"class_list":["post-3598","page","type-page","status-publish","hentry"],"_links":{"self":[{"href":"https:\/\/ccpem.org.br\/2026\/wp-json\/wp\/v2\/pages\/3598","targetHints":{"allow":["GET"]}}],"collection":[{"href":"https:\/\/ccpem.org.br\/2026\/wp-json\/wp\/v2\/pages"}],"about":[{"href":"https:\/\/ccpem.org.br\/2026\/wp-json\/wp\/v2\/types\/page"}],"author":[{"embeddable":true,"href":"https:\/\/ccpem.org.br\/2026\/wp-json\/wp\/v2\/users\/2"}],"replies":[{"embeddable":true,"href":"https:\/\/ccpem.org.br\/2026\/wp-json\/wp\/v2\/comments?post=3598"}],"version-history":[{"count":10,"href":"https:\/\/ccpem.org.br\/2026\/wp-json\/wp\/v2\/pages\/3598\/revisions"}],"predecessor-version":[{"id":3839,"href":"https:\/\/ccpem.org.br\/2026\/wp-json\/wp\/v2\/pages\/3598\/revisions\/3839"}],"wp:attachment":[{"href":"https:\/\/ccpem.org.br\/2026\/wp-json\/wp\/v2\/media?parent=3598"}],"curies":[{"name":"wp","href":"https:\/\/api.w.org\/{rel}","templated":true}]}}