{"id":3559,"date":"2026-01-10T22:31:46","date_gmt":"2026-01-10T22:31:46","guid":{"rendered":"https:\/\/ccpem.org.br\/2026\/?page_id=3559"},"modified":"2026-03-24T18:14:27","modified_gmt":"2026-03-24T18:14:27","slug":"home","status":"publish","type":"page","link":"https:\/\/ccpem.org.br\/2026\/","title":{"rendered":"Home"},"content":{"rendered":"\t\t<div data-elementor-type=\"wp-page\" data-elementor-id=\"3559\" class=\"elementor elementor-3559\" data-elementor-post-type=\"page\">\n\t\t\t\t<div class=\"elementor-element elementor-element-b082b21 e-con-full e-flex e-con e-parent\" data-id=\"b082b21\" data-element_type=\"container\">\n\t\t\t\t<div class=\"elementor-element elementor-element-d4d5ff8 elementor--h-position-center elementor--v-position-middle elementor-widget elementor-widget-slides\" data-id=\"d4d5ff8\" data-element_type=\"widget\" data-settings=\"{&quot;navigation&quot;:&quot;none&quot;,&quot;transition&quot;:&quot;slide&quot;,&quot;transition_speed&quot;:500}\" data-widget_type=\"slides.default\">\n\t\t\t\t\t\t\t\t\t\t<div class=\"elementor-slides-wrapper elementor-main-swiper swiper\" role=\"region\" aria-roledescription=\"carousel\" aria-label=\"Slides\" dir=\"ltr\" data-animation=\"fadeInDown\">\n\t\t\t\t<div class=\"swiper-wrapper elementor-slides\">\n\t\t\t\t\t\t\t\t\t\t<div class=\"elementor-repeater-item-1e78f47 swiper-slide\" role=\"group\" aria-roledescription=\"slide\"><div class=\"swiper-slide-bg elementor-ken-burns elementor-ken-burns--in\" role=\"img\" aria-label=\"15CCPEM_img_Bg\"><\/div><div class=\"elementor-background-overlay\"><\/div><div class=\"swiper-slide-inner\" ><div class=\"swiper-slide-contents\"><div class=\"elementor-slide-heading\">15\u00ba CCPEM<br>Congresso Catarinense e Paranaense<br\/>de Educa\u00e7\u00e3o M\u00e9dica<\/div><div class=\"elementor-slide-description\">UFPR Toledo | 15 e 16 de maio de 2026 | Toledo-PR\n\n<br><br>\n<u>Tema Central:<\/u><br\/>\n<i>\"Reinventar, Avaliar, Transformar: Trilhas de inova\u00e7\u00e3o na Forma\u00e7\u00e3o M\u00e9dica\"<\/i><\/div><\/div><\/div><\/div>\t\t\t\t<\/div>\n\t\t\t\t\t\t\t<\/div>\n\t\t\t\t\t\t\t\t<\/div>\n\t\t\t\t<div class=\"elementor-element elementor-element-ebe7aaf elementor-widget elementor-widget-text-editor\" data-id=\"ebe7aaf\" data-element_type=\"widget\" data-widget_type=\"text-editor.default\">\n\t\t\t\t\t\t\t\t\t<p style=\"text-align: right;\">Foto: J\u00f3der Proen\u00e7a<\/p>\t\t\t\t\t\t\t\t<\/div>\n\t\t\t\t<\/div>\n\t\t<div class=\"elementor-element elementor-element-e1fd7c7 e-flex e-con-boxed e-con e-parent\" data-id=\"e1fd7c7\" data-element_type=\"container\">\n\t\t\t\t\t<div class=\"e-con-inner\">\n\t\t\t\t<div class=\"elementor-element elementor-element-66b8107 elementor-widget elementor-widget-heading\" data-id=\"66b8107\" data-element_type=\"widget\" data-widget_type=\"heading.default\">\n\t\t\t\t\t<h2 class=\"elementor-heading-title elementor-size-default\">Comunicado importante\n<\/h2>\t\t\t\t<\/div>\n\t\t\t\t<div class=\"elementor-element elementor-element-87d8ae5 elementor-widget elementor-widget-text-editor\" data-id=\"87d8ae5\" data-element_type=\"widget\" data-widget_type=\"text-editor.default\">\n\t\t\t\t\t\t\t\t\t<p>Caros colegas da Sul II,<\/p><p>Vivemos um momento de transforma\u00e7\u00f5es profundas na forma\u00e7\u00e3o m\u00e9dica e sabemos o quanto cada um de voc\u00eas se dedica a esse prop\u00f3sito. Para que o nosso 15\u00ba Congresso Catarinense e Paranaense de Educa\u00e7\u00e3o M\u00e9dica seja, de fato, um marco de atualiza\u00e7\u00e3o e troca, <strong>decidimos ajustar nossa data para os dias 15 e 16 de maio de 2026<\/strong>.<\/p><p>Essa escolha foi feita com cuidado: queremos receber voc\u00eas com o apoio dos novos instrumentos do INEP e das novas Diretrizes Curriculares Nacionais. Aguardar esse material \u00e9 garantir que nosso encontro seja o espa\u00e7o mais qualificado e proveitoso poss\u00edvel para todos.<br \/>Contamos com a sua presen\u00e7a para fortalecermos, juntos, a educa\u00e7\u00e3o m\u00e9dica em nossa regi\u00e3o.<\/p><p>Atenciosamente,<\/p><p><strong>Diretoria da Regional Sul II<\/strong><\/p>\t\t\t\t\t\t\t\t<\/div>\n\t\t\t\t<div class=\"elementor-element elementor-element-346e9d9 elementor-widget-divider--view-line elementor-widget elementor-widget-divider\" data-id=\"346e9d9\" data-element_type=\"widget\" data-widget_type=\"divider.default\">\n\t\t\t\t\t\t\t<div class=\"elementor-divider\">\n\t\t\t<span class=\"elementor-divider-separator\">\n\t\t\t\t\t\t<\/span>\n\t\t<\/div>\n\t\t\t\t\t\t<\/div>\n\t\t\t\t<div class=\"elementor-element elementor-element-2dc99a8 elementor-widget elementor-widget-heading\" data-id=\"2dc99a8\" data-element_type=\"widget\" data-widget_type=\"heading.default\">\n\t\t\t\t\t<h2 class=\"elementor-heading-title elementor-size-default\">Seja bem vindo ao 15\u00ba CCPEM<\/h2>\t\t\t\t<\/div>\n\t\t\t\t<div class=\"elementor-element elementor-element-40ae930 elementor-widget elementor-widget-text-editor\" data-id=\"40ae930\" data-element_type=\"widget\" data-widget_type=\"text-editor.default\">\n\t\t\t\t\t\t\t\t\t<p>O 15\u00ba CCPEM \u2013 Congresso Catarinense e Paranaense de Educa\u00e7\u00e3o M\u00e9dica acontece nos dias 24 e 25 de abril de 2026, no campus da UFPR Toledo, reunindo quem pensa, vive e transforma a forma\u00e7\u00e3o m\u00e9dica no Brasil.<\/p><p>Em uma cidade acolhedora, com f\u00e1cil acesso e forte integra\u00e7\u00e3o com os servi\u00e7os de sa\u00fade, o evento contar\u00e1 com infraestrutura moderna, audit\u00f3rio amplo, salas equipadas para atividades simult\u00e2neas e espa\u00e7os pensados para troca, inova\u00e7\u00e3o e aprendizagem ativa.<\/p><p>Ser\u00e3o dois dias de debates, oficinas e apresenta\u00e7\u00f5es que convidam docentes, estudantes, residentes e preceptores a reinventar pr\u00e1ticas, qualificar processos e construir juntos os novos caminhos da educa\u00e7\u00e3o m\u00e9dica.<\/p>\t\t\t\t\t\t\t\t<\/div>\n\t\t\t\t<div class=\"elementor-element elementor-element-1cf5586 elementor-widget-divider--view-line elementor-widget elementor-widget-divider\" data-id=\"1cf5586\" data-element_type=\"widget\" data-widget_type=\"divider.default\">\n\t\t\t\t\t\t\t<div class=\"elementor-divider\">\n\t\t\t<span class=\"elementor-divider-separator\">\n\t\t\t\t\t\t<\/span>\n\t\t<\/div>\n\t\t\t\t\t\t<\/div>\n\t\t\t\t<div class=\"elementor-element elementor-element-8cf1ab1 elementor-widget elementor-widget-heading\" data-id=\"8cf1ab1\" data-element_type=\"widget\" data-widget_type=\"heading.default\">\n\t\t\t\t\t<h2 class=\"elementor-heading-title elementor-size-default\">INFORMA\u00c7\u00d5ES IMPORTANTES<\/h2>\t\t\t\t<\/div>\n\t\t\t\t<div class=\"elementor-element elementor-element-53aa041 elementor-widget elementor-widget-text-editor\" data-id=\"53aa041\" data-element_type=\"widget\" data-widget_type=\"text-editor.default\">\n\t\t\t\t\t\t\t\t\t<p><strong>Local do Evento:<\/strong>\u00a0Universidade Federal do Paran\u00e1 &#8211; UFPR Campus Toledo<\/p><p><strong>Endere\u00e7o:<\/strong> Biopark Avenida Max Planck, 3796 &#8211; Biopark, Toledo &#8211; PR<\/p><p><strong>Data do Evento:<\/strong> 24 e 25 de abril de 2026<\/p>\t\t\t\t\t\t\t\t<\/div>\n\t\t\t\t<div class=\"elementor-element elementor-element-a4a990d elementor-widget elementor-widget-google_maps\" data-id=\"a4a990d\" data-element_type=\"widget\" data-widget_type=\"google_maps.default\">\n\t\t\t\t\t\t\t<div class=\"elementor-custom-embed\">\n\t\t\t<iframe loading=\"lazy\"\n\t\t\t\t\tsrc=\"https:\/\/maps.google.com\/maps?q=Biopark%20Avenida%20Max%20Planck%2C%203796%20-%20Biopark%2C%20Toledo%20-%20PR%2C%2085919-899&#038;t=m&#038;z=13&#038;output=embed&#038;iwloc=near\"\n\t\t\t\t\ttitle=\"Biopark Avenida Max Planck, 3796 - Biopark, Toledo - PR, 85919-899\"\n\t\t\t\t\taria-label=\"Biopark Avenida Max Planck, 3796 - Biopark, Toledo - PR, 85919-899\"\n\t\t\t><\/iframe>\n\t\t<\/div>\n\t\t\t\t\t\t<\/div>\n\t\t\t\t<div class=\"elementor-element elementor-element-155a49e elementor-widget-divider--view-line elementor-widget elementor-widget-divider\" data-id=\"155a49e\" data-element_type=\"widget\" data-widget_type=\"divider.default\">\n\t\t\t\t\t\t\t<div class=\"elementor-divider\">\n\t\t\t<span class=\"elementor-divider-separator\">\n\t\t\t\t\t\t<\/span>\n\t\t<\/div>\n\t\t\t\t\t\t<\/div>\n\t\t\t\t<div class=\"elementor-element elementor-element-6ce2ae6 elementor-widget elementor-widget-heading\" data-id=\"6ce2ae6\" data-element_type=\"widget\" data-widget_type=\"heading.default\">\n\t\t\t\t\t<h2 class=\"elementor-heading-title elementor-size-default\">REALIZA\u00c7\u00c3O<\/h2>\t\t\t\t<\/div>\n\t\t\t\t<div class=\"elementor-element elementor-element-bedd068 elementor-widget elementor-widget-image\" data-id=\"bedd068\" data-element_type=\"widget\" data-widget_type=\"image.default\">\n\t\t\t\t\t\t\t\t\t\t\t\t\t\t\t<img fetchpriority=\"high\" decoding=\"async\" width=\"580\" height=\"280\" src=\"https:\/\/ccpem.org.br\/2026\/wp-content\/uploads\/2019\/09\/abem_v2.jpg\" class=\"attachment-large size-large wp-image-2969\" alt=\"\" srcset=\"https:\/\/ccpem.org.br\/2026\/wp-content\/uploads\/2019\/09\/abem_v2.jpg 580w, https:\/\/ccpem.org.br\/2026\/wp-content\/uploads\/2019\/09\/abem_v2-250x121.jpg 250w, https:\/\/ccpem.org.br\/2026\/wp-content\/uploads\/2019\/09\/abem_v2-120x58.jpg 120w\" sizes=\"(max-width: 580px) 100vw, 580px\" \/>\t\t\t\t\t\t\t\t\t\t\t\t\t\t\t<\/div>\n\t\t\t\t<div class=\"elementor-element elementor-element-94a90b4 elementor-widget elementor-widget-spacer\" data-id=\"94a90b4\" data-element_type=\"widget\" data-widget_type=\"spacer.default\">\n\t\t\t\t\t\t\t<div class=\"elementor-spacer\">\n\t\t\t<div class=\"elementor-spacer-inner\"><\/div>\n\t\t<\/div>\n\t\t\t\t\t\t<\/div>\n\t\t\t\t\t<\/div>\n\t\t\t\t<\/div>\n\t\t\t\t<\/div>\n\t\t","protected":false},"excerpt":{"rendered":"<p>15\u00ba CCPEMCongresso Catarinense e Paranaensede Educa\u00e7\u00e3o M\u00e9dicaUFPR Toledo | 15 e 16 de maio de 2026 | Toledo-PR Tema Central: &#8220;Reinventar, Avaliar, Transformar: Trilhas de inova\u00e7\u00e3o na Forma\u00e7\u00e3o M\u00e9dica&#8221; Foto: J\u00f3der Proen\u00e7a Comunicado importante Caros colegas da Sul II, Vivemos um momento de transforma\u00e7\u00f5es profundas na forma\u00e7\u00e3o m\u00e9dica e sabemos o quanto cada um de [&hellip;]<\/p>\n","protected":false},"author":2,"featured_media":0,"parent":0,"menu_order":0,"comment_status":"closed","ping_status":"closed","template":"","meta":{"footnotes":""},"class_list":["post-3559","page","type-page","status-publish","hentry"],"_links":{"self":[{"href":"https:\/\/ccpem.org.br\/2026\/wp-json\/wp\/v2\/pages\/3559","targetHints":{"allow":["GET"]}}],"collection":[{"href":"https:\/\/ccpem.org.br\/2026\/wp-json\/wp\/v2\/pages"}],"about":[{"href":"https:\/\/ccpem.org.br\/2026\/wp-json\/wp\/v2\/types\/page"}],"author":[{"embeddable":true,"href":"https:\/\/ccpem.org.br\/2026\/wp-json\/wp\/v2\/users\/2"}],"replies":[{"embeddable":true,"href":"https:\/\/ccpem.org.br\/2026\/wp-json\/wp\/v2\/comments?post=3559"}],"version-history":[{"count":10,"href":"https:\/\/ccpem.org.br\/2026\/wp-json\/wp\/v2\/pages\/3559\/revisions"}],"predecessor-version":[{"id":3832,"href":"https:\/\/ccpem.org.br\/2026\/wp-json\/wp\/v2\/pages\/3559\/revisions\/3832"}],"wp:attachment":[{"href":"https:\/\/ccpem.org.br\/2026\/wp-json\/wp\/v2\/media?parent=3559"}],"curies":[{"name":"wp","href":"https:\/\/api.w.org\/{rel}","templated":true}]}}