{"id":34,"date":"2016-04-04T00:45:27","date_gmt":"2016-04-04T00:45:27","guid":{"rendered":"http:\/\/localhost:8080\/?page_id=34"},"modified":"2025-01-23T03:08:35","modified_gmt":"2025-01-23T03:08:35","slug":"contato","status":"publish","type":"page","link":"https:\/\/ccpem.org.br\/2025\/contato\/","title":{"rendered":"Contato"},"content":{"rendered":"<h4><strong>Associa\u00e7\u00e3o Brasileira de Educa\u00e7\u00e3o M\u00e9dica | Abem<br \/>\n<\/strong><\/h4>\n<p>CNPJ: 29.212.628\/0001-32<br \/>\nSCN \u2013 QD 02 \u2013 BL D \u2013 Torre A \u2013 Salas: 1021 e 1023 \u2013 Asa Norte<br \/>\nCEP: 70712-903 | Bras\u00edlia \u2013 DF<\/p>\n<p>&nbsp;<\/p>\n<p><strong>Telefones:<\/strong> (61) 3024-9978 \/ 3024-8013<br \/>\n<strong>WhatsApp:<\/strong> (61) 98580-0825<br \/>\n<strong>Secretaria | Abem:<\/strong> secretaria@abem-educmed.org.br<br \/>\n<strong>Regional Sul 2 | Abem:<\/strong> abemsul2@abem-educmed.org.br<\/p>\n<p>&nbsp;<\/p>\n<p>&nbsp;<\/p>\n<p>&nbsp;<\/p>\n","protected":false},"excerpt":{"rendered":"Associa\u00e7\u00e3o Brasileira de Educa\u00e7\u00e3o M\u00e9dica | Abem CNPJ: 29.212.628\/0001-32 SCN \u2013 QD 02 \u2013 BL D \u2013 Torre A \u2013 Salas: 1021 e 1023 \u2013 Asa Norte CEP: 70712-903 | Bras\u00edlia \u2013 DF &nbsp; Telefones: (61) 3024-9978 \/ 3024-8013 WhatsApp: (61) 98580-0825 Secretaria | Abem: secretaria@abem-educmed.org.br Regional Sul 2 | Abem: abemsul2@abem-educmed.org.br &nbsp; &nbsp; &nbsp;","protected":false},"author":2,"featured_media":3629,"parent":0,"menu_order":12,"comment_status":"closed","ping_status":"closed","template":"template_contato.php","meta":{"_acf_changed":false,"footnotes":""},"class_list":["post-34","page","type-page","status-publish","has-post-thumbnail","hentry"],"acf":[],"_links":{"self":[{"href":"https:\/\/ccpem.org.br\/2025\/wp-json\/wp\/v2\/pages\/34","targetHints":{"allow":["GET"]}}],"collection":[{"href":"https:\/\/ccpem.org.br\/2025\/wp-json\/wp\/v2\/pages"}],"about":[{"href":"https:\/\/ccpem.org.br\/2025\/wp-json\/wp\/v2\/types\/page"}],"author":[{"embeddable":true,"href":"https:\/\/ccpem.org.br\/2025\/wp-json\/wp\/v2\/users\/2"}],"replies":[{"embeddable":true,"href":"https:\/\/ccpem.org.br\/2025\/wp-json\/wp\/v2\/comments?post=34"}],"version-history":[{"count":10,"href":"https:\/\/ccpem.org.br\/2025\/wp-json\/wp\/v2\/pages\/34\/revisions"}],"predecessor-version":[{"id":3503,"href":"https:\/\/ccpem.org.br\/2025\/wp-json\/wp\/v2\/pages\/34\/revisions\/3503"}],"wp:featuredmedia":[{"embeddable":true,"href":"https:\/\/ccpem.org.br\/2025\/wp-json\/wp\/v2\/media\/3629"}],"wp:attachment":[{"href":"https:\/\/ccpem.org.br\/2025\/wp-json\/wp\/v2\/media?parent=34"}],"curies":[{"name":"wp","href":"https:\/\/api.w.org\/{rel}","templated":true}]}}