{"id":3299,"date":"2020-02-13T17:35:16","date_gmt":"2020-02-13T17:35:16","guid":{"rendered":"https:\/\/eventosabem.org.br\/comem\/2020\/?page_id=3299"},"modified":"2025-04-12T20:36:13","modified_gmt":"2025-04-12T20:36:13","slug":"programacao","status":"publish","type":"page","link":"https:\/\/ccpem.org.br\/2025\/programacao\/","title":{"rendered":"Programa\u00e7\u00e3o do Evento"},"content":{"rendered":"<p>\u00a0<\/p>\n<p style=\"text-align: center;\"><span style=\"color: #000000;\">Clique nos bot\u00f5es abaixo para acessar a programa\u00e7\u00e3o de cada dia do evento.<br \/><br \/><\/span><\/p>\n<p><iframe id=\"iframe-eventos\" src=\"https:\/\/admin.abem-nacional.com.br\/evento\/14-ccpem\/site\/sub-eventos\" width=\"100%\" frameborder=\"0\" scrolling=\"no\"> <\/iframe><\/p>\n\n\n<p><\/p>\n","protected":false},"excerpt":{"rendered":"\u00a0 Clique nos bot\u00f5es abaixo para acessar a programa\u00e7\u00e3o de cada dia do evento.","protected":false},"author":2,"featured_media":3629,"parent":0,"menu_order":5,"comment_status":"closed","ping_status":"closed","template":"template_institutional.php","meta":{"_acf_changed":false,"footnotes":""},"class_list":["post-3299","page","type-page","status-publish","has-post-thumbnail","hentry"],"acf":[],"_links":{"self":[{"href":"https:\/\/ccpem.org.br\/2025\/wp-json\/wp\/v2\/pages\/3299","targetHints":{"allow":["GET"]}}],"collection":[{"href":"https:\/\/ccpem.org.br\/2025\/wp-json\/wp\/v2\/pages"}],"about":[{"href":"https:\/\/ccpem.org.br\/2025\/wp-json\/wp\/v2\/types\/page"}],"author":[{"embeddable":true,"href":"https:\/\/ccpem.org.br\/2025\/wp-json\/wp\/v2\/users\/2"}],"replies":[{"embeddable":true,"href":"https:\/\/ccpem.org.br\/2025\/wp-json\/wp\/v2\/comments?post=3299"}],"version-history":[{"count":10,"href":"https:\/\/ccpem.org.br\/2025\/wp-json\/wp\/v2\/pages\/3299\/revisions"}],"predecessor-version":[{"id":3726,"href":"https:\/\/ccpem.org.br\/2025\/wp-json\/wp\/v2\/pages\/3299\/revisions\/3726"}],"wp:featuredmedia":[{"embeddable":true,"href":"https:\/\/ccpem.org.br\/2025\/wp-json\/wp\/v2\/media\/3629"}],"wp:attachment":[{"href":"https:\/\/ccpem.org.br\/2025\/wp-json\/wp\/v2\/media?parent=3299"}],"curies":[{"name":"wp","href":"https:\/\/api.w.org\/{rel}","templated":true}]}}