{"id":159,"date":"2016-04-15T04:31:33","date_gmt":"2016-04-15T04:31:33","guid":{"rendered":"http:\/\/cobem.com.br\/2016\/?page_id=159"},"modified":"2025-02-18T19:52:15","modified_gmt":"2025-02-18T19:52:15","slug":"eixos-congresso","status":"publish","type":"page","link":"https:\/\/ccpem.org.br\/2025\/o-congresso\/eixos-congresso\/","title":{"rendered":"Eixos Tem\u00e1ticos"},"content":{"rendered":"<h4 style=\"text-align: center;\"><span style=\"color: #000000;\">TEMA CENTRAL | 14\u00ba CCPEM:<\/span><\/h4>\n<p style=\"text-align: center;\"><em>\u201cAvalia\u00e7\u00e3o Transformadora: Potencializando o Ensino e a Aprendizagem\u201d<\/em><\/p>\n<hr \/>\n<p><span style=\"color: #000000;\"><strong><br \/>Eixo 1: Desenvolvimento Docente.<\/strong><br \/>Qualifica\u00e7\u00e3o e forma\u00e7\u00e3o de professores na \u00e1rea da sa\u00fade, com foco em metodologias ativas, planejamento de carreira acad\u00eamica e desafios na implementa\u00e7\u00e3o de programas de capacita\u00e7\u00e3o.<br \/><\/span><\/p>\n<hr \/>\n<p><span style=\"color: #000000;\"><strong><br \/>Eixo 2: Processo de Ensino e Aprendizagem.<\/strong> <br \/>Estrat\u00e9gias pedag\u00f3gicas inovadoras no ensino m\u00e9dico, incluindo o ensino baseado em problemas (PBL), uso de tecnologias e inova\u00e7\u00e3o na educa\u00e7\u00e3o em sa\u00fade.<br \/><\/span><\/p>\n<hr \/>\n<p><span style=\"color: #000000;\"><strong><br \/>Eixo 3: Avalia\u00e7\u00e3o na educa\u00e7\u00e3o na \u00e1rea da sa\u00fade.<\/strong><br \/>M\u00e9todos e pr\u00e1ticas avaliativas para o ensino m\u00e9dico, abordando avalia\u00e7\u00e3o por compet\u00eancias, feedback como ferramenta de aprendizado e simula\u00e7\u00e3o para desenvolvimento de habilidades cl\u00ednicas.<br \/><\/span><\/p>\n<hr \/>\n<p><strong><br \/>Eixo 4: Responsabilidade Social.<\/strong><br \/>Impacto social da educa\u00e7\u00e3o m\u00e9dica, destacando a curriculariza\u00e7\u00e3o da extens\u00e3o, a educa\u00e7\u00e3o interprofissional e a sa\u00fade mental de estudantes e preceptores.<\/p>\n\n\n<p><\/p>\n","protected":false},"excerpt":{"rendered":"TEMA CENTRAL | 14\u00ba CCPEM: \u201cAvalia\u00e7\u00e3o Transformadora: Potencializando o Ensino e a Aprendizagem\u201d Eixo 1: Desenvolvimento Docente.Qualifica\u00e7\u00e3o e forma\u00e7\u00e3o de professores na \u00e1rea da sa\u00fade, com foco em metodologias ativas, planejamento de carreira acad\u00eamica e desafios na implementa\u00e7\u00e3o de programas de capacita\u00e7\u00e3o. Eixo 2: Processo de Ensino e Aprendizagem. Estrat\u00e9gias pedag\u00f3gicas inovadoras no ensino m\u00e9dico,&#8230; <a class=\"view-article\" href=\"https:\/\/ccpem.org.br\/2025\/o-congresso\/eixos-congresso\/\">Ver artigo<\/a>","protected":false},"author":2,"featured_media":3629,"parent":23,"menu_order":3,"comment_status":"closed","ping_status":"closed","template":"template_institutional.php","meta":{"_acf_changed":false,"footnotes":""},"class_list":["post-159","page","type-page","status-publish","has-post-thumbnail","hentry"],"acf":[],"_links":{"self":[{"href":"https:\/\/ccpem.org.br\/2025\/wp-json\/wp\/v2\/pages\/159","targetHints":{"allow":["GET"]}}],"collection":[{"href":"https:\/\/ccpem.org.br\/2025\/wp-json\/wp\/v2\/pages"}],"about":[{"href":"https:\/\/ccpem.org.br\/2025\/wp-json\/wp\/v2\/types\/page"}],"author":[{"embeddable":true,"href":"https:\/\/ccpem.org.br\/2025\/wp-json\/wp\/v2\/users\/2"}],"replies":[{"embeddable":true,"href":"https:\/\/ccpem.org.br\/2025\/wp-json\/wp\/v2\/comments?post=159"}],"version-history":[{"count":10,"href":"https:\/\/ccpem.org.br\/2025\/wp-json\/wp\/v2\/pages\/159\/revisions"}],"predecessor-version":[{"id":3507,"href":"https:\/\/ccpem.org.br\/2025\/wp-json\/wp\/v2\/pages\/159\/revisions\/3507"}],"up":[{"embeddable":true,"href":"https:\/\/ccpem.org.br\/2025\/wp-json\/wp\/v2\/pages\/23"}],"wp:featuredmedia":[{"embeddable":true,"href":"https:\/\/ccpem.org.br\/2025\/wp-json\/wp\/v2\/media\/3629"}],"wp:attachment":[{"href":"https:\/\/ccpem.org.br\/2025\/wp-json\/wp\/v2\/media?parent=159"}],"curies":[{"name":"wp","href":"https:\/\/api.w.org\/{rel}","templated":true}]}}