{"id":157,"date":"2016-04-15T04:30:38","date_gmt":"2016-04-15T04:30:38","guid":{"rendered":"http:\/\/cobem.com.br\/2016\/?page_id=157"},"modified":"2025-05-23T17:17:57","modified_gmt":"2025-05-23T17:17:57","slug":"organizacao","status":"publish","type":"page","link":"https:\/\/ccpem.org.br\/2025\/o-congresso\/organizacao\/","title":{"rendered":"Organiza\u00e7\u00e3o"},"content":{"rendered":"<h4><span style=\"color: #000000;\">COMISS\u00c3O ORGANIZADORA<br \/><\/span><\/h4>\n<hr \/>\n<p><span style=\"color: #000000;\"><strong>Diretor da Regional Abem | Sul 2:<\/strong><\/span><br \/><span style=\"color: #000000;\">&#8211; Carlos Eduardo Andrade Pinheiro<br \/><br \/><\/span><\/p>\n<p><span style=\"color: #000000;\"><strong>Presidente Docente<\/strong><\/span><br \/><span style=\"color: #000000;\">&#8211; Carlos Eduardo Andrade Pinheiro<br \/><br \/><\/span><\/p>\n<p><strong>Presidente Discente<\/strong><br \/>&#8211; Carla Cristina Rodrigues<br \/><br \/><\/p>\n<p><strong>Comiss\u00e3o de Infraestrutura:<\/strong><br \/>&#8211; Carlos Eduardo Andrade Pinheiro<br \/><br \/><\/p>\n<p><span style=\"color: #000000;\"><strong>Comiss\u00e3o Cient\u00edfica:<\/strong><\/span><br \/><span style=\"color: #000000;\">&#8211; <\/span>Izabel Cristina Meister Martins Coelho<br \/><br \/><\/p>\n<p><span style=\"color: #000000;\"><strong>Comiss\u00e3o de Trabalhos Acad\u00eamicos:<\/strong><\/span><br \/>&#8211; L\u00edvia Sissi Gon\u00e7alves Souza<br \/>&#8211; Isabelle Lemos<br \/><br \/><\/p>\n<p><span style=\"color: #000000;\"><strong>Comiss\u00e3o Cultural:<br \/><\/strong>&#8211; Alice Ruhoff<strong><br \/><\/strong><\/span>&#8211; Carlos Eduardo Merss<br \/><br \/><\/p>\n<p><strong>Comiss\u00e3o de Divulga\u00e7\u00e3o:<\/strong><br \/>&#8211; Isabelle Lemos<br \/>&#8211; Carla Cristina Rodrigues<br \/>&#8211; Jo\u00e3o Victor Alves da Silva<br \/><br \/><\/p>\n<p><strong>Apoio:<\/strong><br \/>&#8211; Raissa de Deus<br \/>&#8211; Rozane Landskron<br \/>&#8211; Luis Fernando Corr\u00eaa Cartezani<\/p>\n\n\n<p><\/p>\n","protected":false},"excerpt":{"rendered":"COMISS\u00c3O ORGANIZADORA Diretor da Regional Abem | Sul 2:&#8211; Carlos Eduardo Andrade Pinheiro Presidente Docente&#8211; Carlos Eduardo Andrade Pinheiro Presidente Discente&#8211; Carla Cristina Rodrigues Comiss\u00e3o de Infraestrutura:&#8211; Carlos Eduardo Andrade Pinheiro Comiss\u00e3o Cient\u00edfica:&#8211; Izabel Cristina Meister Martins Coelho Comiss\u00e3o de Trabalhos Acad\u00eamicos:&#8211; L\u00edvia Sissi Gon\u00e7alves Souza&#8211; Isabelle Lemos Comiss\u00e3o Cultural:&#8211; Alice Ruhoff&#8211; Carlos Eduardo Merss&#8230; <a class=\"view-article\" href=\"https:\/\/ccpem.org.br\/2025\/o-congresso\/organizacao\/\">Ver artigo<\/a>","protected":false},"author":2,"featured_media":3629,"parent":23,"menu_order":2,"comment_status":"closed","ping_status":"closed","template":"template_institutional.php","meta":{"_acf_changed":false,"footnotes":""},"class_list":["post-157","page","type-page","status-publish","has-post-thumbnail","hentry"],"acf":[],"_links":{"self":[{"href":"https:\/\/ccpem.org.br\/2025\/wp-json\/wp\/v2\/pages\/157","targetHints":{"allow":["GET"]}}],"collection":[{"href":"https:\/\/ccpem.org.br\/2025\/wp-json\/wp\/v2\/pages"}],"about":[{"href":"https:\/\/ccpem.org.br\/2025\/wp-json\/wp\/v2\/types\/page"}],"author":[{"embeddable":true,"href":"https:\/\/ccpem.org.br\/2025\/wp-json\/wp\/v2\/users\/2"}],"replies":[{"embeddable":true,"href":"https:\/\/ccpem.org.br\/2025\/wp-json\/wp\/v2\/comments?post=157"}],"version-history":[{"count":9,"href":"https:\/\/ccpem.org.br\/2025\/wp-json\/wp\/v2\/pages\/157\/revisions"}],"predecessor-version":[{"id":3766,"href":"https:\/\/ccpem.org.br\/2025\/wp-json\/wp\/v2\/pages\/157\/revisions\/3766"}],"up":[{"embeddable":true,"href":"https:\/\/ccpem.org.br\/2025\/wp-json\/wp\/v2\/pages\/23"}],"wp:featuredmedia":[{"embeddable":true,"href":"https:\/\/ccpem.org.br\/2025\/wp-json\/wp\/v2\/media\/3629"}],"wp:attachment":[{"href":"https:\/\/ccpem.org.br\/2025\/wp-json\/wp\/v2\/media?parent=157"}],"curies":[{"name":"wp","href":"https:\/\/api.w.org\/{rel}","templated":true}]}}