{"id":478,"date":"2016-07-13T13:29:32","date_gmt":"2016-07-13T13:29:32","guid":{"rendered":"http:\/\/cobem.com.br\/2016\/?page_id=478"},"modified":"2023-02-09T19:36:38","modified_gmt":"2023-02-09T19:36:38","slug":"o-evento","status":"publish","type":"page","link":"https:\/\/ccpem.org.br\/2023\/o-congresso\/o-evento\/","title":{"rendered":"Sobre o Evento"},"content":{"rendered":"<p>&nbsp;<\/p>\n<p><span style=\"color: #000000;\">A Regional Sul 2 da Associa\u00e7\u00e3o Brasileira de Educa\u00e7\u00e3o M\u00e9dica convida voc\u00ea a participar do XIII Congresso Catarinense e Paranaense de Educa\u00e7\u00e3o M\u00e9dica, que acontecer\u00e1 entre os dias 21 e 22 de abril no Centro Universit\u00e1rio Integrado, em Campo Mour\u00e3o.<\/span><\/p>\n<p>&nbsp;<\/p>\n<p><span style=\"color: #000000;\">O congresso tem como tema central \u201cEducandos e educadores unidos e comprometidos com o mesmo objetivo\u201d. Em um momento em que a sociedade se encontra t\u00e3o dividida e no qual as diferen\u00e7as parecem construir diverg\u00eancias inconcili\u00e1veis, torna-se fundamental a percep\u00e7\u00e3o de que h\u00e1 ao menos uma dimens\u00e3o na qual o di\u00e1logo \u00e9 superior ao isolamento, o acolhimento \u00e9 mais poderoso que o caos. Somente atrav\u00e9s de uma educa\u00e7\u00e3o inclusiva, afetiva, respons\u00e1vel e colaborativa \u00e9 que a divis\u00e3o, que a ignor\u00e2ncia perpetua, retrai. Pensar, refletir, construir est\u00e1 no \u00e2mago da educa\u00e7\u00e3o e tal qual o conhecimento perde a raz\u00e3o de existir sem o indiv\u00edduo, nenhum objeto ou interesse pode suplantar o sujeito. Neste sentido, Educadores e Educandos s\u00e3o terra de um mesmo solo, pessoas de uma mesma gente, brasileira, indivis\u00edvel, plural, \u00fanica, igual! Venha ser todo, porque n\u00f3s nunca fomos parte!<\/span><\/p>\n<p>&nbsp;<\/p>\n<p><span style=\"color: #000000;\">Durante os dois dias de evento, teremos uma programa\u00e7\u00e3o din\u00e2mica e imersiva englobando aspectos cient\u00edficos, culturais e sociais. Atividades de viv\u00eancia, ambi\u00eancia e gincanas esportivas perpassar\u00e3o por toda a programa\u00e7\u00e3o, tornando-a mais leve e permitindo maior intera\u00e7\u00e3o entre educandos, educadores e gestores de diferentes escolas.<\/span><\/p>\n<p>&nbsp;<\/p>\n<p><span style=\"color: #000000;\">O que podemos dizer \u00e9 que 2023 ser\u00e1 um ano simb\u00f3lico. O ano em que, pela primeira vez na hist\u00f3ria da ABEM, um congresso regional ser\u00e1 sediado em uma escola aberta no \u00e2mbito do programa Mais M\u00e9dicos. Acreditamos que, seguindo a linha do COBEM FOZ, este \u00e9 um marco importante para o processo de interioriza\u00e7\u00e3o e descentraliza\u00e7\u00e3o da Educa\u00e7\u00e3o M\u00e9dica no Brasil.<\/span><\/p>\n<p>&nbsp;<\/p>\n<p><span style=\"color: #000000;\">Com muita estima e carinho, esperamos nos encontrar em breve!<\/span><\/p>\n<p>&nbsp;<\/p>\n","protected":false},"excerpt":{"rendered":"&nbsp; A Regional Sul 2 da Associa\u00e7\u00e3o Brasileira de Educa\u00e7\u00e3o M\u00e9dica convida voc\u00ea a participar do XIII Congresso Catarinense e Paranaense de Educa\u00e7\u00e3o M\u00e9dica, que acontecer\u00e1 entre os dias 21 e 22 de abril no Centro Universit\u00e1rio Integrado, em Campo Mour\u00e3o. &nbsp; O congresso tem como tema central \u201cEducandos e educadores unidos e comprometidos com&#8230; <a class=\"view-article\" href=\"https:\/\/ccpem.org.br\/2023\/o-congresso\/o-evento\/\">Ver artigo<\/a>","protected":false},"author":2,"featured_media":3561,"parent":23,"menu_order":1,"comment_status":"closed","ping_status":"closed","template":"template_institutional.php","meta":[],"acf":[],"yoast_head":"<!-- This site is optimized with the Yoast SEO plugin v20.2 - https:\/\/yoast.com\/wordpress\/plugins\/seo\/ -->\n<title>Sobre o Evento - 13\u00b0 CCPEM | Congresso Catarinense e Paranaense de Educa\u00e7\u00e3o M\u00e9dica<\/title>\n<meta name=\"robots\" content=\"index, follow, max-snippet:-1, max-image-preview:large, max-video-preview:-1\" \/>\n<link rel=\"canonical\" href=\"https:\/\/ccpem.org.br\/2023\/o-congresso\/o-evento\/\" \/>\n<meta property=\"og:locale\" content=\"pt_BR\" \/>\n<meta property=\"og:type\" content=\"article\" \/>\n<meta property=\"og:title\" content=\"Sobre o Evento - 13\u00b0 CCPEM | Congresso Catarinense e Paranaense de Educa\u00e7\u00e3o M\u00e9dica\" \/>\n<meta property=\"og:description\" content=\"&nbsp; A Regional Sul 2 da Associa\u00e7\u00e3o Brasileira de Educa\u00e7\u00e3o M\u00e9dica convida voc\u00ea a participar do XIII Congresso Catarinense e Paranaense de Educa\u00e7\u00e3o M\u00e9dica, que acontecer\u00e1 entre os dias 21 e 22 de abril no Centro Universit\u00e1rio Integrado, em Campo Mour\u00e3o. &nbsp; O congresso tem como tema central \u201cEducandos e educadores unidos e comprometidos com... Ver artigo\" \/>\n<meta property=\"og:url\" content=\"https:\/\/ccpem.org.br\/2023\/o-congresso\/o-evento\/\" \/>\n<meta property=\"og:site_name\" content=\"13\u00b0 CCPEM | Congresso Catarinense e Paranaense de Educa\u00e7\u00e3o M\u00e9dica\" \/>\n<meta property=\"article:modified_time\" content=\"2023-02-09T19:36:38+00:00\" \/>\n<meta property=\"og:image\" content=\"https:\/\/ccpem.org.br\/2023\/wp-content\/uploads\/2023\/02\/13ccpem_bg_paginas.jpg\" \/>\n\t<meta property=\"og:image:width\" content=\"1920\" \/>\n\t<meta property=\"og:image:height\" content=\"527\" \/>\n\t<meta property=\"og:image:type\" content=\"image\/jpeg\" \/>\n<meta name=\"twitter:card\" content=\"summary_large_image\" \/>\n<meta name=\"twitter:label1\" content=\"Est. tempo de leitura\" \/>\n\t<meta name=\"twitter:data1\" content=\"2 minutos\" \/>\n<script type=\"application\/ld+json\" class=\"yoast-schema-graph\">{\"@context\":\"https:\/\/schema.org\",\"@graph\":[{\"@type\":\"WebPage\",\"@id\":\"https:\/\/ccpem.org.br\/2023\/o-congresso\/o-evento\/\",\"url\":\"https:\/\/ccpem.org.br\/2023\/o-congresso\/o-evento\/\",\"name\":\"Sobre o Evento - 13\u00b0 CCPEM | Congresso Catarinense e Paranaense de Educa\u00e7\u00e3o M\u00e9dica\",\"isPartOf\":{\"@id\":\"https:\/\/ccpem.org.br\/2023\/#website\"},\"datePublished\":\"2016-07-13T13:29:32+00:00\",\"dateModified\":\"2023-02-09T19:36:38+00:00\",\"breadcrumb\":{\"@id\":\"https:\/\/ccpem.org.br\/2023\/o-congresso\/o-evento\/#breadcrumb\"},\"inLanguage\":\"pt-BR\",\"potentialAction\":[{\"@type\":\"ReadAction\",\"target\":[\"https:\/\/ccpem.org.br\/2023\/o-congresso\/o-evento\/\"]}]},{\"@type\":\"BreadcrumbList\",\"@id\":\"https:\/\/ccpem.org.br\/2023\/o-congresso\/o-evento\/#breadcrumb\",\"itemListElement\":[{\"@type\":\"ListItem\",\"position\":1,\"name\":\"In\u00edcio\",\"item\":\"https:\/\/ccpem.org.br\/2023\/\"},{\"@type\":\"ListItem\",\"position\":2,\"name\":\"O CONGRESSO\",\"item\":\"https:\/\/ccpem.org.br\/2023\/o-congresso\/\"},{\"@type\":\"ListItem\",\"position\":3,\"name\":\"Sobre o Evento\"}]},{\"@type\":\"WebSite\",\"@id\":\"https:\/\/ccpem.org.br\/2023\/#website\",\"url\":\"https:\/\/ccpem.org.br\/2023\/\",\"name\":\"13\u00b0 CCPEM | Congresso Catarinense e Paranaense de Educa\u00e7\u00e3o M\u00e9dica\",\"description\":\"Educandos e educadores unidos e comprometidos com o mesmo objetivo\",\"potentialAction\":[{\"@type\":\"SearchAction\",\"target\":{\"@type\":\"EntryPoint\",\"urlTemplate\":\"https:\/\/ccpem.org.br\/2023\/?s={search_term_string}\"},\"query-input\":\"required name=search_term_string\"}],\"inLanguage\":\"pt-BR\"}]}<\/script>\n<!-- \/ Yoast SEO plugin. -->","yoast_head_json":{"title":"Sobre o Evento - 13\u00b0 CCPEM | Congresso Catarinense e Paranaense de Educa\u00e7\u00e3o M\u00e9dica","robots":{"index":"index","follow":"follow","max-snippet":"max-snippet:-1","max-image-preview":"max-image-preview:large","max-video-preview":"max-video-preview:-1"},"canonical":"https:\/\/ccpem.org.br\/2023\/o-congresso\/o-evento\/","og_locale":"pt_BR","og_type":"article","og_title":"Sobre o Evento - 13\u00b0 CCPEM | Congresso Catarinense e Paranaense de Educa\u00e7\u00e3o M\u00e9dica","og_description":"&nbsp; A Regional Sul 2 da Associa\u00e7\u00e3o Brasileira de Educa\u00e7\u00e3o M\u00e9dica convida voc\u00ea a participar do XIII Congresso Catarinense e Paranaense de Educa\u00e7\u00e3o M\u00e9dica, que acontecer\u00e1 entre os dias 21 e 22 de abril no Centro Universit\u00e1rio Integrado, em Campo Mour\u00e3o. &nbsp; O congresso tem como tema central \u201cEducandos e educadores unidos e comprometidos com... Ver artigo","og_url":"https:\/\/ccpem.org.br\/2023\/o-congresso\/o-evento\/","og_site_name":"13\u00b0 CCPEM | Congresso Catarinense e Paranaense de Educa\u00e7\u00e3o M\u00e9dica","article_modified_time":"2023-02-09T19:36:38+00:00","og_image":[{"width":1920,"height":527,"url":"https:\/\/ccpem.org.br\/2023\/wp-content\/uploads\/2023\/02\/13ccpem_bg_paginas.jpg","type":"image\/jpeg"}],"twitter_card":"summary_large_image","twitter_misc":{"Est. tempo de leitura":"2 minutos"},"schema":{"@context":"https:\/\/schema.org","@graph":[{"@type":"WebPage","@id":"https:\/\/ccpem.org.br\/2023\/o-congresso\/o-evento\/","url":"https:\/\/ccpem.org.br\/2023\/o-congresso\/o-evento\/","name":"Sobre o Evento - 13\u00b0 CCPEM | Congresso Catarinense e Paranaense de Educa\u00e7\u00e3o M\u00e9dica","isPartOf":{"@id":"https:\/\/ccpem.org.br\/2023\/#website"},"datePublished":"2016-07-13T13:29:32+00:00","dateModified":"2023-02-09T19:36:38+00:00","breadcrumb":{"@id":"https:\/\/ccpem.org.br\/2023\/o-congresso\/o-evento\/#breadcrumb"},"inLanguage":"pt-BR","potentialAction":[{"@type":"ReadAction","target":["https:\/\/ccpem.org.br\/2023\/o-congresso\/o-evento\/"]}]},{"@type":"BreadcrumbList","@id":"https:\/\/ccpem.org.br\/2023\/o-congresso\/o-evento\/#breadcrumb","itemListElement":[{"@type":"ListItem","position":1,"name":"In\u00edcio","item":"https:\/\/ccpem.org.br\/2023\/"},{"@type":"ListItem","position":2,"name":"O CONGRESSO","item":"https:\/\/ccpem.org.br\/2023\/o-congresso\/"},{"@type":"ListItem","position":3,"name":"Sobre o Evento"}]},{"@type":"WebSite","@id":"https:\/\/ccpem.org.br\/2023\/#website","url":"https:\/\/ccpem.org.br\/2023\/","name":"13\u00b0 CCPEM | Congresso Catarinense e Paranaense de Educa\u00e7\u00e3o M\u00e9dica","description":"Educandos e educadores unidos e comprometidos com o mesmo objetivo","potentialAction":[{"@type":"SearchAction","target":{"@type":"EntryPoint","urlTemplate":"https:\/\/ccpem.org.br\/2023\/?s={search_term_string}"},"query-input":"required name=search_term_string"}],"inLanguage":"pt-BR"}]}},"_links":{"self":[{"href":"https:\/\/ccpem.org.br\/2023\/wp-json\/wp\/v2\/pages\/478"}],"collection":[{"href":"https:\/\/ccpem.org.br\/2023\/wp-json\/wp\/v2\/pages"}],"about":[{"href":"https:\/\/ccpem.org.br\/2023\/wp-json\/wp\/v2\/types\/page"}],"author":[{"embeddable":true,"href":"https:\/\/ccpem.org.br\/2023\/wp-json\/wp\/v2\/users\/2"}],"replies":[{"embeddable":true,"href":"https:\/\/ccpem.org.br\/2023\/wp-json\/wp\/v2\/comments?post=478"}],"version-history":[{"count":10,"href":"https:\/\/ccpem.org.br\/2023\/wp-json\/wp\/v2\/pages\/478\/revisions"}],"predecessor-version":[{"id":3511,"href":"https:\/\/ccpem.org.br\/2023\/wp-json\/wp\/v2\/pages\/478\/revisions\/3511"}],"up":[{"embeddable":true,"href":"https:\/\/ccpem.org.br\/2023\/wp-json\/wp\/v2\/pages\/23"}],"wp:featuredmedia":[{"embeddable":true,"href":"https:\/\/ccpem.org.br\/2023\/wp-json\/wp\/v2\/media\/3561"}],"wp:attachment":[{"href":"https:\/\/ccpem.org.br\/2023\/wp-json\/wp\/v2\/media?parent=478"}],"curies":[{"name":"wp","href":"https:\/\/api.w.org\/{rel}","templated":true}]}}