{"id":3706,"date":"2016-04-15T04:51:48","date_gmt":"2016-04-15T04:51:48","guid":{"rendered":"https:\/\/ccpem.org.br\/2023\/?page_id=3706"},"modified":"2023-03-28T23:05:05","modified_gmt":"2023-03-28T23:05:05","slug":"alojamento-estudantil","status":"publish","type":"page","link":"https:\/\/ccpem.org.br\/2023\/alojamento-estudantil\/","title":{"rendered":"Alojamento Estudantil"},"content":{"rendered":"<h4 style=\"text-align: center;\"><strong>ALOJAMENTO COMUNIT\u00c1RIO ESTUDANTIL<\/strong><br><strong>13\u00ba CONGRESSO CATARINENSE E PARANAENSE DE EDUCA\u00c7\u00c3O M\u00c9DICA<\/strong><\/h4>\n<hr>\n<p>EST\u00c3O ABERTAS AS INSCRI\u00c7\u00d5ES PARA O ALOJAMENTO ESTUDANTIL DO 13\u00ba CCPEM<\/p>\n<p>&nbsp;<\/p>\n<p><span style=\"color: #000000;\">Para participar, a\/o discente deve:<\/span><\/p>\n<ul>\n<li><span style=\"color: #000000;\">Estar com sua inscri\u00e7\u00e3o no congresso confirmada (paga);<\/span><\/li>\n<li><span style=\"color: #000000;\">Realizar a inscri\u00e7\u00e3o para o alojamento no painel do congressista (<span style=\"color: #008000;\"><a style=\"color: #008000;\" href=\"https:\/\/admin.abem-nacional.com.br\/evento\/13-ccpem\/login\" target=\"_blank\" rel=\"noopener\">clique aqui<\/a><\/span>) do evento, no menu: <strong>Inscri\u00e7\u00f5es -&gt; Inscreva-se<\/strong> e escolher a op\u00e7\u00e3o: Alojamento Estudantil.<\/span><\/li>\n<li><span style=\"color: #000000;\">Confirmar sua inscri\u00e7\u00e3o no alojamento pagando a taxa de R$50,00 no prazo da fatura gerada e comprometer-se com o regulamento dispon\u00edvel abaixo.<\/span><\/li>\n<li><span style=\"color: #000000;\">Al\u00e9m da hospedagem, ser\u00e1 oferecido caf\u00e9 da manh\u00e3 no alojamento (nos dias 21, 22 e 23 de abril) e tamb\u00e9m transporte para o local do encerramento do congresso.<\/span><\/li>\n<\/ul>\n<hr>\n<p style=\"text-align: center;\"><strong>REGULAMENTO PARA USO DO ALOJAMENTO COMUNIT\u00c1RIO ESTUDANTIL:<\/strong><\/p>\n<p>&nbsp;<\/p>\n<p><strong>1. CONSIDERA\u00c7\u00d5ES GERAIS<\/strong><\/p>\n<p><strong>1.1. <\/strong>O presente regulamento cont\u00e9m as normas das inscri\u00e7\u00f5es para o alojamento comunit\u00e1rio a ser oferecido durante o 13\u00b0 Congresso Catarinense Paranaense de Educa\u00e7\u00e3o M\u00e9dica \u2013 CCPEM, bem como sobre as normas de funcionamento. O evento ser\u00e1 realizado entre os dias 21 e 22 de abril de 2023 em Campo Mour\u00e3o, no Centro Universit\u00e1rio Integrado. O alojamento comunit\u00e1rio estar\u00e1 localizado no Campus do Centro Universit\u00e1rio Integrado no Bloco H.<\/p>\n<p>\u2013 Data de entrada no alojamento: 20\/04\/23 (a partir das 18h)<br>\u2013 Data de sa\u00edda do alojamento: 23\/04\/23 (at\u00e9 \u00e0s 10h)<\/p>\n<p>&nbsp;<\/p>\n<p>&nbsp;<\/p>\n<p><strong>2. INSCRI\u00c7\u00c3O<\/strong><\/p>\n<p><strong>2.1.<\/strong> Ser\u00e3o disponibilizadas 100 vagas para todas as 9 Regionais da Abem.<br>&nbsp; &nbsp; &nbsp;<strong>2.1.1.<\/strong> Em continuidade \u00e0 pol\u00edtica de a\u00e7\u00f5es afirmativas da Abem, a Comiss\u00e3o Organizadora do CCPEM deliberou que parte dessas vagas estar\u00e3o acondicionadas com gratuidade para os estudantes contemplados no edital de A\u00e7\u00f5es Afirmativas do 13\u00ba CCPEM, desde que manifestem a confirma\u00e7\u00e3o de interesse realizando sua inscri\u00e7\u00e3o no alojamento conforme definido neste regulamento. <br>&nbsp; &nbsp; &nbsp; <strong>2.1.2.<\/strong> A inscri\u00e7\u00e3o dos candidatos neste edital se encerrar\u00e1 no dia 16\/04\/23 ou quando acabarem as vagas.<\/p>\n<p><strong><br>2.2.<\/strong> As vagas ser\u00e3o destinadas exclusivamente a estudantes devidamente matriculados em Institui\u00e7\u00e3o de Ensino Superior (IES) autorizadas pelo Minist\u00e9rio da Educa\u00e7\u00e3o.<\/p>\n<p><strong><br>2.3.<\/strong> No caso de preenchimento de todas as vagas, a Comiss\u00e3o Organizadora avaliar\u00e1 a possibilidade de expans\u00e3o de seu quantitativo.<\/p>\n<p>&nbsp;<\/p>\n<p><strong>2.4.<\/strong> O acad\u00eamico dever\u00e1 pagar o valor simb\u00f3lico de R$50,00 (cinquenta reais) para sua inscri\u00e7\u00e3o ao alojamento. Somente ser\u00e1 confirmada a inscri\u00e7\u00e3o ap\u00f3s compensa\u00e7\u00e3o do pagamento da fatura gerada no ato da inscri\u00e7\u00e3o. A reserva \u00e9 feita por ordem de pagamento. Na ocorr\u00eancia do n\u00e3o pagamento, a reserva ser\u00e1 cancelada automaticamente.<\/p>\n<p>&nbsp; &nbsp; &nbsp; <strong>2.4.1.<\/strong> Em caso de n\u00e3o comparecimento ou cancelamento, o valor pago pela inscri\u00e7\u00e3o n\u00e3o ser\u00e1 devolvido. A inscri\u00e7\u00e3o \u00e9 intransfer\u00edvel, ou seja, n\u00e3o \u00e9 poss\u00edvel transferir a inscri\u00e7\u00e3o para outra pessoa.<\/p>\n<p>&nbsp;<\/p>\n<p><strong>2.5.<\/strong> A inscri\u00e7\u00e3o no alojamento estar\u00e1 dispon\u00edvel apenas aos congressistas j\u00e1 inscritos no evento e dever\u00e1 ser feita, no per\u00edodo de 15\/03\/2023 a 16\/04\/2023, pelo painel do congressista (<span style=\"color: #008000;\"><a style=\"color: #008000;\" href=\"https:\/\/admin.abem-nacional.com.br\/evento\/13-ccpem\/login\" target=\"_blank\" rel=\"noopener\">clique aqui<\/a><\/span>) do evento no menu: <strong>Inscri\u00e7\u00f5es -&gt; Inscreva-se<\/strong> (necess\u00e1rio estar com a inscri\u00e7\u00e3o do evento paga para que seja exibida a inscri\u00e7\u00e3o no Alojamento Estudantil)<\/p>\n<p>&nbsp;<\/p>\n<p><strong>2.6.<\/strong> N\u00e3o ser\u00e3o aceitas inscri\u00e7\u00f5es realizadas ou solicitadas por qualquer outro meio que n\u00e3o o especificado no Item 2.5.<\/p>\n<p>&nbsp;<\/p>\n<p><strong><br>3. SOBRE A MODALIDADE \u201cALOJAMENTO COMUNIT\u00c1RIO\u201d<\/strong><\/p>\n<p><strong>3.1.<\/strong> A modalidade consiste em oferecer alojamento comunit\u00e1rio aos congressistas discentes interessados, a qual ser\u00e1 disponibilizada no Campus do Centro Universit\u00e1rio Integrado \u2013 Bloco H, entre os dias 20 e 23 de abril de 2023.<\/p>\n<p><strong><br>3.2.<\/strong> O alojamento est\u00e1 localizado na Rua Lauro de Oliveira Souza, 440 &#8211; \u00c1rea Urbanizada II, Campo Mour\u00e3o &#8211; PR, CEP: 87309-701<\/p>\n<p><strong><br>3.3.<\/strong> O alojamento do Campus disp\u00f5e de 100 (cem) vagas, com banheiros distintos para homens, mulheres e adaptado para cadeirantes.<\/p>\n<p><strong><br>3.4.<\/strong> A entrada no alojamento s\u00f3 ser\u00e1 permitida mediante identifica\u00e7\u00e3o entregue \u00e0 Comiss\u00e3o Organizadora na chegada ao alojamento, que ser\u00e1 sua garantia de livre acesso \u00e0s depend\u00eancias do alojamento.<\/p>\n<p>&nbsp;<\/p>\n<p>&nbsp;<\/p>\n<p><strong>4. DOS DIREITOS E DEVERES<\/strong><\/p>\n<p><strong>4.1.<\/strong> O alojamento \u00e9 exclusivo aos congressistas discentes inscritos do 13\u00b0 CCPEM.<\/p>\n<p><strong><br>4.2.<\/strong> Dos deveres dos usu\u00e1rios do alojamento:<\/p>\n<p>&nbsp; &nbsp; &nbsp; <strong>4.2.1.<\/strong> Levar, para fins de uso pessoal, objetos de higiene pessoal (toalhas de banho, sabonete, escova e creme dental, shampoo, etc.);<\/p>\n<p>&nbsp; &nbsp; &nbsp; <strong>4.2.2.<\/strong> Levar colch\u00e3o e\/ou barraca para se acomodar de forma confort\u00e1vel durante a estadia;<\/p>\n<p>&nbsp; &nbsp; &nbsp; <strong>4.2.3.<\/strong> Cooperar e zelar pela manuten\u00e7\u00e3o da ordem, limpeza e seguran\u00e7a do alojamento comunit\u00e1rio;<\/p>\n<p>&nbsp; &nbsp; &nbsp; <strong>4.2.4.<\/strong> Manter quarto e banheiros limpos;<\/p>\n<p>&nbsp; &nbsp; &nbsp; <strong>4.2.5.<\/strong> N\u00e3o perturbar o repouso noturno entre 00h e 6h, bem como n\u00e3o fazer barulhos excessivos em qualquer hor\u00e1rio;<\/p>\n<p>&nbsp; &nbsp; &nbsp; <strong>4.2.6.<\/strong> N\u00e3o ser\u00e3o permitidas, neste per\u00edodo de realiza\u00e7\u00e3o do evento, festas no alojamento comunit\u00e1rio;<\/p>\n<p>&nbsp; &nbsp; &nbsp; <strong>4.2.7.<\/strong> Assumir obriga\u00e7\u00e3o solid\u00e1ria, com os demais benefici\u00e1rios de vaga no alojamento, pela conserva\u00e7\u00e3o das \u00e1reas de uso comum;<\/p>\n<p>&nbsp; &nbsp; &nbsp; <strong>4.2.8.<\/strong> Zelar pelos m\u00f3veis, instala\u00e7\u00f5es e equipamentos do alojamento e responsabilizar-se pela indeniza\u00e7\u00e3o dos preju\u00edzos causados por estragos ou desvios dos mesmos, uma vez comprovada a culpa ou dolo;<\/p>\n<p>&nbsp; &nbsp; &nbsp; <strong>4.2.9.<\/strong> Verificar, ao sair do local em que ocupar vaga no alojamento, se as janelas e torneiras est\u00e3o fechadas, as luzes apagadas e as instala\u00e7\u00f5es el\u00e9tricas desligadas;<\/p>\n<p>&nbsp; &nbsp; &nbsp;<strong> 4.2.10.<\/strong> Zelar pela conviv\u00eancia harmoniosa, respeitando princ\u00edpios de foro \u00edntimo dos demais beneficiados com a concess\u00e3o de vaga no alojamento;<\/p>\n<p>&nbsp; &nbsp; &nbsp; <strong>4.2.11.<\/strong> Levar medicamentos de uso pessoal, se utilizados, responsabilizando-se por seu armazenamento e por sua utiliza\u00e7\u00e3o.<\/p>\n<p><strong><br>4.3.<\/strong> Dos direitos dos usu\u00e1rios do alojamento:<\/p>\n<p>&nbsp; &nbsp; &nbsp; <strong>4.3.1.<\/strong> Usufruir do patrim\u00f4nio do alojamento; o congressista disp\u00f5e de: box para banho sem divis\u00f3rias; equipe de seguran\u00e7a 24 horas; equipe di\u00e1ria de limpeza.<\/p>\n<p>&nbsp; &nbsp; &nbsp; <strong>4.3.2.<\/strong> Usufruir da vaga que lhe foi destinada, salvaguardando e garantindo a integridade da \u00e1rea ocupada, assim como dos bens patrimoniais que a guarnecem;<\/p>\n<p>&nbsp; &nbsp; &nbsp;<strong> 4.3.3.<\/strong> Caf\u00e9 da manh\u00e3, durante todos os dias do evento (nos dias 21, 22 e 23);<\/p>\n<p><strong><br>4.4.<\/strong> Dos deveres da organiza\u00e7\u00e3o do Evento:<\/p>\n<p>&nbsp; &nbsp; &nbsp; <strong>4.4.1.<\/strong> Oferecer caf\u00e9 da manh\u00e3 diariamente aos h\u00f3spedes no alojamento, o qual estar\u00e1 dispon\u00edvel no hor\u00e1rio de 7h;<\/p>\n<p>&nbsp; &nbsp; &nbsp; <strong>4.4.2.<\/strong> Hospedar os congressistas entre os dias 20 a 23 de abril de 2023;<\/p>\n<p>&nbsp; &nbsp; &nbsp; <strong>4.4.3.<\/strong> A Comiss\u00e3o Organizadora n\u00e3o assume qualquer responsabilidade pelos pertences e objetos de valor deixados no interior do Alojamento.<\/p>\n<p><strong><br><\/strong><strong><br>5. DAS FINALIDADES<\/strong><\/p>\n<p><strong>5.1.<\/strong> S\u00e3o finalidades a ambas as partes envolvidas, alojado e organiza\u00e7\u00e3o:<\/p>\n<p>&nbsp; &nbsp; &nbsp; <strong>5.1.1.<\/strong> Oferecer alojamento de baixo custo aos estudantes;<\/p>\n<p>&nbsp; &nbsp; &nbsp; <strong>5.1.2.<\/strong> Conhecer a realidade de estudantes de medicina de diferentes faculdades e\/ou universidades.<\/p>\n<p>&nbsp;<\/p>\n<p>&nbsp;<\/p>\n<p><strong>6. DAS PROIBI\u00c7\u00d5ES<\/strong><\/p>\n<p><strong>6.1.<\/strong> \u00c9 terminantemente proibido aos beneficiados com a concess\u00e3o de vaga no alojamento:<\/p>\n<p>&nbsp; &nbsp; &nbsp; <strong>6.1.1.<\/strong> A\u00e7\u00f5es de discrimina\u00e7\u00e3o de qualquer natureza; racismo; lgbtfobia; machismo; capacitismo; xenofobia e quaisquer outras formas de preconceito e intoler\u00e2ncia;<\/p>\n<p>&nbsp; &nbsp; &nbsp; <strong>6.1.2.<\/strong> Entrar no alojamento comunit\u00e1rio e suas depend\u00eancias com bebidas alco\u00f3licas;<\/p>\n<p>&nbsp; &nbsp; &nbsp; <strong>6.1.3.<\/strong> Fazer uso de fumo de qualquer esp\u00e9cie (cigarro eletr\u00f4nico, cigarro artesanal, narguil\u00e9, etc.) e portar ou consumir qualquer tipo de drogas il\u00edcitas;<\/p>\n<p>&nbsp; &nbsp; &nbsp; <strong>6.1.4.<\/strong> Utilizar os equipamentos de combate a inc\u00eandio, para outros fins que n\u00e3o sejam os de seguran\u00e7a;<\/p>\n<p>&nbsp; &nbsp; &nbsp; <strong>6.1.5.<\/strong> Manter armas de fogo em qualquer depend\u00eancia do alojamento;<\/p>\n<p>&nbsp; &nbsp; &nbsp; <strong>6.1.6.<\/strong> Levar ou manter animais no alojamento;<\/p>\n<p>&nbsp; &nbsp; &nbsp; <strong>6.1.7.<\/strong> Permitir ou facilitar a entrada de pessoas estranhas, sem estarem devidamente identificadas e autorizadas pela organiza\u00e7\u00e3o<\/p>\n<p>&nbsp; &nbsp; &nbsp; <strong>6.1.8.<\/strong> N\u00e3o observar conduta adequada no trajar, sendo terminantemente proibido transitar vestindo biqu\u00ednis, sungas ou roupas que possam causar constrangimento \u00e0s demais pessoas;<\/p>\n<p>&nbsp; &nbsp; &nbsp; <strong>6.1.9.<\/strong> Retirar bens patrimoniais das depend\u00eancias do Campus e ou locais em que estiverem ocupando vaga no alojamento;<\/p>\n<p>&nbsp; &nbsp; &nbsp; <strong>6.1.10.<\/strong> Instalar no alojamento fog\u00f5es el\u00e9tricos ou a g\u00e1s, fogareiros el\u00e9tricos, a g\u00e1s ou a \u00e1lcool, fornos el\u00e9tricos simples ou microondas, m\u00e1quinas de lavar, secadoras de roupas, torneiras el\u00e9tricas, impressoras, freezer, ebulidores, aquecedores de ambiente, ou panelas, cafeteiras, torradeiras e fritadeiras el\u00e9tricas, entre outros equipamentos;<\/p>\n<p>&nbsp; &nbsp; &nbsp; <strong>6.1.11.<\/strong> Manter ou utilizar subst\u00e2ncias t\u00f3xicas, explosivas ou inflam\u00e1veis em qualquer \u00e1rea do alojamento;<\/p>\n<p>&nbsp; &nbsp; &nbsp; <strong>6.1.12.<\/strong> Depositar lixo fora dos locais espec\u00edficos para esta finalidade;<\/p>\n<p>&nbsp; &nbsp; &nbsp; <strong>6.1.13.<\/strong> Utilizar o local em que estiver ocupando vaga ou qualquer \u00e1rea do alojamento para fins comerciais;<\/p>\n<p>&nbsp; &nbsp; &nbsp; <strong>6.1.14.<\/strong> Perturbar o bom funcionamento do alojamento;<\/p>\n<p>&nbsp; &nbsp; &nbsp; <strong>6.1.15.<\/strong> Promover festas, churrascos ou eventos similares nas \u00e1reas comuns.<\/p>\n<p>&nbsp;<\/p>\n<p><strong>7. DAS DISPOSI\u00c7\u00d5ES FINAIS<\/strong><\/p>\n<p><strong>7.1.<\/strong> A inscri\u00e7\u00e3o neste edital denota a concord\u00e2ncia esclarecida com o compromisso de indeniza\u00e7\u00e3o por qualquer dano causado ao patrim\u00f4nio do Centro Universit\u00e1rio Integrado.<\/p>\n<p><strong><br>7.2.<\/strong> A ABEM e o CCPEM n\u00e3o se responsabilizam por pertences deixados no local, perdidos ou extraviados, devendo cada um dos estudantes alojados supervisionar e zelar por seus pertences e os dos demais.<\/p>\n<p>&nbsp;<\/p>\n<p><strong>7.3.<\/strong> Os casos omissos ser\u00e3o resolvidos pela comiss\u00e3o organizadora do CCPEM. Em caso de d\u00favidas\/questionamentos, basta encaminhar e-mail para o endere\u00e7o: <span style=\"color: #008000;\"><a style=\"color: #008000;\" href=\"mailto:alojamento.ccpem@gmail.com\">alojamento.ccpem@gmail.com<\/a><\/span> ou procurar um respons\u00e1vel da Comiss\u00e3o de apoio ao discente do CCPEM. Este Regulamento entra em vigor na data de sua publica\u00e7\u00e3o, revogadas as disposi\u00e7\u00f5es em contr\u00e1rio.<\/p>\n<p>&nbsp;<\/p>\n<p style=\"text-align: right;\">Campo Mour\u00e3o, 17 de mar\u00e7o de 2023<br>13\u00ba Congresso Catarinense e Paranaense de Educa\u00e7\u00e3o M\u00e9dica<br>Comiss\u00e3o Organizadora<\/p>\n<p style=\"text-align: center;\">&nbsp;<\/p>\n<hr>\n<p style=\"text-align: center;\">&nbsp;<\/p>\n\n\n<p><\/p>\n","protected":false},"excerpt":{"rendered":"ALOJAMENTO COMUNIT\u00c1RIO ESTUDANTIL13\u00ba CONGRESSO CATARINENSE E PARANAENSE DE EDUCA\u00c7\u00c3O M\u00c9DICA EST\u00c3O ABERTAS AS INSCRI\u00c7\u00d5ES PARA O ALOJAMENTO ESTUDANTIL DO 13\u00ba CCPEM &nbsp; Para participar, a\/o discente deve: Estar com sua inscri\u00e7\u00e3o no congresso confirmada (paga); Realizar a inscri\u00e7\u00e3o para o alojamento no painel do congressista (clique aqui) do evento, no menu: Inscri\u00e7\u00f5es -&gt; Inscreva-se e&#8230; <a class=\"view-article\" href=\"https:\/\/ccpem.org.br\/2023\/alojamento-estudantil\/\">Ver artigo<\/a>","protected":false},"author":2,"featured_media":3561,"parent":0,"menu_order":6,"comment_status":"closed","ping_status":"closed","template":"template_institutional.php","meta":[],"acf":[],"yoast_head":"<!-- This site is optimized with the Yoast SEO plugin v20.2 - https:\/\/yoast.com\/wordpress\/plugins\/seo\/ -->\n<title>Alojamento Estudantil - 13\u00b0 CCPEM | Congresso Catarinense e Paranaense de Educa\u00e7\u00e3o M\u00e9dica<\/title>\n<meta name=\"robots\" content=\"index, follow, max-snippet:-1, max-image-preview:large, max-video-preview:-1\" \/>\n<link rel=\"canonical\" href=\"https:\/\/ccpem.org.br\/2023\/alojamento-estudantil\/\" \/>\n<meta property=\"og:locale\" content=\"pt_BR\" \/>\n<meta property=\"og:type\" content=\"article\" \/>\n<meta property=\"og:title\" content=\"Alojamento Estudantil - 13\u00b0 CCPEM | Congresso Catarinense e Paranaense de Educa\u00e7\u00e3o M\u00e9dica\" \/>\n<meta property=\"og:description\" content=\"ALOJAMENTO COMUNIT\u00c1RIO ESTUDANTIL13\u00ba CONGRESSO CATARINENSE E PARANAENSE DE EDUCA\u00c7\u00c3O M\u00c9DICA EST\u00c3O ABERTAS AS INSCRI\u00c7\u00d5ES PARA O ALOJAMENTO ESTUDANTIL DO 13\u00ba CCPEM &nbsp; Para participar, a\/o discente deve: Estar com sua inscri\u00e7\u00e3o no congresso confirmada (paga); Realizar a inscri\u00e7\u00e3o para o alojamento no painel do congressista (clique aqui) do evento, no menu: Inscri\u00e7\u00f5es -&gt; Inscreva-se e... Ver artigo\" \/>\n<meta property=\"og:url\" content=\"https:\/\/ccpem.org.br\/2023\/alojamento-estudantil\/\" \/>\n<meta property=\"og:site_name\" content=\"13\u00b0 CCPEM | Congresso Catarinense e Paranaense de Educa\u00e7\u00e3o M\u00e9dica\" \/>\n<meta property=\"article:modified_time\" content=\"2023-03-28T23:05:05+00:00\" \/>\n<meta property=\"og:image\" content=\"https:\/\/ccpem.org.br\/2023\/wp-content\/uploads\/2023\/02\/13ccpem_bg_paginas.jpg\" \/>\n\t<meta property=\"og:image:width\" content=\"1920\" \/>\n\t<meta property=\"og:image:height\" content=\"527\" \/>\n\t<meta property=\"og:image:type\" content=\"image\/jpeg\" \/>\n<meta name=\"twitter:card\" content=\"summary_large_image\" \/>\n<meta name=\"twitter:label1\" content=\"Est. tempo de leitura\" \/>\n\t<meta name=\"twitter:data1\" content=\"8 minutos\" \/>\n<script type=\"application\/ld+json\" class=\"yoast-schema-graph\">{\"@context\":\"https:\/\/schema.org\",\"@graph\":[{\"@type\":\"WebPage\",\"@id\":\"https:\/\/ccpem.org.br\/2023\/alojamento-estudantil\/\",\"url\":\"https:\/\/ccpem.org.br\/2023\/alojamento-estudantil\/\",\"name\":\"Alojamento Estudantil - 13\u00b0 CCPEM | Congresso Catarinense e Paranaense de Educa\u00e7\u00e3o M\u00e9dica\",\"isPartOf\":{\"@id\":\"https:\/\/ccpem.org.br\/2023\/#website\"},\"datePublished\":\"2016-04-15T04:51:48+00:00\",\"dateModified\":\"2023-03-28T23:05:05+00:00\",\"breadcrumb\":{\"@id\":\"https:\/\/ccpem.org.br\/2023\/alojamento-estudantil\/#breadcrumb\"},\"inLanguage\":\"pt-BR\",\"potentialAction\":[{\"@type\":\"ReadAction\",\"target\":[\"https:\/\/ccpem.org.br\/2023\/alojamento-estudantil\/\"]}]},{\"@type\":\"BreadcrumbList\",\"@id\":\"https:\/\/ccpem.org.br\/2023\/alojamento-estudantil\/#breadcrumb\",\"itemListElement\":[{\"@type\":\"ListItem\",\"position\":1,\"name\":\"In\u00edcio\",\"item\":\"https:\/\/ccpem.org.br\/2023\/\"},{\"@type\":\"ListItem\",\"position\":2,\"name\":\"Alojamento Estudantil\"}]},{\"@type\":\"WebSite\",\"@id\":\"https:\/\/ccpem.org.br\/2023\/#website\",\"url\":\"https:\/\/ccpem.org.br\/2023\/\",\"name\":\"13\u00b0 CCPEM | Congresso Catarinense e Paranaense de Educa\u00e7\u00e3o M\u00e9dica\",\"description\":\"Educandos e educadores unidos e comprometidos com o mesmo objetivo\",\"potentialAction\":[{\"@type\":\"SearchAction\",\"target\":{\"@type\":\"EntryPoint\",\"urlTemplate\":\"https:\/\/ccpem.org.br\/2023\/?s={search_term_string}\"},\"query-input\":\"required name=search_term_string\"}],\"inLanguage\":\"pt-BR\"}]}<\/script>\n<!-- \/ Yoast SEO plugin. -->","yoast_head_json":{"title":"Alojamento Estudantil - 13\u00b0 CCPEM | Congresso Catarinense e Paranaense de Educa\u00e7\u00e3o M\u00e9dica","robots":{"index":"index","follow":"follow","max-snippet":"max-snippet:-1","max-image-preview":"max-image-preview:large","max-video-preview":"max-video-preview:-1"},"canonical":"https:\/\/ccpem.org.br\/2023\/alojamento-estudantil\/","og_locale":"pt_BR","og_type":"article","og_title":"Alojamento Estudantil - 13\u00b0 CCPEM | Congresso Catarinense e Paranaense de Educa\u00e7\u00e3o M\u00e9dica","og_description":"ALOJAMENTO COMUNIT\u00c1RIO ESTUDANTIL13\u00ba CONGRESSO CATARINENSE E PARANAENSE DE EDUCA\u00c7\u00c3O M\u00c9DICA EST\u00c3O ABERTAS AS INSCRI\u00c7\u00d5ES PARA O ALOJAMENTO ESTUDANTIL DO 13\u00ba CCPEM &nbsp; Para participar, a\/o discente deve: Estar com sua inscri\u00e7\u00e3o no congresso confirmada (paga); Realizar a inscri\u00e7\u00e3o para o alojamento no painel do congressista (clique aqui) do evento, no menu: Inscri\u00e7\u00f5es -&gt; Inscreva-se e... Ver artigo","og_url":"https:\/\/ccpem.org.br\/2023\/alojamento-estudantil\/","og_site_name":"13\u00b0 CCPEM | Congresso Catarinense e Paranaense de Educa\u00e7\u00e3o M\u00e9dica","article_modified_time":"2023-03-28T23:05:05+00:00","og_image":[{"width":1920,"height":527,"url":"https:\/\/ccpem.org.br\/2023\/wp-content\/uploads\/2023\/02\/13ccpem_bg_paginas.jpg","type":"image\/jpeg"}],"twitter_card":"summary_large_image","twitter_misc":{"Est. tempo de leitura":"8 minutos"},"schema":{"@context":"https:\/\/schema.org","@graph":[{"@type":"WebPage","@id":"https:\/\/ccpem.org.br\/2023\/alojamento-estudantil\/","url":"https:\/\/ccpem.org.br\/2023\/alojamento-estudantil\/","name":"Alojamento Estudantil - 13\u00b0 CCPEM | Congresso Catarinense e Paranaense de Educa\u00e7\u00e3o M\u00e9dica","isPartOf":{"@id":"https:\/\/ccpem.org.br\/2023\/#website"},"datePublished":"2016-04-15T04:51:48+00:00","dateModified":"2023-03-28T23:05:05+00:00","breadcrumb":{"@id":"https:\/\/ccpem.org.br\/2023\/alojamento-estudantil\/#breadcrumb"},"inLanguage":"pt-BR","potentialAction":[{"@type":"ReadAction","target":["https:\/\/ccpem.org.br\/2023\/alojamento-estudantil\/"]}]},{"@type":"BreadcrumbList","@id":"https:\/\/ccpem.org.br\/2023\/alojamento-estudantil\/#breadcrumb","itemListElement":[{"@type":"ListItem","position":1,"name":"In\u00edcio","item":"https:\/\/ccpem.org.br\/2023\/"},{"@type":"ListItem","position":2,"name":"Alojamento Estudantil"}]},{"@type":"WebSite","@id":"https:\/\/ccpem.org.br\/2023\/#website","url":"https:\/\/ccpem.org.br\/2023\/","name":"13\u00b0 CCPEM | Congresso Catarinense e Paranaense de Educa\u00e7\u00e3o M\u00e9dica","description":"Educandos e educadores unidos e comprometidos com o mesmo objetivo","potentialAction":[{"@type":"SearchAction","target":{"@type":"EntryPoint","urlTemplate":"https:\/\/ccpem.org.br\/2023\/?s={search_term_string}"},"query-input":"required name=search_term_string"}],"inLanguage":"pt-BR"}]}},"_links":{"self":[{"href":"https:\/\/ccpem.org.br\/2023\/wp-json\/wp\/v2\/pages\/3706"}],"collection":[{"href":"https:\/\/ccpem.org.br\/2023\/wp-json\/wp\/v2\/pages"}],"about":[{"href":"https:\/\/ccpem.org.br\/2023\/wp-json\/wp\/v2\/types\/page"}],"author":[{"embeddable":true,"href":"https:\/\/ccpem.org.br\/2023\/wp-json\/wp\/v2\/users\/2"}],"replies":[{"embeddable":true,"href":"https:\/\/ccpem.org.br\/2023\/wp-json\/wp\/v2\/comments?post=3706"}],"version-history":[{"count":9,"href":"https:\/\/ccpem.org.br\/2023\/wp-json\/wp\/v2\/pages\/3706\/revisions"}],"predecessor-version":[{"id":3727,"href":"https:\/\/ccpem.org.br\/2023\/wp-json\/wp\/v2\/pages\/3706\/revisions\/3727"}],"wp:featuredmedia":[{"embeddable":true,"href":"https:\/\/ccpem.org.br\/2023\/wp-json\/wp\/v2\/media\/3561"}],"wp:attachment":[{"href":"https:\/\/ccpem.org.br\/2023\/wp-json\/wp\/v2\/media?parent=3706"}],"curies":[{"name":"wp","href":"https:\/\/api.w.org\/{rel}","templated":true}]}}