{"id":3644,"date":"2016-04-15T04:51:48","date_gmt":"2016-04-15T04:51:48","guid":{"rendered":"https:\/\/ccpem.org.br\/2023\/?page_id=3644"},"modified":"2023-04-11T22:32:22","modified_gmt":"2023-04-11T22:32:22","slug":"oficinas-vivencias","status":"publish","type":"page","link":"https:\/\/ccpem.org.br\/2023\/oficinas-vivencias\/","title":{"rendered":"Oficinas e Viv\u00eancias"},"content":{"rendered":"<h4 style=\"text-align: center;\"><br><strong>EST\u00c3O ABERTAS AS INSCRI\u00c7\u00d5ES PARA AS OFICINAS DO 13\u00ba CCPEM!<\/strong><\/h4>\n<hr>\n<p>&nbsp;<\/p>\n<p>Ser\u00e3o oferecidas 29 oficinas, distribu\u00eddas ao longo dos dias 21 e 22 de abril.<\/p>\n<p>Para acessar as atividades, \u00e9 preciso estar com a inscri\u00e7\u00e3o confirmada no evento.<\/p>\n<p>&nbsp;<\/p>\n<p>\u2013 A inscri\u00e7\u00e3o para as oficinas deve ser feita por meio do painel do congressista, no menu <strong>\u201cInscri\u00e7\u00f5es\u201d \u2013&gt; \u201cInscreva-se\u201d.<\/strong><br>As vagas para as oficinas s\u00e3o limitadas e ser\u00e3o preenchidas conforme a ordem de inscri\u00e7\u00e3o.<\/p>\n<p>&nbsp;<\/p>\n<hr>\n<h4 style=\"text-align: center;\"><strong>Edital De Submiss\u00e3o De Oficinas e Viv\u00eancias para o <br>13\u00ba Congresso Catarinense e Paranaense de Educa\u00e7\u00e3o M\u00e9dica | CCPEM 2023<\/strong><\/h4>\n<hr>\n<p>21 e 22 de abril de 2023, no Centro Universit\u00e1rio Integrado, em Campo Mour\u00e3o PR<\/p>\n<p>Tema do evento: Educadores e Educandos unidos por um mesmo objetivo.<\/p>\n<p>A realiza\u00e7\u00e3o de oficinas e viv\u00eancias no evento \u00e9 uma oportunidade para docentes e discentes do curso de Medicina e de outros cursos da \u00e1rea da sa\u00fade compartilharem com os congressistas suas experi\u00eancias locais e produ\u00e7\u00e3o de conhecimento, al\u00e9m de reflex\u00f5es sobre o processo de educa\u00e7\u00e3o.<\/p>\n<p>As oficinas e viv\u00eancias ocorrer\u00e3o nas tardes do dia 21 e 22 de abril e as propostas devem estar relacionadas com a tem\u00e1tica da Educa\u00e7\u00e3o M\u00e9dica.<\/p>\n<hr>\n<p><strong>1. DEFINI\u00c7\u00d5ES:<\/strong><\/p>\n<p><strong>1.1. OFICINAS:<\/strong> S\u00e3o espa\u00e7os de constru\u00e7\u00e3o coletiva do conhecimento, de an\u00e1lise da realidade, de confronto e troca de experi\u00eancias, um lugar onde se aprende fazendo junto com os outros (Candau, 1995). Pode ser iniciada com um momento de exposi\u00e7\u00e3o de conte\u00fado seguido de reflex\u00e3o e a\u00e7\u00e3o superando a dist\u00e2ncia entre teoria e pr\u00e1tica, produzindo um resultado. Exemplos de oficinas: Resid\u00eancias M\u00e9dicas no Brasil: construindo um diagn\u00f3stico inicial e entendendo o papel da ABEM, Construindo bases para Educa\u00e7\u00e3o M\u00e9dica que combate o racismo; , Desenvolvendo compet\u00eancias para a inser\u00e7\u00e3o das PICS na forma\u00e7\u00e3o em sa\u00fade; Desafios lidando com o educando.<\/p>\n<p>&nbsp;<\/p>\n<p><strong>1.2. VIV\u00caNCIAS:<\/strong> S\u00e3o momentos em que o congressista pode experenciar e refletir sobre determinada pr\u00e1tica, t\u00e9cnica ou metodologia. S\u00e3o exemplos de viv\u00eancias: Dan\u00e7as circulares; Musicoterapia como promo\u00e7\u00e3o de bem estar; Pr\u00e1ticas corporais da medicina chinesa como cuidado integral do discente e do docente; Perguntas abrem o mundo; Sess\u00e3o de PBL, sess\u00e3o de TBL. Aqui n\u00e3o se objetiva discutir metodologias ou t\u00e9cnicas e sim vivenciar e experimentar as situa\u00e7\u00f5es propostas.<\/p>\n<p>&nbsp;<\/p>\n<p><strong>2. AMBIENTES DISPONIVEIS:<\/strong><\/p>\n<p><strong>2.1.<\/strong> O 13\u00ba CCPEM ter\u00e1 v\u00e1rios espa\u00e7os dispon\u00edveis para as oficinas e viv\u00eancias no per\u00edodo vespertino do congresso e as propostas devem indicar qual o local desejado e qual a dura\u00e7\u00e3o da atividade;<\/p>\n<p><strong><br>2.2.<\/strong> No dia 21 de abril, ser\u00e3o organizadas as atividades preferencialmente sobre o curr\u00edculo e seus atores e no dia 22 de abril as atividades relacionadas aos m\u00e9todos e medidas.<\/p>\n<p><strong><br>2.3.<\/strong> Os ambientes dispon\u00edveis s\u00e3o:<\/p>\n<ul>\n<li>A). Sala Cora Coralina e Sala Malcom X e Sala Winston Churchil \u2013 salas modulares com capacidade para at\u00e9 80 pessoas,<\/li>\n<li>B). Sala Nise da Silveira (capacidade para 60 carteiras)<\/li>\n<li>C). Lab US \u2013 sala equipada com 6 aparelhos de USG e capacidade para 40 pessoas distribu\u00eddas por macas\/mesa)<\/li>\n<li>D). Hospital Simulado \u2013 composto por uma enfermaria, ambulat\u00f3rio com 12 consult\u00f3rios simulados (OSCE), 2 salas de simula\u00e7\u00e3o de alta fidelidade e laborat\u00f3rio de desastres.<\/li>\n<li>E). 14 salas de tutoria com mesa central e cadeiras para 12 pessoas.<\/li>\n<li>F). Innova Lab \u2013 Sala com capacidade de 50 pessoas com m\u00faltiplos equipamentos multimidia e blocos configur\u00e1veis.<\/li>\n<\/ul>\n<p><strong><br>3. INSCRI\u00c7\u00d5ES<\/strong><\/p>\n<p><strong>3.1.<\/strong> Cada oficina ou viv\u00eancia somente poder\u00e1 ser inscrita uma \u00fanica vez no Congresso, mesmo que autores ou institui\u00e7\u00f5es envolvidas sejam diferentes.<\/p>\n<p><strong><br>3.2.<\/strong> A inscri\u00e7\u00e3o de alguma proposta de oficina n\u00e3o impede que o proponente tamb\u00e9m submeta uma proposta de viv\u00eancia e vice-versa.<\/p>\n<p><strong><br>3.3.<\/strong> As propostas dever\u00e3o apresentar claramente quais os materiais\/equipamentos necess\u00e1rios \u00e0 atividade ser\u00e3o de responsabilidade dos proponentes ou da Comiss\u00e3o Organizadora, que buscar\u00e1 atender as demandas. Caso a solicita\u00e7\u00e3o n\u00e3o seja vi\u00e1vel, do ponto de vista t\u00e9cnico ou or\u00e7ament\u00e1rio, os autores ser\u00e3o informados e poder\u00e3o buscar meios pr\u00f3prios de prover os materiais\/equipamentos ou ajustar \u00e0 realidade dispon\u00edvel.<\/p>\n<p><strong><br>3.4.<\/strong> As atividades poder\u00e3o ter dura\u00e7\u00e3o de 2 (duas) ou 4 (quatro) horas. Se forem programadas atividades com menor dura\u00e7\u00e3o, elas poder\u00e3o ser realizadas em ciclos que completem a dura\u00e7\u00e3o total de 2 ou 4 horas.<\/p>\n<p><strong><br>3.5.<\/strong> O n\u00famero m\u00e1ximo de proponentes por atividade ser\u00e1 de 6 (seis), sendo que pelo menos um dos deve ser s\u00f3cio adimplente da ABEM no momento da inscri\u00e7\u00e3o. Ap\u00f3s divulga\u00e7\u00e3o da lista de atividades selecionadas, n\u00e3o ser\u00e1 poss\u00edvel a inscri\u00e7\u00e3o de outros autores<\/p>\n<p><strong><br>3.6.<\/strong> As propostas dever\u00e3o ser submetidas on-line, por meio do link: <strong><a href=\"https:\/\/forms.gle\/DuoF67KgkGbhnVuJ7\" target=\"_blank\" rel=\"noopener\">https:\/\/forms.gle\/DuoF67KgkGbhnVuJ7<\/a><\/strong> de 15 de fevereiro a 15 de mar\u00e7o. Em hip\u00f3tese alguma ser\u00e3o aceitas propostas enviadas por e-mail, correspond\u00eancia, fax ou qualquer outro meio de comunica\u00e7\u00e3o que n\u00e3o o estabelecido neste par\u00e1grafo.<\/p>\n<p><strong><br>3.7.<\/strong> A realiza\u00e7\u00e3o das atividades selecionadas ser\u00e1 condicionada ao pagamento da taxa de inscri\u00e7\u00e3o do 13\u00ba CCPEM por pelo menos um dos proponentes at\u00e9 o dia: <strong>22\/03\/2023<br><\/strong><\/p>\n<p>&nbsp;<\/p>\n<p><strong>4. DA FORMA DE AVALIA\u00c7\u00c3O<\/strong><\/p>\n<p><strong>4.1.<\/strong> Todas as atividades ser\u00e3o avaliadas e selecionadas exclusivamente pela Comiss\u00e3o Organizadora do 13\u00ba CCPEM, sem men\u00e7\u00e3o a autores ou a institui\u00e7\u00f5es relacionadas, seguindo os crit\u00e9rios:<br>\u2013 Relev\u00e2ncia do tema;<br>\u2013 Qualidade e coer\u00eancia da proposta;<br>\u2013 Inova\u00e7\u00e3o e contribui\u00e7\u00e3o dos produtos para o avan\u00e7o no campo da educa\u00e7\u00e3o m\u00e9dica;<\/p>\n<p><strong><br>4.2.<\/strong> Ser\u00e3o desclassificadas as oficinas e viv\u00eancias que n\u00e3o estiverem dentro dos padr\u00f5es de metodologia proposta ou n\u00e3o seguirem as regras aqui apresentadas.<\/p>\n<p><strong><br>4.3.<\/strong> As atividades selecionadas ser\u00e3o divulgadas, aos autores, no site do Congresso at\u00e9 o dia 25\/03\/2023.<\/p>\n<p><strong><br>4.4.<\/strong> Todas as oficinas selecionadas devem ser realizadas no 13\u00ba CCPEM por seus respectivos autores indicados no momento da inscri\u00e7\u00e3o, em dia e hor\u00e1rio definido e divulgados pela Comiss\u00e3o organizadora no momento da aprova\u00e7\u00e3o.<\/p>\n<p><strong><br><\/strong><strong><br>5. DA INSCRI\u00c7\u00c3O DOS CONGRESSISTAS NAS OFICINAS<\/strong><\/p>\n<p><strong>5.1.<\/strong> A divulga\u00e7\u00e3o das atividades selecionadas ser\u00e1 feita no site do Congresso.<\/p>\n<p><strong><br>5.2.<\/strong> A inscri\u00e7\u00e3o nas atividades estar\u00e1 dispon\u00edvel apenas para os inscritos no congresso atrav\u00e9s do Painel do Congressista, a partir de 26\/03\/2023.<\/p>\n<p><strong><br>5.3.<\/strong> A participa\u00e7\u00e3o na oficina ficar\u00e1 limitada pelo n\u00famero m\u00e1ximo de participantes definido pela proposta submetida no edital.<strong><br><\/strong><\/p>\n<p>&nbsp;<\/p>\n<p><strong>6. AS VIV\u00caNCIAS N\u00c3O TER\u00c3O INSCRI\u00c7\u00c3O PR\u00c9VIA<\/strong><\/p>\n<p><strong><br><\/strong><strong>7. DO CRONOGRAMA<br><\/strong>Os prazos se encerram \u00e0s 23:59 de cada dia, hor\u00e1rio de Bras\u00edlia (DF).<\/p>\n<p><strong>\u2013 IN\u00cdCIO DO PRAZO PARA SUBMISS\u00c3O:<\/strong> 15\/02\/2023<br><strong>\u2013 FIM DO PRAZO PARA SUBMISS\u00c3O:<\/strong> 15\/03\/2023<br><strong>\u2013 DIVULGA\u00c7\u00c3O DAS OFICINAS APROVADAS AOS AUTORES:<\/strong> 25\/03\/2023<br><strong>\u2013 LIMITE PARA PAGAMENTO DA INSCRI\u00c7\u00c3O (Item 3.7):<\/strong> 22\/03\/2023<\/p>\n<p>&nbsp;<\/p>\n<p><strong>8. DOS CERTIFICADOS<\/strong><\/p>\n<p><strong>8.1.<\/strong> Nas oficinas\/viv\u00eancias realizadas durante do 13\u00ba CCPEM, os organizadores constantes na inscri\u00e7\u00e3o e participantes presentes no evento receber\u00e3o certificados.<\/p>\n<p><strong><br>8.2.<\/strong> Apenas os congressistas participantes das oficinas ter\u00e3o certificado de participa\u00e7\u00e3o da atividade.<\/p>\n<p>&nbsp;<\/p>\n<p><strong>9. DISPOSI\u00c7\u00d5ES FINAIS<\/strong><\/p>\n<p><strong>9.1.<\/strong> A Comiss\u00e3o Organizadora reserva-se o direito de cancelar, interromper, suspender ou adiar a submiss\u00e3o e\/ou publica\u00e7\u00e3o das oficinas\/viv\u00eancias no todo ou em parte, em caso fortuito ou de for\u00e7a maior.<\/p>\n<p><strong><br>9.2.<\/strong> Os autores reconhecem e declaram, assumindo todas as responsabilidades legais, de forma irrevog\u00e1vel e irretrat\u00e1vel, que todas as informa\u00e7\u00f5es fornecidas, bem como o conte\u00fado da oficina\/viv\u00eancia inscrita, s\u00e3o verdadeiras, pr\u00f3prias e originais e livres de direitos autorais restritivos.<\/p>\n<p><strong><br>9.3.<\/strong> A Comiss\u00e3o Organizadora \u00e9 incontestavelmente soberana nas suas decis\u00f5es, inexistindo a possibilidade de recursos ou manifesta\u00e7\u00f5es de qualquer esp\u00e9cie neste Congresso.<\/p>\n<p><strong><br>9.4.<\/strong> A inclus\u00e3o de qualquer oficina\/viv\u00eancia, desde que cumprindo as condi\u00e7\u00f5es aqui apresentadas, j\u00e1 caracteriza a aceita\u00e7\u00e3o irrestrita a todas as regras aqui previstas.<\/p>\n<p><strong><br>9.5.<\/strong> Os casos omissos ser\u00e3o analisados pela Comiss\u00e3o Organizadora.<strong><br><\/strong><\/p>\n<p style=\"text-align: center;\">&nbsp;<\/p>\n<hr>\n<p style=\"text-align: center;\">&nbsp;<\/p>\n\n\n<p><\/p>\n","protected":false},"excerpt":{"rendered":"EST\u00c3O ABERTAS AS INSCRI\u00c7\u00d5ES PARA AS OFICINAS DO 13\u00ba CCPEM! &nbsp; Ser\u00e3o oferecidas 29 oficinas, distribu\u00eddas ao longo dos dias 21 e 22 de abril. Para acessar as atividades, \u00e9 preciso estar com a inscri\u00e7\u00e3o confirmada no evento. &nbsp; \u2013 A inscri\u00e7\u00e3o para as oficinas deve ser feita por meio do painel do congressista, no&#8230; <a class=\"view-article\" href=\"https:\/\/ccpem.org.br\/2023\/oficinas-vivencias\/\">Ver artigo<\/a>","protected":false},"author":2,"featured_media":3561,"parent":0,"menu_order":6,"comment_status":"closed","ping_status":"closed","template":"template_institutional.php","meta":[],"acf":[],"yoast_head":"<!-- This site is optimized with the Yoast SEO plugin v20.2 - https:\/\/yoast.com\/wordpress\/plugins\/seo\/ -->\n<title>Oficinas e Viv\u00eancias - 13\u00b0 CCPEM | Congresso Catarinense e Paranaense de Educa\u00e7\u00e3o M\u00e9dica<\/title>\n<meta name=\"robots\" content=\"index, follow, max-snippet:-1, max-image-preview:large, max-video-preview:-1\" \/>\n<link rel=\"canonical\" href=\"https:\/\/ccpem.org.br\/2023\/oficinas-vivencias\/\" \/>\n<meta property=\"og:locale\" content=\"pt_BR\" \/>\n<meta property=\"og:type\" content=\"article\" \/>\n<meta property=\"og:title\" content=\"Oficinas e Viv\u00eancias - 13\u00b0 CCPEM | Congresso Catarinense e Paranaense de Educa\u00e7\u00e3o M\u00e9dica\" \/>\n<meta property=\"og:description\" content=\"EST\u00c3O ABERTAS AS INSCRI\u00c7\u00d5ES PARA AS OFICINAS DO 13\u00ba CCPEM! &nbsp; Ser\u00e3o oferecidas 29 oficinas, distribu\u00eddas ao longo dos dias 21 e 22 de abril. Para acessar as atividades, \u00e9 preciso estar com a inscri\u00e7\u00e3o confirmada no evento. &nbsp; \u2013 A inscri\u00e7\u00e3o para as oficinas deve ser feita por meio do painel do congressista, no... Ver artigo\" \/>\n<meta property=\"og:url\" content=\"https:\/\/ccpem.org.br\/2023\/oficinas-vivencias\/\" \/>\n<meta property=\"og:site_name\" content=\"13\u00b0 CCPEM | Congresso Catarinense e Paranaense de Educa\u00e7\u00e3o M\u00e9dica\" \/>\n<meta property=\"article:modified_time\" content=\"2023-04-11T22:32:22+00:00\" \/>\n<meta property=\"og:image\" content=\"https:\/\/ccpem.org.br\/2023\/wp-content\/uploads\/2023\/02\/13ccpem_bg_paginas.jpg\" \/>\n\t<meta property=\"og:image:width\" content=\"1920\" \/>\n\t<meta property=\"og:image:height\" content=\"527\" \/>\n\t<meta property=\"og:image:type\" content=\"image\/jpeg\" \/>\n<meta name=\"twitter:card\" content=\"summary_large_image\" \/>\n<meta name=\"twitter:label1\" content=\"Est. tempo de leitura\" \/>\n\t<meta name=\"twitter:data1\" content=\"7 minutos\" \/>\n<script type=\"application\/ld+json\" class=\"yoast-schema-graph\">{\"@context\":\"https:\/\/schema.org\",\"@graph\":[{\"@type\":\"WebPage\",\"@id\":\"https:\/\/ccpem.org.br\/2023\/oficinas-vivencias\/\",\"url\":\"https:\/\/ccpem.org.br\/2023\/oficinas-vivencias\/\",\"name\":\"Oficinas e Viv\u00eancias - 13\u00b0 CCPEM | Congresso Catarinense e Paranaense de Educa\u00e7\u00e3o M\u00e9dica\",\"isPartOf\":{\"@id\":\"https:\/\/ccpem.org.br\/2023\/#website\"},\"datePublished\":\"2016-04-15T04:51:48+00:00\",\"dateModified\":\"2023-04-11T22:32:22+00:00\",\"breadcrumb\":{\"@id\":\"https:\/\/ccpem.org.br\/2023\/oficinas-vivencias\/#breadcrumb\"},\"inLanguage\":\"pt-BR\",\"potentialAction\":[{\"@type\":\"ReadAction\",\"target\":[\"https:\/\/ccpem.org.br\/2023\/oficinas-vivencias\/\"]}]},{\"@type\":\"BreadcrumbList\",\"@id\":\"https:\/\/ccpem.org.br\/2023\/oficinas-vivencias\/#breadcrumb\",\"itemListElement\":[{\"@type\":\"ListItem\",\"position\":1,\"name\":\"In\u00edcio\",\"item\":\"https:\/\/ccpem.org.br\/2023\/\"},{\"@type\":\"ListItem\",\"position\":2,\"name\":\"Oficinas e Viv\u00eancias\"}]},{\"@type\":\"WebSite\",\"@id\":\"https:\/\/ccpem.org.br\/2023\/#website\",\"url\":\"https:\/\/ccpem.org.br\/2023\/\",\"name\":\"13\u00b0 CCPEM | Congresso Catarinense e Paranaense de Educa\u00e7\u00e3o M\u00e9dica\",\"description\":\"Educandos e educadores unidos e comprometidos com o mesmo objetivo\",\"potentialAction\":[{\"@type\":\"SearchAction\",\"target\":{\"@type\":\"EntryPoint\",\"urlTemplate\":\"https:\/\/ccpem.org.br\/2023\/?s={search_term_string}\"},\"query-input\":\"required name=search_term_string\"}],\"inLanguage\":\"pt-BR\"}]}<\/script>\n<!-- \/ Yoast SEO plugin. -->","yoast_head_json":{"title":"Oficinas e Viv\u00eancias - 13\u00b0 CCPEM | Congresso Catarinense e Paranaense de Educa\u00e7\u00e3o M\u00e9dica","robots":{"index":"index","follow":"follow","max-snippet":"max-snippet:-1","max-image-preview":"max-image-preview:large","max-video-preview":"max-video-preview:-1"},"canonical":"https:\/\/ccpem.org.br\/2023\/oficinas-vivencias\/","og_locale":"pt_BR","og_type":"article","og_title":"Oficinas e Viv\u00eancias - 13\u00b0 CCPEM | Congresso Catarinense e Paranaense de Educa\u00e7\u00e3o M\u00e9dica","og_description":"EST\u00c3O ABERTAS AS INSCRI\u00c7\u00d5ES PARA AS OFICINAS DO 13\u00ba CCPEM! &nbsp; Ser\u00e3o oferecidas 29 oficinas, distribu\u00eddas ao longo dos dias 21 e 22 de abril. Para acessar as atividades, \u00e9 preciso estar com a inscri\u00e7\u00e3o confirmada no evento. &nbsp; \u2013 A inscri\u00e7\u00e3o para as oficinas deve ser feita por meio do painel do congressista, no... Ver artigo","og_url":"https:\/\/ccpem.org.br\/2023\/oficinas-vivencias\/","og_site_name":"13\u00b0 CCPEM | Congresso Catarinense e Paranaense de Educa\u00e7\u00e3o M\u00e9dica","article_modified_time":"2023-04-11T22:32:22+00:00","og_image":[{"width":1920,"height":527,"url":"https:\/\/ccpem.org.br\/2023\/wp-content\/uploads\/2023\/02\/13ccpem_bg_paginas.jpg","type":"image\/jpeg"}],"twitter_card":"summary_large_image","twitter_misc":{"Est. tempo de leitura":"7 minutos"},"schema":{"@context":"https:\/\/schema.org","@graph":[{"@type":"WebPage","@id":"https:\/\/ccpem.org.br\/2023\/oficinas-vivencias\/","url":"https:\/\/ccpem.org.br\/2023\/oficinas-vivencias\/","name":"Oficinas e Viv\u00eancias - 13\u00b0 CCPEM | Congresso Catarinense e Paranaense de Educa\u00e7\u00e3o M\u00e9dica","isPartOf":{"@id":"https:\/\/ccpem.org.br\/2023\/#website"},"datePublished":"2016-04-15T04:51:48+00:00","dateModified":"2023-04-11T22:32:22+00:00","breadcrumb":{"@id":"https:\/\/ccpem.org.br\/2023\/oficinas-vivencias\/#breadcrumb"},"inLanguage":"pt-BR","potentialAction":[{"@type":"ReadAction","target":["https:\/\/ccpem.org.br\/2023\/oficinas-vivencias\/"]}]},{"@type":"BreadcrumbList","@id":"https:\/\/ccpem.org.br\/2023\/oficinas-vivencias\/#breadcrumb","itemListElement":[{"@type":"ListItem","position":1,"name":"In\u00edcio","item":"https:\/\/ccpem.org.br\/2023\/"},{"@type":"ListItem","position":2,"name":"Oficinas e Viv\u00eancias"}]},{"@type":"WebSite","@id":"https:\/\/ccpem.org.br\/2023\/#website","url":"https:\/\/ccpem.org.br\/2023\/","name":"13\u00b0 CCPEM | Congresso Catarinense e Paranaense de Educa\u00e7\u00e3o M\u00e9dica","description":"Educandos e educadores unidos e comprometidos com o mesmo objetivo","potentialAction":[{"@type":"SearchAction","target":{"@type":"EntryPoint","urlTemplate":"https:\/\/ccpem.org.br\/2023\/?s={search_term_string}"},"query-input":"required name=search_term_string"}],"inLanguage":"pt-BR"}]}},"_links":{"self":[{"href":"https:\/\/ccpem.org.br\/2023\/wp-json\/wp\/v2\/pages\/3644"}],"collection":[{"href":"https:\/\/ccpem.org.br\/2023\/wp-json\/wp\/v2\/pages"}],"about":[{"href":"https:\/\/ccpem.org.br\/2023\/wp-json\/wp\/v2\/types\/page"}],"author":[{"embeddable":true,"href":"https:\/\/ccpem.org.br\/2023\/wp-json\/wp\/v2\/users\/2"}],"replies":[{"embeddable":true,"href":"https:\/\/ccpem.org.br\/2023\/wp-json\/wp\/v2\/comments?post=3644"}],"version-history":[{"count":9,"href":"https:\/\/ccpem.org.br\/2023\/wp-json\/wp\/v2\/pages\/3644\/revisions"}],"predecessor-version":[{"id":3828,"href":"https:\/\/ccpem.org.br\/2023\/wp-json\/wp\/v2\/pages\/3644\/revisions\/3828"}],"wp:featuredmedia":[{"embeddable":true,"href":"https:\/\/ccpem.org.br\/2023\/wp-json\/wp\/v2\/media\/3561"}],"wp:attachment":[{"href":"https:\/\/ccpem.org.br\/2023\/wp-json\/wp\/v2\/media?parent=3644"}],"curies":[{"name":"wp","href":"https:\/\/api.w.org\/{rel}","templated":true}]}}