{"id":3299,"date":"2020-02-13T17:35:16","date_gmt":"2020-02-13T17:35:16","guid":{"rendered":"https:\/\/eventosabem.org.br\/comem\/2020\/?page_id=3299"},"modified":"2023-04-11T02:02:30","modified_gmt":"2023-04-11T02:02:30","slug":"programacao","status":"publish","type":"page","link":"https:\/\/ccpem.org.br\/2023\/programacao\/","title":{"rendered":"Programa\u00e7\u00e3o do Evento"},"content":{"rendered":"<p>\u00a0<\/p>\n<p><iframe id=\"iframe-eventos\" src=\"https:\/\/admin.abem-nacional.com.br\/evento\/13-ccpem\/site\/sub-eventos\" width=\"100%\" frameborder=\"0\" scrolling=\"no\"> <\/iframe><\/p>\n\n\n<p><\/p>\n","protected":false},"excerpt":{"rendered":"\u00a0","protected":false},"author":2,"featured_media":3561,"parent":0,"menu_order":5,"comment_status":"closed","ping_status":"closed","template":"template_institutional.php","meta":[],"acf":[],"yoast_head":"<!-- This site is optimized with the Yoast SEO plugin v20.2 - https:\/\/yoast.com\/wordpress\/plugins\/seo\/ -->\n<title>Programa\u00e7\u00e3o do Evento - 13\u00b0 CCPEM | Congresso Catarinense e Paranaense de Educa\u00e7\u00e3o M\u00e9dica<\/title>\n<meta name=\"robots\" content=\"index, follow, max-snippet:-1, max-image-preview:large, max-video-preview:-1\" \/>\n<link rel=\"canonical\" href=\"https:\/\/ccpem.org.br\/2023\/programacao\/\" \/>\n<meta property=\"og:locale\" content=\"pt_BR\" \/>\n<meta property=\"og:type\" content=\"article\" \/>\n<meta property=\"og:title\" content=\"Programa\u00e7\u00e3o do Evento - 13\u00b0 CCPEM | Congresso Catarinense e Paranaense de Educa\u00e7\u00e3o M\u00e9dica\" \/>\n<meta property=\"og:description\" content=\"\u00a0\" \/>\n<meta property=\"og:url\" content=\"https:\/\/ccpem.org.br\/2023\/programacao\/\" \/>\n<meta property=\"og:site_name\" content=\"13\u00b0 CCPEM | Congresso Catarinense e Paranaense de Educa\u00e7\u00e3o M\u00e9dica\" \/>\n<meta property=\"article:modified_time\" content=\"2023-04-11T02:02:30+00:00\" \/>\n<meta property=\"og:image\" content=\"https:\/\/ccpem.org.br\/2023\/wp-content\/uploads\/2023\/02\/13ccpem_bg_paginas.jpg\" \/>\n\t<meta property=\"og:image:width\" content=\"1920\" \/>\n\t<meta property=\"og:image:height\" content=\"527\" \/>\n\t<meta property=\"og:image:type\" content=\"image\/jpeg\" \/>\n<meta name=\"twitter:card\" content=\"summary_large_image\" \/>\n<script type=\"application\/ld+json\" class=\"yoast-schema-graph\">{\"@context\":\"https:\/\/schema.org\",\"@graph\":[{\"@type\":\"WebPage\",\"@id\":\"https:\/\/ccpem.org.br\/2023\/programacao\/\",\"url\":\"https:\/\/ccpem.org.br\/2023\/programacao\/\",\"name\":\"Programa\u00e7\u00e3o do Evento - 13\u00b0 CCPEM | Congresso Catarinense e Paranaense de Educa\u00e7\u00e3o M\u00e9dica\",\"isPartOf\":{\"@id\":\"https:\/\/ccpem.org.br\/2023\/#website\"},\"datePublished\":\"2020-02-13T17:35:16+00:00\",\"dateModified\":\"2023-04-11T02:02:30+00:00\",\"breadcrumb\":{\"@id\":\"https:\/\/ccpem.org.br\/2023\/programacao\/#breadcrumb\"},\"inLanguage\":\"pt-BR\",\"potentialAction\":[{\"@type\":\"ReadAction\",\"target\":[\"https:\/\/ccpem.org.br\/2023\/programacao\/\"]}]},{\"@type\":\"BreadcrumbList\",\"@id\":\"https:\/\/ccpem.org.br\/2023\/programacao\/#breadcrumb\",\"itemListElement\":[{\"@type\":\"ListItem\",\"position\":1,\"name\":\"In\u00edcio\",\"item\":\"https:\/\/ccpem.org.br\/2023\/\"},{\"@type\":\"ListItem\",\"position\":2,\"name\":\"Programa\u00e7\u00e3o do Evento\"}]},{\"@type\":\"WebSite\",\"@id\":\"https:\/\/ccpem.org.br\/2023\/#website\",\"url\":\"https:\/\/ccpem.org.br\/2023\/\",\"name\":\"13\u00b0 CCPEM | Congresso Catarinense e Paranaense de Educa\u00e7\u00e3o M\u00e9dica\",\"description\":\"Educandos e educadores unidos e comprometidos com o mesmo objetivo\",\"potentialAction\":[{\"@type\":\"SearchAction\",\"target\":{\"@type\":\"EntryPoint\",\"urlTemplate\":\"https:\/\/ccpem.org.br\/2023\/?s={search_term_string}\"},\"query-input\":\"required name=search_term_string\"}],\"inLanguage\":\"pt-BR\"}]}<\/script>\n<!-- \/ Yoast SEO plugin. -->","yoast_head_json":{"title":"Programa\u00e7\u00e3o do Evento - 13\u00b0 CCPEM | Congresso Catarinense e Paranaense de Educa\u00e7\u00e3o M\u00e9dica","robots":{"index":"index","follow":"follow","max-snippet":"max-snippet:-1","max-image-preview":"max-image-preview:large","max-video-preview":"max-video-preview:-1"},"canonical":"https:\/\/ccpem.org.br\/2023\/programacao\/","og_locale":"pt_BR","og_type":"article","og_title":"Programa\u00e7\u00e3o do Evento - 13\u00b0 CCPEM | Congresso Catarinense e Paranaense de Educa\u00e7\u00e3o M\u00e9dica","og_description":"\u00a0","og_url":"https:\/\/ccpem.org.br\/2023\/programacao\/","og_site_name":"13\u00b0 CCPEM | Congresso Catarinense e Paranaense de Educa\u00e7\u00e3o M\u00e9dica","article_modified_time":"2023-04-11T02:02:30+00:00","og_image":[{"width":1920,"height":527,"url":"https:\/\/ccpem.org.br\/2023\/wp-content\/uploads\/2023\/02\/13ccpem_bg_paginas.jpg","type":"image\/jpeg"}],"twitter_card":"summary_large_image","schema":{"@context":"https:\/\/schema.org","@graph":[{"@type":"WebPage","@id":"https:\/\/ccpem.org.br\/2023\/programacao\/","url":"https:\/\/ccpem.org.br\/2023\/programacao\/","name":"Programa\u00e7\u00e3o do Evento - 13\u00b0 CCPEM | Congresso Catarinense e Paranaense de Educa\u00e7\u00e3o M\u00e9dica","isPartOf":{"@id":"https:\/\/ccpem.org.br\/2023\/#website"},"datePublished":"2020-02-13T17:35:16+00:00","dateModified":"2023-04-11T02:02:30+00:00","breadcrumb":{"@id":"https:\/\/ccpem.org.br\/2023\/programacao\/#breadcrumb"},"inLanguage":"pt-BR","potentialAction":[{"@type":"ReadAction","target":["https:\/\/ccpem.org.br\/2023\/programacao\/"]}]},{"@type":"BreadcrumbList","@id":"https:\/\/ccpem.org.br\/2023\/programacao\/#breadcrumb","itemListElement":[{"@type":"ListItem","position":1,"name":"In\u00edcio","item":"https:\/\/ccpem.org.br\/2023\/"},{"@type":"ListItem","position":2,"name":"Programa\u00e7\u00e3o do Evento"}]},{"@type":"WebSite","@id":"https:\/\/ccpem.org.br\/2023\/#website","url":"https:\/\/ccpem.org.br\/2023\/","name":"13\u00b0 CCPEM | Congresso Catarinense e Paranaense de Educa\u00e7\u00e3o M\u00e9dica","description":"Educandos e educadores unidos e comprometidos com o mesmo objetivo","potentialAction":[{"@type":"SearchAction","target":{"@type":"EntryPoint","urlTemplate":"https:\/\/ccpem.org.br\/2023\/?s={search_term_string}"},"query-input":"required name=search_term_string"}],"inLanguage":"pt-BR"}]}},"_links":{"self":[{"href":"https:\/\/ccpem.org.br\/2023\/wp-json\/wp\/v2\/pages\/3299"}],"collection":[{"href":"https:\/\/ccpem.org.br\/2023\/wp-json\/wp\/v2\/pages"}],"about":[{"href":"https:\/\/ccpem.org.br\/2023\/wp-json\/wp\/v2\/types\/page"}],"author":[{"embeddable":true,"href":"https:\/\/ccpem.org.br\/2023\/wp-json\/wp\/v2\/users\/2"}],"replies":[{"embeddable":true,"href":"https:\/\/ccpem.org.br\/2023\/wp-json\/wp\/v2\/comments?post=3299"}],"version-history":[{"count":9,"href":"https:\/\/ccpem.org.br\/2023\/wp-json\/wp\/v2\/pages\/3299\/revisions"}],"predecessor-version":[{"id":3820,"href":"https:\/\/ccpem.org.br\/2023\/wp-json\/wp\/v2\/pages\/3299\/revisions\/3820"}],"wp:featuredmedia":[{"embeddable":true,"href":"https:\/\/ccpem.org.br\/2023\/wp-json\/wp\/v2\/media\/3561"}],"wp:attachment":[{"href":"https:\/\/ccpem.org.br\/2023\/wp-json\/wp\/v2\/media?parent=3299"}],"curies":[{"name":"wp","href":"https:\/\/api.w.org\/{rel}","templated":true}]}}