{"id":1425,"date":"2018-03-23T00:34:03","date_gmt":"2018-03-23T00:34:03","guid":{"rendered":"http:\/\/coemco.com.br\/2018\/?page_id=1425"},"modified":"2023-03-01T15:03:22","modified_gmt":"2023-03-01T15:03:22","slug":"inscricoes","status":"publish","type":"page","link":"https:\/\/ccpem.org.br\/2023\/inscricoes\/","title":{"rendered":"Inscri\u00e7\u00f5es"},"content":{"rendered":"<h4><span style=\"color: #000000;\"><strong>TABELA DE VALORES<\/strong><\/span><\/h4>\n<p>&nbsp;<\/p>\n<p style=\"text-align: center;\"><img decoding=\"async\" class=\"aligncenter wp-image-3579\" src=\"https:\/\/ccpem.org.br\/2023\/wp-content\/uploads\/2023\/02\/13ccpem_tabela_valores.png\" alt=\"\" width=\"85%\"><\/p>\n<p style=\"text-align: center;\"><span style=\"color: #008000;\"><strong>No valor da inscri\u00e7\u00e3o j\u00e1 est\u00e1 incluso a entrada para o Coquetel Festivo (exceto bebidas alc\u00f3olicas)<br>que ser\u00e1 realizado no dia 22\/04, no Sal\u00e3o de Festas Mour\u00e3o Garden,<br>em parceria com o Telhados de Paris e Ana Emp\u00f3rio Bistr\u00f4<\/strong><\/span><\/p>\n<p style=\"text-align: center;\">&nbsp;<\/p>\n<p style=\"text-align: center;\"><a href=\"https:\/\/admin.abem-nacional.com.br\/evento\/13-ccpem\" target=\"_blank\" rel=\"noopener\"><img decoding=\"async\" loading=\"lazy\" class=\"aligncenter wp-image-3683\" src=\"https:\/\/ccpem.org.br\/2023\/wp-content\/uploads\/2023\/02\/13ccpem_btn_inscricao.png\" alt=\"\" width=\"250\" height=\"41\"><\/a><br><a href=\"https:\/\/admin.abem-nacional.com.br\/evento\/13-ccpem\" target=\"_blank\" rel=\"noopener\"><span style=\"color: #008000;\">(inscreva-se)<\/span><\/a><\/p>\n<hr>\n<p><span style=\"color: #000000;\"><strong>Informa\u00e7\u00f5es Importantes:&nbsp;<\/strong><\/span><\/p>\n<p><span style=\"color: #000000;\">a) As vagas para o evento s\u00e3o LIMITADAS!<\/span><br><span style=\"color: #000000;\">b) Inscri\u00e7\u00f5es On-line: at\u00e9 o dia 14\/04\/2023<\/span><br><span style=\"color: #000000;\">c) Formas de pagamentos dispon\u00edveis:<\/span><br><span style=\"color: #000000;\">\u2013 Boleto Banc\u00e1rio (at\u00e9 o dia 14\/04\/2023)<\/span><br><span style=\"color: #000000;\">\u2013 Cart\u00e3o de Cr\u00e9dito<\/span><br><span style=\"color: #000000;\">\u2013 PIX<\/span><\/p>\n<p><span style=\"color: #000000;\"><strong><br>Prazos para compensa\u00e7\u00e3o:<\/strong><\/span><br><span style=\"color: #000000;\">\u2013 Boleto Banc\u00e1rio: em at\u00e9 3 dias \u00fateis<\/span><br><span style=\"color: #000000;\">\u2013 Cart\u00e3o de Cr\u00e9dito: em at\u00e9 1 hora<\/span><br><span style=\"color: #000000;\">\u2013 PIX: 5 minutos<\/span><\/p>\n<hr>\n<h4><span style=\"color: #000000;\"><strong>PACOTE DE INSCRI\u00c7\u00d5ES<\/strong><\/span><\/h4>\n<p><span style=\"color: #000000;\"><br>Ser\u00e3o aceitas inscri\u00e7\u00f5es por pacotes com no m\u00ednimo 10 (dez) inscri\u00e7\u00f5es, pagas em conjunto, de uma s\u00f3 vez, com emiss\u00e3o de boleto \u00fanico em nome do usu\u00e1rio que gerou o pacote.<\/span><\/p>\n<p><span style=\"color: #000000;\">As inscri\u00e7\u00f5es podem ser realizadas por:<br><strong>&#8211; Pessoa Jur\u00eddica<\/strong> (escolas m\u00e9dicas ou outras Institui\u00e7\u00f5es) associada a ABEM.<\/span><br><span style=\"color: #000000;\">&#8211; <strong>Pessoa F\u00edsica<\/strong>, atrav\u00e9s da realiza\u00e7\u00e3o <strong>SOMENTE do CADASTRO<\/strong> que vai gerar o (login + senha).<\/span><\/p>\n<p><span style=\"color: #000000;\"><strong><br>01 | Para fazer o CADASTRO:<\/strong><\/span><br><span style=\"color: #000000;\">&#8211; Na tela inicial do Painel do Congressista clicar, no menu superior, em <strong>CADASTRO<\/strong>.<\/span><br><span style=\"color: #000000;\">&#8211; Preencher o formul\u00e1rio com as informa\u00e7\u00f5es solicitadas e clicar em, <strong>REGISTRAR<br><\/strong>&#8211; Voltar a tela inicial e realizar o <strong>LOGIN<br><\/strong>***Caso a Pessoa F\u00edsica, j\u00e1 tenha participados em qualquer congresso ABEM, nos \u00faltimos 02 (dois) anos, j\u00e1 possu\u00ed o CADASTRO, basta realizar o login ou recuperar a senha de acesso.<strong><br><\/strong><\/span><\/p>\n<p><span style=\"color: #000000;\"><strong><br>02 | Para realizar um Pacote de Inscri\u00e7\u00f5es:<\/strong><\/span><br><span style=\"color: #000000;\">&#8211; Ap\u00f3s realizado o login no painel do congressista, clicar no menu superior: <strong>Inscri\u00e7\u00f5es -&gt;Pacote de Inscri\u00e7\u00f5es<\/strong><\/span><br><span style=\"color: #000000;\">&#8211; Todos os congressistas, que ir\u00e3o compor o pacote, dever\u00e3o estar previamente <strong>cadastrados <\/strong>(apenas cadastrados e n\u00e3o inscritos no evento)&nbsp;no sistema. Caso contr\u00e1rio n\u00e3o ser\u00e1 poss\u00edvel inseri-los no pacote de inscri\u00e7\u00f5es.<\/span><\/p>\n<p><span style=\"color: #000000;\"><br>Abaixo a tabela de desconto referente ao n\u00famero de congressistas por pacote.<\/span><\/p>\n<p>&#8211; Pacote de 10 a 20 inscritos, desconto de 10%<br>&#8211; Pacote de 21 a 30 inscritos, desconto de 15%<br>&#8211; Pacote de 31 a 50 inscritos, desconto de 20%<br>&#8211; Pacote acima de 50 inscritos, desconto de 25%<\/p>\n<p><span style=\"color: #000000;\">Data limite para cadastro de pacote de inscri\u00e7\u00f5es: <strong>14\/04\/2023<\/strong><\/span><\/p>\n<p>&nbsp;<\/p>\n<hr>\n<h4><span style=\"color: #000000;\"><strong>CERTIFICADOS<\/strong><\/span><\/h4>\n<p><span style=\"color: #000000;\"><br>Os certificados DE PARTICIPA\u00c7\u00c3O ser\u00e3o disponibilizados, no painel do congressista, 15 (quinze) dias \u00fateis ap\u00f3s o t\u00e9rmino do evento. N\u00e3o haver\u00e1 emiss\u00e3o de certificados de participa\u00e7\u00e3o no local do evento.<\/span><\/p>\n<h4>&nbsp;<\/h4>\n<hr>\n<h4><span style=\"color: #000000;\"><strong>POL\u00cdTICA DE REEMBOLSO<\/strong><\/span><\/h4>\n<p><span style=\"color: #000000;\"><strong><br>&#8211; Sem Justificativa:<\/strong> Prazo para solicita\u00e7\u00e3o: at\u00e9 30 (trinta) dias antes do evento.<br>Valor a ser reembolsado: 80% do valor pago.<br>Deve-se acessar o painel do congressista, no menu superior clicar em \u201cInscri\u00e7\u00f5es -&gt; Minhas Inscri\u00e7\u00f5es\u201d e solicitar o reembolso da fatura referente a inscri\u00e7\u00e3o no evento.<\/span><\/p>\n<p><span style=\"color: #000000;\"><strong>&#8211; Problemas de Sa\u00fade:<\/strong> Prazo para solicita\u00e7\u00e3o: at\u00e9 3 (tr\u00eas) dias antes do evento.<br>Valor a ser reembolsado: 80% do valor pago. <br>Deve-se acessar o painel do congressista, no menu superior clicar em \u201cInscri\u00e7\u00f5es -&gt; Minhas Inscri\u00e7\u00f5es\u201d e solicitar o reembolso da fatura referente a inscri\u00e7\u00e3o no evento.<\/span><\/p>\n<p><span style=\"color: #000000;\"><strong>&#8211; Duplicidade de Pagamento:<\/strong> Prazo para solicita\u00e7\u00e3o: at\u00e9 3 (tr\u00eas) dias antes do evento.<br>Valor a ser reembolsado: 100% do valor pago. <br>Deve-se acessar o painel do congressista, no menu superior clicar em \u201cInscri\u00e7\u00f5es -&gt; Minhas Inscri\u00e7\u00f5es\u201d e solicitar o reembolso da fatura referente a inscri\u00e7\u00e3o no evento.<\/span><\/p>\n<p><span style=\"color: #000000;\"><strong>&#8211; N\u00e3o Comparecimento:<\/strong> Em caso de n\u00e3o comparecimento, o valor pago pela inscri\u00e7\u00e3o do evento ou oficina n\u00e3o ser\u00e1 devolvido.<\/span><\/p>\n<hr>\n\n\n<p><\/p>\n","protected":false},"excerpt":{"rendered":"TABELA DE VALORES &nbsp; No valor da inscri\u00e7\u00e3o j\u00e1 est\u00e1 incluso a entrada para o Coquetel Festivo (exceto bebidas alc\u00f3olicas)que ser\u00e1 realizado no dia 22\/04, no Sal\u00e3o de Festas Mour\u00e3o Garden,em parceria com o Telhados de Paris e Ana Emp\u00f3rio Bistr\u00f4 &nbsp; (inscreva-se) Informa\u00e7\u00f5es Importantes:&nbsp; a) As vagas para o evento s\u00e3o LIMITADAS!b) Inscri\u00e7\u00f5es On-line:&#8230; <a class=\"view-article\" href=\"https:\/\/ccpem.org.br\/2023\/inscricoes\/\">Ver artigo<\/a>","protected":false},"author":2,"featured_media":3561,"parent":0,"menu_order":8,"comment_status":"closed","ping_status":"closed","template":"template_institutional.php","meta":[],"acf":[],"yoast_head":"<!-- This site is optimized with the Yoast SEO plugin v20.2 - https:\/\/yoast.com\/wordpress\/plugins\/seo\/ -->\n<title>Inscri\u00e7\u00f5es - 13\u00b0 CCPEM | Congresso Catarinense e Paranaense de Educa\u00e7\u00e3o M\u00e9dica<\/title>\n<meta name=\"robots\" content=\"index, follow, max-snippet:-1, max-image-preview:large, max-video-preview:-1\" \/>\n<link rel=\"canonical\" href=\"https:\/\/ccpem.org.br\/2023\/inscricoes\/\" \/>\n<meta property=\"og:locale\" content=\"pt_BR\" \/>\n<meta property=\"og:type\" content=\"article\" \/>\n<meta property=\"og:title\" content=\"Inscri\u00e7\u00f5es - 13\u00b0 CCPEM | Congresso Catarinense e Paranaense de Educa\u00e7\u00e3o M\u00e9dica\" \/>\n<meta property=\"og:description\" content=\"TABELA DE VALORES &nbsp; No valor da inscri\u00e7\u00e3o j\u00e1 est\u00e1 incluso a entrada para o Coquetel Festivo (exceto bebidas alc\u00f3olicas)que ser\u00e1 realizado no dia 22\/04, no Sal\u00e3o de Festas Mour\u00e3o Garden,em parceria com o Telhados de Paris e Ana Emp\u00f3rio Bistr\u00f4 &nbsp; (inscreva-se) Informa\u00e7\u00f5es Importantes:&nbsp; a) As vagas para o evento s\u00e3o LIMITADAS!b) Inscri\u00e7\u00f5es On-line:... Ver artigo\" \/>\n<meta property=\"og:url\" content=\"https:\/\/ccpem.org.br\/2023\/inscricoes\/\" \/>\n<meta property=\"og:site_name\" content=\"13\u00b0 CCPEM | Congresso Catarinense e Paranaense de Educa\u00e7\u00e3o M\u00e9dica\" \/>\n<meta property=\"article:modified_time\" content=\"2023-03-01T15:03:22+00:00\" \/>\n<meta property=\"og:image\" content=\"https:\/\/ccpem.org.br\/2023\/wp-content\/uploads\/2023\/02\/13ccpem_bg_paginas.jpg\" \/>\n\t<meta property=\"og:image:width\" content=\"1920\" \/>\n\t<meta property=\"og:image:height\" content=\"527\" \/>\n\t<meta property=\"og:image:type\" content=\"image\/jpeg\" \/>\n<meta name=\"twitter:card\" content=\"summary_large_image\" \/>\n<meta name=\"twitter:label1\" content=\"Est. tempo de leitura\" \/>\n\t<meta name=\"twitter:data1\" content=\"4 minutos\" \/>\n<script type=\"application\/ld+json\" class=\"yoast-schema-graph\">{\"@context\":\"https:\/\/schema.org\",\"@graph\":[{\"@type\":\"WebPage\",\"@id\":\"https:\/\/ccpem.org.br\/2023\/inscricoes\/\",\"url\":\"https:\/\/ccpem.org.br\/2023\/inscricoes\/\",\"name\":\"Inscri\u00e7\u00f5es - 13\u00b0 CCPEM | Congresso Catarinense e Paranaense de Educa\u00e7\u00e3o M\u00e9dica\",\"isPartOf\":{\"@id\":\"https:\/\/ccpem.org.br\/2023\/#website\"},\"datePublished\":\"2018-03-23T00:34:03+00:00\",\"dateModified\":\"2023-03-01T15:03:22+00:00\",\"breadcrumb\":{\"@id\":\"https:\/\/ccpem.org.br\/2023\/inscricoes\/#breadcrumb\"},\"inLanguage\":\"pt-BR\",\"potentialAction\":[{\"@type\":\"ReadAction\",\"target\":[\"https:\/\/ccpem.org.br\/2023\/inscricoes\/\"]}]},{\"@type\":\"BreadcrumbList\",\"@id\":\"https:\/\/ccpem.org.br\/2023\/inscricoes\/#breadcrumb\",\"itemListElement\":[{\"@type\":\"ListItem\",\"position\":1,\"name\":\"In\u00edcio\",\"item\":\"https:\/\/ccpem.org.br\/2023\/\"},{\"@type\":\"ListItem\",\"position\":2,\"name\":\"Inscri\u00e7\u00f5es\"}]},{\"@type\":\"WebSite\",\"@id\":\"https:\/\/ccpem.org.br\/2023\/#website\",\"url\":\"https:\/\/ccpem.org.br\/2023\/\",\"name\":\"13\u00b0 CCPEM | Congresso Catarinense e Paranaense de Educa\u00e7\u00e3o M\u00e9dica\",\"description\":\"Educandos e educadores unidos e comprometidos com o mesmo objetivo\",\"potentialAction\":[{\"@type\":\"SearchAction\",\"target\":{\"@type\":\"EntryPoint\",\"urlTemplate\":\"https:\/\/ccpem.org.br\/2023\/?s={search_term_string}\"},\"query-input\":\"required name=search_term_string\"}],\"inLanguage\":\"pt-BR\"}]}<\/script>\n<!-- \/ Yoast SEO plugin. -->","yoast_head_json":{"title":"Inscri\u00e7\u00f5es - 13\u00b0 CCPEM | Congresso Catarinense e Paranaense de Educa\u00e7\u00e3o M\u00e9dica","robots":{"index":"index","follow":"follow","max-snippet":"max-snippet:-1","max-image-preview":"max-image-preview:large","max-video-preview":"max-video-preview:-1"},"canonical":"https:\/\/ccpem.org.br\/2023\/inscricoes\/","og_locale":"pt_BR","og_type":"article","og_title":"Inscri\u00e7\u00f5es - 13\u00b0 CCPEM | Congresso Catarinense e Paranaense de Educa\u00e7\u00e3o M\u00e9dica","og_description":"TABELA DE VALORES &nbsp; No valor da inscri\u00e7\u00e3o j\u00e1 est\u00e1 incluso a entrada para o Coquetel Festivo (exceto bebidas alc\u00f3olicas)que ser\u00e1 realizado no dia 22\/04, no Sal\u00e3o de Festas Mour\u00e3o Garden,em parceria com o Telhados de Paris e Ana Emp\u00f3rio Bistr\u00f4 &nbsp; (inscreva-se) Informa\u00e7\u00f5es Importantes:&nbsp; a) As vagas para o evento s\u00e3o LIMITADAS!b) Inscri\u00e7\u00f5es On-line:... Ver artigo","og_url":"https:\/\/ccpem.org.br\/2023\/inscricoes\/","og_site_name":"13\u00b0 CCPEM | Congresso Catarinense e Paranaense de Educa\u00e7\u00e3o M\u00e9dica","article_modified_time":"2023-03-01T15:03:22+00:00","og_image":[{"width":1920,"height":527,"url":"https:\/\/ccpem.org.br\/2023\/wp-content\/uploads\/2023\/02\/13ccpem_bg_paginas.jpg","type":"image\/jpeg"}],"twitter_card":"summary_large_image","twitter_misc":{"Est. tempo de leitura":"4 minutos"},"schema":{"@context":"https:\/\/schema.org","@graph":[{"@type":"WebPage","@id":"https:\/\/ccpem.org.br\/2023\/inscricoes\/","url":"https:\/\/ccpem.org.br\/2023\/inscricoes\/","name":"Inscri\u00e7\u00f5es - 13\u00b0 CCPEM | Congresso Catarinense e Paranaense de Educa\u00e7\u00e3o M\u00e9dica","isPartOf":{"@id":"https:\/\/ccpem.org.br\/2023\/#website"},"datePublished":"2018-03-23T00:34:03+00:00","dateModified":"2023-03-01T15:03:22+00:00","breadcrumb":{"@id":"https:\/\/ccpem.org.br\/2023\/inscricoes\/#breadcrumb"},"inLanguage":"pt-BR","potentialAction":[{"@type":"ReadAction","target":["https:\/\/ccpem.org.br\/2023\/inscricoes\/"]}]},{"@type":"BreadcrumbList","@id":"https:\/\/ccpem.org.br\/2023\/inscricoes\/#breadcrumb","itemListElement":[{"@type":"ListItem","position":1,"name":"In\u00edcio","item":"https:\/\/ccpem.org.br\/2023\/"},{"@type":"ListItem","position":2,"name":"Inscri\u00e7\u00f5es"}]},{"@type":"WebSite","@id":"https:\/\/ccpem.org.br\/2023\/#website","url":"https:\/\/ccpem.org.br\/2023\/","name":"13\u00b0 CCPEM | Congresso Catarinense e Paranaense de Educa\u00e7\u00e3o M\u00e9dica","description":"Educandos e educadores unidos e comprometidos com o mesmo objetivo","potentialAction":[{"@type":"SearchAction","target":{"@type":"EntryPoint","urlTemplate":"https:\/\/ccpem.org.br\/2023\/?s={search_term_string}"},"query-input":"required name=search_term_string"}],"inLanguage":"pt-BR"}]}},"_links":{"self":[{"href":"https:\/\/ccpem.org.br\/2023\/wp-json\/wp\/v2\/pages\/1425"}],"collection":[{"href":"https:\/\/ccpem.org.br\/2023\/wp-json\/wp\/v2\/pages"}],"about":[{"href":"https:\/\/ccpem.org.br\/2023\/wp-json\/wp\/v2\/types\/page"}],"author":[{"embeddable":true,"href":"https:\/\/ccpem.org.br\/2023\/wp-json\/wp\/v2\/users\/2"}],"replies":[{"embeddable":true,"href":"https:\/\/ccpem.org.br\/2023\/wp-json\/wp\/v2\/comments?post=1425"}],"version-history":[{"count":10,"href":"https:\/\/ccpem.org.br\/2023\/wp-json\/wp\/v2\/pages\/1425\/revisions"}],"predecessor-version":[{"id":3703,"href":"https:\/\/ccpem.org.br\/2023\/wp-json\/wp\/v2\/pages\/1425\/revisions\/3703"}],"wp:featuredmedia":[{"embeddable":true,"href":"https:\/\/ccpem.org.br\/2023\/wp-json\/wp\/v2\/media\/3561"}],"wp:attachment":[{"href":"https:\/\/ccpem.org.br\/2023\/wp-json\/wp\/v2\/media?parent=1425"}],"curies":[{"name":"wp","href":"https:\/\/api.w.org\/{rel}","templated":true}]}}