{"id":135,"date":"2016-03-31T14:21:06","date_gmt":"2016-03-31T14:21:06","guid":{"rendered":"http:\/\/localhost:8080\/?page_id=2"},"modified":"2023-05-22T23:04:32","modified_gmt":"2023-05-22T23:04:32","slug":"home","status":"publish","type":"page","link":"https:\/\/ccpem.org.br\/2023\/","title":{"rendered":"13\u00ba Congresso Catarinense<br\/>e Paranaense de Educa\u00e7\u00e3o M\u00e9dica"},"content":{"rendered":"<h4 style=\"text-align: center;\"><strong>MURAL DE NOT\u00cdCIAS<\/strong><\/h4>\n<p>&nbsp;<\/p>\n<p style=\"text-align: center;\"><a href=\"https:\/\/admin.abem-nacional.com.br\/evento\/13-ccpem\/login\" target=\"_blank\" rel=\"noopener\"><img decoding=\"async\" loading=\"lazy\" class=\"aligncenter wp-image-3842\" src=\"https:\/\/ccpem.org.br\/2023\/wp-content\/uploads\/2023\/05\/13CCPEM_Card_Certificados.jpg\" alt=\"\" width=\"300\" height=\"300\"><\/a><\/p>\n<p style=\"text-align: center;\">Os certificados de participa\u00e7\u00e3o e apresenta\u00e7\u00e3o de trabalhos do 13\u00ba CCPEM <br>est\u00e3o dispon\u00edveis para download, no <strong>Painel do Congressista<\/strong>, no menu: Certificados.<\/p>\n<p>&nbsp;<\/p>\n<p>&nbsp;<\/p>\n<hr>\n<h4 style=\"text-align: center;\"><strong>Seja bem-vindo!<\/strong><\/h4>\n<p>&nbsp;<\/p>\n<p>A Regional Sul 2 da Associa\u00e7\u00e3o Brasileira de Educa\u00e7\u00e3o M\u00e9dica convida voc\u00ea a participar do XIII Congresso Catarinense e Paranaense de Educa\u00e7\u00e3o M\u00e9dica, que acontecer\u00e1 entre os dias 21 e 22 de abril no Centro Universit\u00e1rio Integrado, em Campo Mour\u00e3o.<\/p>\n<p>&nbsp;<\/p>\n<p>O congresso tem como tema central \u201cEducandos e educadores unidos e comprometidos com o mesmo objetivo\u201d. Em um momento em que a sociedade se encontra t\u00e3o dividida e no qual as diferen\u00e7as parecem construir diverg\u00eancias inconcili\u00e1veis, torna-se fundamental a percep\u00e7\u00e3o de que h\u00e1 ao menos uma dimens\u00e3o na qual o di\u00e1logo \u00e9 superior ao isolamento, o acolhimento \u00e9 mais poderoso que o caos. Somente atrav\u00e9s de uma educa\u00e7\u00e3o inclusiva, afetiva, respons\u00e1vel e colaborativa \u00e9 que a divis\u00e3o, que a ignor\u00e2ncia perpetua, retrai. Pensar, refletir, construir est\u00e1 no \u00e2mago da educa\u00e7\u00e3o e tal qual o conhecimento perde a raz\u00e3o de existir sem o indiv\u00edduo, nenhum objeto ou interesse pode suplantar o sujeito. Neste sentido, Educadores e Educandos s\u00e3o terra de um mesmo solo, pessoas de uma mesma gente, brasileira, indivis\u00edvel, plural, \u00fanica, igual! Venha ser todo, porque n\u00f3s nunca fomos parte!<\/p>\n<p>&nbsp;<\/p>\n<p>Durante os dois dias de evento, teremos uma programa\u00e7\u00e3o din\u00e2mica e imersiva englobando aspectos cient\u00edficos, culturais e sociais. Atividades de viv\u00eancia, ambi\u00eancia e gincanas esportivas perpassar\u00e3o por toda a programa\u00e7\u00e3o, tornando-a mais leve e permitindo maior intera\u00e7\u00e3o entre educandos, educadores e gestores de diferentes escolas.<\/p>\n<p>&nbsp;<\/p>\n<p>O que podemos dizer \u00e9 que 2023 ser\u00e1 um ano simb\u00f3lico. O ano em que, pela primeira vez na hist\u00f3ria da ABEM, um congresso regional ser\u00e1 sediado em uma escola aberta no \u00e2mbito do programa Mais M\u00e9dicos. Acreditamos que, seguindo a linha do COBEM FOZ, este \u00e9 um marco importante para o processo de interioriza\u00e7\u00e3o e descentraliza\u00e7\u00e3o da Educa\u00e7\u00e3o M\u00e9dica no Brasil.<\/p>\n<p>&nbsp;<\/p>\n<p>Com muita estima e carinho, esperamos nos encontrar em breve!<\/p>\n<p>&nbsp;<\/p>\n<hr>\n<h4 style=\"text-align: center;\"><strong>PATROCINADORES<\/strong><\/h4>\n<hr>\n<p>&nbsp;<\/p>\n<p style=\"text-align: center;\">PATROCINADORES | OURO<\/p>\n<p style=\"text-align: center;\"><img decoding=\"async\" loading=\"lazy\" class=\"aligncenter wp-image-3780\" src=\"https:\/\/ccpem.org.br\/2023\/wp-content\/uploads\/2023\/04\/sispreme_ouro.png\" alt=\"\" width=\"250\" height=\"141\"><\/p>\n<hr>\n<p style=\"text-align: center;\">PATROCINADORES | PRATA<\/p>\n<p style=\"text-align: center;\">&nbsp;<\/p>\n<p style=\"text-align: center;\"><img decoding=\"async\" loading=\"lazy\" class=\"alignleft wp-image-3777\" src=\"https:\/\/ccpem.org.br\/2023\/wp-content\/uploads\/2023\/04\/3b_prata.png\" alt=\"\" width=\"200\" height=\"113\"> <img decoding=\"async\" loading=\"lazy\" class=\"alignleft wp-image-3779\" src=\"https:\/\/ccpem.org.br\/2023\/wp-content\/uploads\/2023\/04\/sanar_prata.png\" alt=\"\" width=\"200\" height=\"113\"> <img decoding=\"async\" loading=\"lazy\" class=\"alignleft wp-image-3778\" src=\"https:\/\/ccpem.org.br\/2023\/wp-content\/uploads\/2023\/04\/civiam_prata.png\" alt=\"\" width=\"200\" height=\"113\"> <img decoding=\"async\" loading=\"lazy\" class=\"alignleft wp-image-3781\" src=\"https:\/\/ccpem.org.br\/2023\/wp-content\/uploads\/2023\/04\/sprmed_prata.png\" alt=\"\" width=\"200\" height=\"113\"><\/p>\n<p>&nbsp;<\/p>\n<hr>\n<h4 style=\"text-align: center;\"><strong><br>REALIZA\u00c7\u00c3O:<\/strong><\/h4>\n<p>&nbsp;<\/p>\n<p style=\"text-align: center;\"><img decoding=\"async\" loading=\"lazy\" class=\"alignleft wp-image-2969\" src=\"https:\/\/ccpem.org.br\/2023\/wp-content\/uploads\/2019\/09\/abem_v2-250x121.jpg\" alt=\"\" width=\"270\" height=\"130\" srcset=\"https:\/\/ccpem.org.br\/2023\/wp-content\/uploads\/2019\/09\/abem_v2-250x121.jpg 250w, https:\/\/ccpem.org.br\/2023\/wp-content\/uploads\/2019\/09\/abem_v2-120x58.jpg 120w, https:\/\/ccpem.org.br\/2023\/wp-content\/uploads\/2019\/09\/abem_v2.jpg 580w\" sizes=\"(max-width: 270px) 100vw, 270px\" \/> <img decoding=\"async\" loading=\"lazy\" class=\"alignleft wp-image-3660\" src=\"https:\/\/ccpem.org.br\/2023\/wp-content\/uploads\/2023\/02\/logo_integrado.jpg\" alt=\"\" width=\"220\" height=\"116\"><\/p>\n<p>&nbsp;<\/p>\n\n\n<p><\/p>\n","protected":false},"excerpt":{"rendered":"MURAL DE NOT\u00cdCIAS &nbsp; Os certificados de participa\u00e7\u00e3o e apresenta\u00e7\u00e3o de trabalhos do 13\u00ba CCPEM est\u00e3o dispon\u00edveis para download, no Painel do Congressista, no menu: Certificados. &nbsp; &nbsp; Seja bem-vindo! &nbsp; A Regional Sul 2 da Associa\u00e7\u00e3o Brasileira de Educa\u00e7\u00e3o M\u00e9dica convida voc\u00ea a participar do XIII Congresso Catarinense e Paranaense de Educa\u00e7\u00e3o M\u00e9dica, que&#8230; <a class=\"view-article\" href=\"https:\/\/ccpem.org.br\/2023\/\">Ver artigo<\/a>","protected":false},"author":2,"featured_media":3540,"parent":0,"menu_order":1,"comment_status":"closed","ping_status":"closed","template":"template_home.php","meta":[],"acf":[],"yoast_head":"<!-- This site is optimized with the Yoast SEO plugin v20.2 - https:\/\/yoast.com\/wordpress\/plugins\/seo\/ -->\n<title>13\u00ba Congresso Catarinensee Paranaense de Educa\u00e7\u00e3o M\u00e9dica - 13\u00b0 CCPEM | Congresso Catarinense e Paranaense de Educa\u00e7\u00e3o M\u00e9dica<\/title>\n<meta name=\"robots\" content=\"index, follow, max-snippet:-1, max-image-preview:large, max-video-preview:-1\" \/>\n<link rel=\"canonical\" href=\"https:\/\/ccpem.org.br\/2023\/\" \/>\n<meta property=\"og:locale\" content=\"pt_BR\" \/>\n<meta property=\"og:type\" content=\"article\" \/>\n<meta property=\"og:title\" content=\"13\u00ba Congresso Catarinensee Paranaense de Educa\u00e7\u00e3o M\u00e9dica - 13\u00b0 CCPEM | Congresso Catarinense e Paranaense de Educa\u00e7\u00e3o M\u00e9dica\" \/>\n<meta property=\"og:description\" content=\"MURAL DE NOT\u00cdCIAS &nbsp; Os certificados de participa\u00e7\u00e3o e apresenta\u00e7\u00e3o de trabalhos do 13\u00ba CCPEM est\u00e3o dispon\u00edveis para download, no Painel do Congressista, no menu: Certificados. &nbsp; &nbsp; Seja bem-vindo! &nbsp; A Regional Sul 2 da Associa\u00e7\u00e3o Brasileira de Educa\u00e7\u00e3o M\u00e9dica convida voc\u00ea a participar do XIII Congresso Catarinense e Paranaense de Educa\u00e7\u00e3o M\u00e9dica, que... Ver artigo\" \/>\n<meta property=\"og:url\" content=\"https:\/\/ccpem.org.br\/2023\/\" \/>\n<meta property=\"og:site_name\" content=\"13\u00b0 CCPEM | Congresso Catarinense e Paranaense de Educa\u00e7\u00e3o M\u00e9dica\" \/>\n<meta property=\"article:modified_time\" content=\"2023-05-22T23:04:32+00:00\" \/>\n<meta property=\"og:image\" content=\"https:\/\/ccpem.org.br\/2023\/wp-content\/uploads\/2023\/02\/Conceito-Visual-CCPEM-2023_site.jpg\" \/>\n\t<meta property=\"og:image:width\" content=\"1280\" \/>\n\t<meta property=\"og:image:height\" content=\"905\" \/>\n\t<meta property=\"og:image:type\" content=\"image\/jpeg\" \/>\n<meta name=\"twitter:card\" content=\"summary_large_image\" \/>\n<meta name=\"twitter:image\" content=\"https:\/\/ccpem.org.br\/2023\/wp-content\/uploads\/2023\/02\/Conceito-Visual-CCPEM-2023_site.jpg\" \/>\n<meta name=\"twitter:label1\" content=\"Est. tempo de leitura\" \/>\n\t<meta name=\"twitter:data1\" content=\"4 minutos\" \/>\n<script type=\"application\/ld+json\" class=\"yoast-schema-graph\">{\"@context\":\"https:\/\/schema.org\",\"@graph\":[{\"@type\":\"WebPage\",\"@id\":\"https:\/\/ccpem.org.br\/2023\/\",\"url\":\"https:\/\/ccpem.org.br\/2023\/\",\"name\":\"13\u00ba Congresso Catarinense e Paranaense de Educa\u00e7\u00e3o M\u00e9dica - 13\u00b0 CCPEM | Congresso Catarinense e Paranaense de Educa\u00e7\u00e3o M\u00e9dica\",\"isPartOf\":{\"@id\":\"https:\/\/ccpem.org.br\/2023\/#website\"},\"datePublished\":\"2016-03-31T14:21:06+00:00\",\"dateModified\":\"2023-05-22T23:04:32+00:00\",\"breadcrumb\":{\"@id\":\"https:\/\/ccpem.org.br\/2023\/#breadcrumb\"},\"inLanguage\":\"pt-BR\",\"potentialAction\":[{\"@type\":\"ReadAction\",\"target\":[\"https:\/\/ccpem.org.br\/2023\/\"]}]},{\"@type\":\"BreadcrumbList\",\"@id\":\"https:\/\/ccpem.org.br\/2023\/#breadcrumb\",\"itemListElement\":[{\"@type\":\"ListItem\",\"position\":1,\"name\":\"In\u00edcio\",\"item\":\"https:\/\/ccpem.org.br\/2023\/\"},{\"@type\":\"ListItem\",\"position\":2,\"name\":\"13\u00ba Congresso Catarinensee Paranaense de Educa\u00e7\u00e3o M\u00e9dica\"}]},{\"@type\":\"WebSite\",\"@id\":\"https:\/\/ccpem.org.br\/2023\/#website\",\"url\":\"https:\/\/ccpem.org.br\/2023\/\",\"name\":\"13\u00b0 CCPEM | Congresso Catarinense e Paranaense de Educa\u00e7\u00e3o M\u00e9dica\",\"description\":\"Educandos e educadores unidos e comprometidos com o mesmo objetivo\",\"potentialAction\":[{\"@type\":\"SearchAction\",\"target\":{\"@type\":\"EntryPoint\",\"urlTemplate\":\"https:\/\/ccpem.org.br\/2023\/?s={search_term_string}\"},\"query-input\":\"required name=search_term_string\"}],\"inLanguage\":\"pt-BR\"}]}<\/script>\n<!-- \/ Yoast SEO plugin. -->","yoast_head_json":{"title":"13\u00ba Congresso Catarinensee Paranaense de Educa\u00e7\u00e3o M\u00e9dica - 13\u00b0 CCPEM | Congresso Catarinense e Paranaense de Educa\u00e7\u00e3o M\u00e9dica","robots":{"index":"index","follow":"follow","max-snippet":"max-snippet:-1","max-image-preview":"max-image-preview:large","max-video-preview":"max-video-preview:-1"},"canonical":"https:\/\/ccpem.org.br\/2023\/","og_locale":"pt_BR","og_type":"article","og_title":"13\u00ba Congresso Catarinensee Paranaense de Educa\u00e7\u00e3o M\u00e9dica - 13\u00b0 CCPEM | Congresso Catarinense e Paranaense de Educa\u00e7\u00e3o M\u00e9dica","og_description":"MURAL DE NOT\u00cdCIAS &nbsp; Os certificados de participa\u00e7\u00e3o e apresenta\u00e7\u00e3o de trabalhos do 13\u00ba CCPEM est\u00e3o dispon\u00edveis para download, no Painel do Congressista, no menu: Certificados. &nbsp; &nbsp; Seja bem-vindo! &nbsp; A Regional Sul 2 da Associa\u00e7\u00e3o Brasileira de Educa\u00e7\u00e3o M\u00e9dica convida voc\u00ea a participar do XIII Congresso Catarinense e Paranaense de Educa\u00e7\u00e3o M\u00e9dica, que... Ver artigo","og_url":"https:\/\/ccpem.org.br\/2023\/","og_site_name":"13\u00b0 CCPEM | Congresso Catarinense e Paranaense de Educa\u00e7\u00e3o M\u00e9dica","article_modified_time":"2023-05-22T23:04:32+00:00","og_image":[{"width":1280,"height":905,"url":"https:\/\/ccpem.org.br\/2023\/wp-content\/uploads\/2023\/02\/Conceito-Visual-CCPEM-2023_site.jpg","type":"image\/jpeg"}],"twitter_card":"summary_large_image","twitter_image":"https:\/\/ccpem.org.br\/2023\/wp-content\/uploads\/2023\/02\/Conceito-Visual-CCPEM-2023_site.jpg","twitter_misc":{"Est. tempo de leitura":"4 minutos"},"schema":{"@context":"https:\/\/schema.org","@graph":[{"@type":"WebPage","@id":"https:\/\/ccpem.org.br\/2023\/","url":"https:\/\/ccpem.org.br\/2023\/","name":"13\u00ba Congresso Catarinense e Paranaense de Educa\u00e7\u00e3o M\u00e9dica - 13\u00b0 CCPEM | Congresso Catarinense e Paranaense de Educa\u00e7\u00e3o M\u00e9dica","isPartOf":{"@id":"https:\/\/ccpem.org.br\/2023\/#website"},"datePublished":"2016-03-31T14:21:06+00:00","dateModified":"2023-05-22T23:04:32+00:00","breadcrumb":{"@id":"https:\/\/ccpem.org.br\/2023\/#breadcrumb"},"inLanguage":"pt-BR","potentialAction":[{"@type":"ReadAction","target":["https:\/\/ccpem.org.br\/2023\/"]}]},{"@type":"BreadcrumbList","@id":"https:\/\/ccpem.org.br\/2023\/#breadcrumb","itemListElement":[{"@type":"ListItem","position":1,"name":"In\u00edcio","item":"https:\/\/ccpem.org.br\/2023\/"},{"@type":"ListItem","position":2,"name":"13\u00ba Congresso Catarinensee Paranaense de Educa\u00e7\u00e3o M\u00e9dica"}]},{"@type":"WebSite","@id":"https:\/\/ccpem.org.br\/2023\/#website","url":"https:\/\/ccpem.org.br\/2023\/","name":"13\u00b0 CCPEM | Congresso Catarinense e Paranaense de Educa\u00e7\u00e3o M\u00e9dica","description":"Educandos e educadores unidos e comprometidos com o mesmo objetivo","potentialAction":[{"@type":"SearchAction","target":{"@type":"EntryPoint","urlTemplate":"https:\/\/ccpem.org.br\/2023\/?s={search_term_string}"},"query-input":"required name=search_term_string"}],"inLanguage":"pt-BR"}]}},"_links":{"self":[{"href":"https:\/\/ccpem.org.br\/2023\/wp-json\/wp\/v2\/pages\/135"}],"collection":[{"href":"https:\/\/ccpem.org.br\/2023\/wp-json\/wp\/v2\/pages"}],"about":[{"href":"https:\/\/ccpem.org.br\/2023\/wp-json\/wp\/v2\/types\/page"}],"author":[{"embeddable":true,"href":"https:\/\/ccpem.org.br\/2023\/wp-json\/wp\/v2\/users\/2"}],"replies":[{"embeddable":true,"href":"https:\/\/ccpem.org.br\/2023\/wp-json\/wp\/v2\/comments?post=135"}],"version-history":[{"count":10,"href":"https:\/\/ccpem.org.br\/2023\/wp-json\/wp\/v2\/pages\/135\/revisions"}],"predecessor-version":[{"id":3848,"href":"https:\/\/ccpem.org.br\/2023\/wp-json\/wp\/v2\/pages\/135\/revisions\/3848"}],"wp:featuredmedia":[{"embeddable":true,"href":"https:\/\/ccpem.org.br\/2023\/wp-json\/wp\/v2\/media\/3540"}],"wp:attachment":[{"href":"https:\/\/ccpem.org.br\/2023\/wp-json\/wp\/v2\/media?parent=135"}],"curies":[{"name":"wp","href":"https:\/\/api.w.org\/{rel}","templated":true}]}}